{"id":9318,"date":"2024-10-20T15:12:50","date_gmt":"2024-10-20T19:12:50","guid":{"rendered":"https:\/\/icardio.ca\/nicolas-noiseux-md-frcpc\/"},"modified":"2025-05-11T14:49:03","modified_gmt":"2025-05-11T18:49:03","slug":"nicolas-noiseux-md-frcpc","status":"publish","type":"page","link":"https:\/\/icardio.ca\/es\/nicolas-noiseux-md-frcpc\/","title":{"rendered":"Nicolas Noiseux, MD, FRCP(C)"},"content":{"rendered":"\t\t<div data-elementor-type=\"wp-page\" data-elementor-id=\"9318\" class=\"elementor elementor-9318 elementor-9299\" data-elementor-post-type=\"page\">\n\t\t\t\t\t\t<section class=\"elementor-section elementor-top-section elementor-element elementor-element-875a25b elementor-section-boxed elementor-section-height-default elementor-section-height-default\" data-id=\"875a25b\" data-element_type=\"section\" data-settings=\"{&quot;background_background&quot;:&quot;classic&quot;,&quot;ekit_has_onepagescroll_dot&quot;:&quot;yes&quot;}\">\n\t\t\t\t\t\t\t<div class=\"elementor-background-overlay\"><\/div>\n\t\t\t\t\t\t\t<div class=\"elementor-container elementor-column-gap-default\">\n\t\t\t\t\t<div class=\"elementor-column elementor-col-100 elementor-top-column elementor-element elementor-element-108311f\" data-id=\"108311f\" data-element_type=\"column\" data-settings=\"{&quot;background_background&quot;:&quot;classic&quot;}\">\n\t\t\t<div class=\"elementor-widget-wrap elementor-element-populated\">\n\t\t\t\t\t\t<div class=\"elementor-element elementor-element-ec82eaf elementor-widget elementor-widget-heading\" data-id=\"ec82eaf\" data-element_type=\"widget\" data-settings=\"{&quot;ekit_we_effect_on&quot;:&quot;none&quot;}\" data-widget_type=\"heading.default\">\n\t\t\t\t<div class=\"elementor-widget-container\">\n\t\t\t\t\t<h1 class=\"elementor-heading-title elementor-size-default\">Nicolas Noiseux, MD, FRCP(C)<\/h1>\t\t\t\t<\/div>\n\t\t\t\t<\/div>\n\t\t\t\t<div class=\"elementor-element elementor-element-52a4955 elementor-widget elementor-widget-elementskit-breadcrumb\" data-id=\"52a4955\" data-element_type=\"widget\" data-settings=\"{&quot;ekit_we_effect_on&quot;:&quot;none&quot;}\" data-widget_type=\"elementskit-breadcrumb.default\">\n\t\t\t\t<div class=\"elementor-widget-container\">\n\t\t\t\t\t<div class=\"ekit-wid-con\" ><ol class=\"ekit-breadcrumb\"><li class=\"ekit_breadcrumbs_start\"><a href=\"https:\/\/icardio.ca\/es\/\">Bienvenido<\/a><\/li> <li class=\"brd_sep\"> &raquo; <\/li>  <li>Nicolas Noiseux, MD, FRCP(C)<\/li><\/ol><\/div>\t\t\t\t<\/div>\n\t\t\t\t<\/div>\n\t\t\t\t\t<\/div>\n\t\t<\/div>\n\t\t\t\t\t<\/div>\n\t\t<\/section>\n\t\t\t\t<section class=\"elementor-section elementor-top-section elementor-element elementor-element-12ee9961 elementor-section-boxed elementor-section-height-default elementor-section-height-default\" data-id=\"12ee9961\" data-element_type=\"section\" data-settings=\"{&quot;ekit_has_onepagescroll_dot&quot;:&quot;yes&quot;}\">\n\t\t\t\t\t\t<div class=\"elementor-container elementor-column-gap-default\">\n\t\t\t\t\t<div class=\"elementor-column elementor-col-66 elementor-top-column elementor-element elementor-element-41f0e84b\" data-id=\"41f0e84b\" data-element_type=\"column\" data-settings=\"{&quot;background_background&quot;:&quot;classic&quot;}\">\n\t\t\t<div class=\"elementor-widget-wrap elementor-element-populated\">\n\t\t\t\t\t<div class=\"elementor-background-overlay\"><\/div>\n\t\t\t\t\t\t<div class=\"elementor-element elementor-element-59a97610 elementor-widget elementor-widget-heading\" data-id=\"59a97610\" data-element_type=\"widget\" data-settings=\"{&quot;ekit_we_effect_on&quot;:&quot;none&quot;}\" data-widget_type=\"heading.default\">\n\t\t\t\t<div class=\"elementor-widget-container\">\n\t\t\t\t\t<h4 class=\"elementor-heading-title elementor-size-default\">Acerca de Nicolas Noiseux<\/h4>\t\t\t\t<\/div>\n\t\t\t\t<\/div>\n\t\t\t\t<div class=\"elementor-element elementor-element-16a41f25 elementor-widget elementor-widget-text-editor\" data-id=\"16a41f25\" data-element_type=\"widget\" data-settings=\"{&quot;ekit_we_effect_on&quot;:&quot;none&quot;}\" data-widget_type=\"text-editor.default\">\n\t\t\t\t<div class=\"elementor-widget-container\">\n\t\t\t\t\t\t\t\t\t<p>El Dr. Nicolas Noiseux es un eminente cirujano card\u00edaco en el CHUM (Centre Hospitalier de l&#8217;Universit\u00e9 de Montr\u00e9al), ocupando varios puestos prestigiosos, incluyendo Director del Programa de Perfusi\u00f3n Ex Vivo y Director de Investigaci\u00f3n Cardiovascular en el CHUM. Tambi\u00e9n es Profesor Titular PTG en el Departamento de Cirug\u00eda de la Universidad de Montreal.<\/p><p>Adem\u00e1s de sus responsabilidades acad\u00e9micas y cl\u00ednicas, el Dr. Noiseux ha sido galardonado con el Premio de Cient\u00edfico Cl\u00ednico Senior del Fonds de recherche du Qu\u00e9bec en Sant\u00e9 (FRQS) y fue honrado como Coronel de Kentucky en 2018 por sus contribuciones excepcionales. Tambi\u00e9n desempe\u00f1a roles en el sector privado como Director de Marketing en Targa Biomedical y es Administrador de la Fundaci\u00f3n Mira.<\/p><p>Desde que se convirti\u00f3 en cirujano card\u00edaco en 2002, el Dr. Noiseux ha sido Profesor Titular en la Universidad de Montreal y Director de Investigaci\u00f3n en Cirug\u00eda Cardiovascular en el CHUM. Su formaci\u00f3n diversa incluye un t\u00edtulo en bioqu\u00edmica, una maestr\u00eda en biolog\u00eda molecular y una especializaci\u00f3n en cirug\u00eda card\u00edaca (FRCSC). Complet\u00f3 una beca de investigaci\u00f3n en la Harvard Medical School, centrada en la medicina regenerativa y la terapia celular.<\/p><p>El Dr. Noiseux es reconocido por haber iniciado ensayos cl\u00ednicos pioneros como COMPARE-AMI e IMPACT-CABG, que implican la trasplantaci\u00f3n intracard\u00edaca de c\u00e9lulas madre CD133+ para tratar la insuficiencia card\u00edaca. Tambi\u00e9n es cofundador y Director M\u00e9dico (CMO) de Targa Biomedical.<\/p><p>Sus esfuerzos en la investigaci\u00f3n traslacional han llevado a avances significativos en la trasplantaci\u00f3n de \u00f3rganos, particularmente a trav\u00e9s de su programa de perfusi\u00f3n pulmonar ex vivo, que lanz\u00f3 en 2014 junto con el Dr. Pasquale Ferraro. Hasta la fecha, ha realizado m\u00e1s de 130 intervenciones, aumentando tanto la cantidad como la calidad de los \u00f3rganos disponibles para la trasplantaci\u00f3n.<\/p><p><strong>\u00c1reas de Investigaci\u00f3n<\/strong><\/p><p>El Dr. Noiseux es un experto en medicina regenerativa y terapia celular, con un enfoque particular en el uso de c\u00e9lulas madre para tratar enfermedades cardiovasculares isqu\u00e9micas. Dirige estudios cl\u00ednicos revolucionarios que eval\u00faan los efectos de las c\u00e9lulas madre en la miocardiopat\u00eda isqu\u00e9mica y explora los mecanismos celulares y moleculares subyacentes a estas terapias.<\/p><p>Sus investigaciones tambi\u00e9n se extienden a la perfusi\u00f3n de \u00f3rganos ex vivo (pulmones, h\u00edgado, ri\u00f1ones y coraz\u00f3n), trasplante pulmonar y el preacondicionamiento de c\u00e9lulas madre y \u00f3rganos para mejorar su funci\u00f3n. Adem\u00e1s, trabaja en el desarrollo de mol\u00e9culas destinadas a aumentar el potencial terap\u00e9utico de las c\u00e9lulas madre y tiene un inter\u00e9s particular en la cirug\u00eda de bypass coronario y la cirug\u00eda card\u00edaca compleja.<\/p><p>El Dr. Noiseux ha desarrollado modelos experimentales precl\u00ednicos que imitan diversas enfermedades humanas en animales peque\u00f1os y grandes, avanzando significativamente la investigaci\u00f3n cardiovascular.<\/p><p><strong>\u00c1reas de Especializaci\u00f3n<\/strong><\/p><p>El Dr. Noiseux es ampliamente reconocido en los siguientes campos:<\/p><ul><li>Angiog\u00e9nesis<\/li><li>Biolog\u00eda celular y molecular<\/li><li>C\u00e9lulas madre y medicina regenerativa<\/li><li>Perfusi\u00f3n ex vivo<\/li><li>Terapia celular y gen\u00e9tica<\/li><li>Cirug\u00eda card\u00edaca y trasplante pulmonar<\/li><\/ul><p>Gracias a su vasta experiencia y numerosas contribuciones, el Dr. Noiseux contin\u00faa expandiendo los l\u00edmites de la medicina cardiovascular y regenerativa.<\/p>\t\t\t\t\t\t\t\t<\/div>\n\t\t\t\t<\/div>\n\t\t\t\t\t<\/div>\n\t\t<\/div>\n\t\t\t\t<div class=\"elementor-column elementor-col-33 elementor-top-column elementor-element elementor-element-6f0e12d0\" data-id=\"6f0e12d0\" data-element_type=\"column\">\n\t\t\t<div class=\"elementor-widget-wrap elementor-element-populated\">\n\t\t\t\t\t\t<section class=\"elementor-section elementor-inner-section elementor-element elementor-element-6c4b2b57 elementor-section-boxed elementor-section-height-default elementor-section-height-default\" data-id=\"6c4b2b57\" data-element_type=\"section\" data-settings=\"{&quot;ekit_has_onepagescroll_dot&quot;:&quot;yes&quot;}\">\n\t\t\t\t\t\t<div class=\"elementor-container elementor-column-gap-default\">\n\t\t\t\t\t<div class=\"elementor-column elementor-col-100 elementor-inner-column elementor-element elementor-element-3ec586d2\" data-id=\"3ec586d2\" data-element_type=\"column\" data-settings=\"{&quot;background_background&quot;:&quot;classic&quot;}\">\n\t\t\t<div class=\"elementor-widget-wrap elementor-element-populated\">\n\t\t\t\t\t\t<div class=\"elementor-element elementor-element-64a6199 elementor-widget__width-auto elementor-widget elementor-widget-image\" data-id=\"64a6199\" data-element_type=\"widget\" data-settings=\"{&quot;ekit_we_effect_on&quot;:&quot;none&quot;}\" data-widget_type=\"image.default\">\n\t\t\t\t<div class=\"elementor-widget-container\">\n\t\t\t\t\t\t\t\t\t\t\t\t\t\t\t<img fetchpriority=\"high\" decoding=\"async\" width=\"300\" height=\"300\" src=\"https:\/\/icardio.ca\/wp-content\/uploads\/2024\/10\/Nicolas-Noiseux.jpg\" class=\"attachment-full size-full wp-image-9323\" alt=\"\" srcset=\"https:\/\/icardio.ca\/wp-content\/uploads\/2024\/10\/Nicolas-Noiseux.jpg 300w, https:\/\/icardio.ca\/wp-content\/uploads\/2024\/10\/Nicolas-Noiseux-150x150.jpg 150w\" sizes=\"(max-width: 300px) 100vw, 300px\" \/>\t\t\t\t\t\t\t\t\t\t\t\t\t\t\t<\/div>\n\t\t\t\t<\/div>\n\t\t\t\t\t<\/div>\n\t\t<\/div>\n\t\t\t\t\t<\/div>\n\t\t<\/section>\n\t\t\t\t\t<\/div>\n\t\t<\/div>\n\t\t\t\t\t<\/div>\n\t\t<\/section>\n\t\t\t\t<section class=\"elementor-section elementor-top-section elementor-element elementor-element-55f8f2cd elementor-section-boxed elementor-section-height-default elementor-section-height-default\" data-id=\"55f8f2cd\" data-element_type=\"section\" data-settings=\"{&quot;background_background&quot;:&quot;classic&quot;,&quot;ekit_has_onepagescroll_dot&quot;:&quot;yes&quot;}\">\n\t\t\t\t\t\t\t<div class=\"elementor-background-overlay\"><\/div>\n\t\t\t\t\t\t\t<div class=\"elementor-container elementor-column-gap-default\">\n\t\t\t\t\t<div class=\"elementor-column elementor-col-100 elementor-top-column elementor-element elementor-element-7b713cd7\" data-id=\"7b713cd7\" data-element_type=\"column\">\n\t\t\t<div class=\"elementor-widget-wrap elementor-element-populated\">\n\t\t\t\t\t\t<div class=\"elementor-element elementor-element-d6468f3 elementor-widget elementor-widget-image\" data-id=\"d6468f3\" data-element_type=\"widget\" data-settings=\"{&quot;ekit_we_effect_on&quot;:&quot;none&quot;}\" data-widget_type=\"image.default\">\n\t\t\t\t<div class=\"elementor-widget-container\">\n\t\t\t\t\t\t\t\t\t\t\t\t\t\t\t<img decoding=\"async\" width=\"412\" height=\"145\" src=\"https:\/\/icardio.ca\/wp-content\/uploads\/2024\/02\/logo.png\" class=\"attachment-large size-large wp-image-2520\" alt=\"\" srcset=\"https:\/\/icardio.ca\/wp-content\/uploads\/2024\/02\/logo.png 412w, https:\/\/icardio.ca\/wp-content\/uploads\/2024\/02\/logo-300x106.png 300w\" sizes=\"(max-width: 412px) 100vw, 412px\" \/>\t\t\t\t\t\t\t\t\t\t\t\t\t\t\t<\/div>\n\t\t\t\t<\/div>\n\t\t\t\t<div class=\"elementor-element elementor-element-561b04b5 elementor-widget elementor-widget-heading\" data-id=\"561b04b5\" data-element_type=\"widget\" data-settings=\"{&quot;ekit_we_effect_on&quot;:&quot;none&quot;}\" data-widget_type=\"heading.default\">\n\t\t\t\t<div class=\"elementor-widget-container\">\n\t\t\t\t\t<h2 class=\"elementor-heading-title elementor-size-default\"><a href=\"https:\/\/icardio.ca\/es\/contacto\/\">\u00bfDeseas contactar a uno de nuestros colaboradores?<\/a><\/h2>\t\t\t\t<\/div>\n\t\t\t\t<\/div>\n\t\t\t\t<div class=\"elementor-element elementor-element-1a7113bb elementor-align-center elementor-widget elementor-widget-button\" data-id=\"1a7113bb\" data-element_type=\"widget\" data-settings=\"{&quot;ekit_we_effect_on&quot;:&quot;none&quot;}\" data-widget_type=\"button.default\">\n\t\t\t\t<div class=\"elementor-widget-container\">\n\t\t\t\t\t\t\t\t\t<div class=\"elementor-button-wrapper\">\n\t\t\t\t\t<a class=\"elementor-button elementor-button-link elementor-size-md\" href=\"https:\/\/icardio.ca\/es\/contacto\/\">\n\t\t\t\t\t\t<span class=\"elementor-button-content-wrapper\">\n\t\t\t\t\t\t\t\t\t<span class=\"elementor-button-text\">Cont\u00e1ctenos<\/span>\n\t\t\t\t\t<\/span>\n\t\t\t\t\t<\/a>\n\t\t\t\t<\/div>\n\t\t\t\t\t\t\t\t<\/div>\n\t\t\t\t<\/div>\n\t\t\t\t\t<\/div>\n\t\t<\/div>\n\t\t\t\t\t<\/div>\n\t\t<\/section>\n\t\t\t\t<\/div>\n\t\t","protected":false},"excerpt":{"rendered":"<p>Accueil Acerca de Nicolas Noiseux El Dr. Nicolas Noiseux es un eminente cirujano card\u00edaco en el CHUM (Centre Hospitalier de l&#8217;Universit\u00e9 de Montr\u00e9al), ocupando varios puestos prestigiosos, incluyendo Director del Programa de Perfusi\u00f3n Ex Vivo y Director de Investigaci\u00f3n Cardiovascular en el CHUM. Tambi\u00e9n es Profesor Titular PTG en el Departamento de Cirug\u00eda de la [&hellip;]<\/p>\n","protected":false},"author":4,"featured_media":9323,"parent":0,"menu_order":0,"comment_status":"closed","ping_status":"closed","template":"elementor_header_footer","meta":{"footnotes":""},"class_list":["post-9318","page","type-page","status-publish","has-post-thumbnail","hentry"],"_links":{"self":[{"href":"https:\/\/icardio.ca\/es\/wp-json\/wp\/v2\/pages\/9318","targetHints":{"allow":["GET"]}}],"collection":[{"href":"https:\/\/icardio.ca\/es\/wp-json\/wp\/v2\/pages"}],"about":[{"href":"https:\/\/icardio.ca\/es\/wp-json\/wp\/v2\/types\/page"}],"author":[{"embeddable":true,"href":"https:\/\/icardio.ca\/es\/wp-json\/wp\/v2\/users\/4"}],"replies":[{"embeddable":true,"href":"https:\/\/icardio.ca\/es\/wp-json\/wp\/v2\/comments?post=9318"}],"version-history":[{"count":4,"href":"https:\/\/icardio.ca\/es\/wp-json\/wp\/v2\/pages\/9318\/revisions"}],"predecessor-version":[{"id":9322,"href":"https:\/\/icardio.ca\/es\/wp-json\/wp\/v2\/pages\/9318\/revisions\/9322"}],"wp:featuredmedia":[{"embeddable":true,"href":"https:\/\/icardio.ca\/es\/wp-json\/wp\/v2\/media\/9323"}],"wp:attachment":[{"href":"https:\/\/icardio.ca\/es\/wp-json\/wp\/v2\/media?parent=9318"}],"curies":[{"name":"wp","href":"https:\/\/api.w.org\/{rel}","templated":true}]}}