{"id":6939,"date":"2024-05-07T20:32:28","date_gmt":"2024-05-08T00:32:28","guid":{"rendered":"https:\/\/icardio.ca\/jean-lucien-rouleau-md\/"},"modified":"2024-05-07T20:38:56","modified_gmt":"2024-05-08T00:38:56","slug":"jean-lucien-rouleau-md","status":"publish","type":"page","link":"https:\/\/icardio.ca\/es\/jean-lucien-rouleau-md\/","title":{"rendered":"Jean-Lucien Rouleau, MD"},"content":{"rendered":"\t\t<div data-elementor-type=\"wp-page\" data-elementor-id=\"6939\" class=\"elementor elementor-6939 elementor-6927\" data-elementor-post-type=\"page\">\n\t\t\t\t\t\t<section class=\"elementor-section elementor-top-section elementor-element elementor-element-875a25b elementor-section-boxed elementor-section-height-default elementor-section-height-default\" data-id=\"875a25b\" data-element_type=\"section\" data-settings=\"{&quot;background_background&quot;:&quot;classic&quot;,&quot;ekit_has_onepagescroll_dot&quot;:&quot;yes&quot;}\">\n\t\t\t\t\t\t\t<div class=\"elementor-background-overlay\"><\/div>\n\t\t\t\t\t\t\t<div class=\"elementor-container elementor-column-gap-default\">\n\t\t\t\t\t<div class=\"elementor-column elementor-col-100 elementor-top-column elementor-element elementor-element-108311f\" data-id=\"108311f\" data-element_type=\"column\" data-settings=\"{&quot;background_background&quot;:&quot;classic&quot;}\">\n\t\t\t<div class=\"elementor-widget-wrap elementor-element-populated\">\n\t\t\t\t\t\t<div class=\"elementor-element elementor-element-ec82eaf elementor-widget elementor-widget-heading\" data-id=\"ec82eaf\" data-element_type=\"widget\" data-settings=\"{&quot;ekit_we_effect_on&quot;:&quot;none&quot;}\" data-widget_type=\"heading.default\">\n\t\t\t\t<div class=\"elementor-widget-container\">\n\t\t\t\t\t<h1 class=\"elementor-heading-title elementor-size-default\">Jean-Lucien Rouleau, MD<\/h1>\t\t\t\t<\/div>\n\t\t\t\t<\/div>\n\t\t\t\t<div class=\"elementor-element elementor-element-52a4955 elementor-widget elementor-widget-elementskit-breadcrumb\" data-id=\"52a4955\" data-element_type=\"widget\" data-settings=\"{&quot;ekit_we_effect_on&quot;:&quot;none&quot;}\" data-widget_type=\"elementskit-breadcrumb.default\">\n\t\t\t\t<div class=\"elementor-widget-container\">\n\t\t\t\t\t<div class=\"ekit-wid-con\" ><ol class=\"ekit-breadcrumb\"><li class=\"ekit_breadcrumbs_start\"><a href=\"https:\/\/icardio.ca\/es\/\">Bienvenido<\/a><\/li> <li class=\"brd_sep\"> &raquo; <\/li>  <li>Jean-Lucien Rouleau, MD<\/li><\/ol><\/div>\t\t\t\t<\/div>\n\t\t\t\t<\/div>\n\t\t\t\t\t<\/div>\n\t\t<\/div>\n\t\t\t\t\t<\/div>\n\t\t<\/section>\n\t\t\t\t<section class=\"elementor-section elementor-top-section elementor-element elementor-element-12ee9961 elementor-section-boxed elementor-section-height-default elementor-section-height-default\" data-id=\"12ee9961\" data-element_type=\"section\" data-settings=\"{&quot;ekit_has_onepagescroll_dot&quot;:&quot;yes&quot;}\">\n\t\t\t\t\t\t<div class=\"elementor-container elementor-column-gap-default\">\n\t\t\t\t\t<div class=\"elementor-column elementor-col-66 elementor-top-column elementor-element elementor-element-41f0e84b\" data-id=\"41f0e84b\" data-element_type=\"column\" data-settings=\"{&quot;background_background&quot;:&quot;classic&quot;}\">\n\t\t\t<div class=\"elementor-widget-wrap elementor-element-populated\">\n\t\t\t\t\t<div class=\"elementor-background-overlay\"><\/div>\n\t\t\t\t\t\t<div class=\"elementor-element elementor-element-59a97610 elementor-widget elementor-widget-heading\" data-id=\"59a97610\" data-element_type=\"widget\" data-settings=\"{&quot;ekit_we_effect_on&quot;:&quot;none&quot;}\" data-widget_type=\"heading.default\">\n\t\t\t\t<div class=\"elementor-widget-container\">\n\t\t\t\t\t<h4 class=\"elementor-heading-title elementor-size-default\">Acerca de Jean-Lucien Rouleau<\/h4>\t\t\t\t<\/div>\n\t\t\t\t<\/div>\n\t\t\t\t<div class=\"elementor-element elementor-element-16a41f25 elementor-widget elementor-widget-text-editor\" data-id=\"16a41f25\" data-element_type=\"widget\" data-settings=\"{&quot;ekit_we_effect_on&quot;:&quot;none&quot;}\" data-widget_type=\"text-editor.default\">\n\t\t\t\t<div class=\"elementor-widget-container\">\n\t\t\t\t\t\t\t\t\t<p>El Dr. Jean-Lucien Rouleau, eminente cardi\u00f3logo e investigador de renombre mundial, encarna la excelencia m\u00e9dica y el compromiso con la innovaci\u00f3n en la atenci\u00f3n m\u00e9dica. Graduado en medicina por la Universidad de Ottawa, profundiz\u00f3 su experiencia a trav\u00e9s de una formaci\u00f3n cl\u00ednica en la Universidad McGill y una formaci\u00f3n postdoctoral en investigaci\u00f3n en San Francisco, sentando as\u00ed las bases de su carrera m\u00e9dica.<\/p><p>Su trayectoria profesional ilustra un dedicado compromiso con la ense\u00f1anza, la investigaci\u00f3n y la atenci\u00f3n cl\u00ednica de vanguardia. Como profesor en la Universidad de Toronto y destacado director del programa cardiovascular y servicios de cardiolog\u00eda de la Red de Salud Universitaria de Toronto (UHN) y del Hospital Mount Sina\u00ed, el Dr. Rouleau ha moldeado el panorama de la medicina cardiovascular en Canad\u00e1 y m\u00e1s all\u00e1. Su influencia se extiende a trav\u00e9s de varios hospitales universitarios, donde ha adquirido un profundo entendimiento de los desaf\u00edos y oportunidades en ense\u00f1anza, investigaci\u00f3n y atenci\u00f3n m\u00e9dica.<\/p><p>M\u00e1s all\u00e1 de su rol como docente, el Dr. Rouleau se ha destacado por sus excepcionales contribuciones a la investigaci\u00f3n biom\u00e9dica. Sus innovadores trabajos en el campo de la cardiolog\u00eda, centrados en la insuficiencia card\u00edaca, el post-infarto, el remodelado ventricular, las neurohormonas, las intervenciones terap\u00e9uticas y la funci\u00f3n ventricular, han redefinido los est\u00e1ndares de la pr\u00e1ctica cl\u00ednica y han abierto nuevas perspectivas para el tratamiento de las enfermedades cardiovasculares.<\/p><p>Su impresionante lista de publicaciones, que incluye m\u00e1s de 400 art\u00edculos, 305 res\u00famenes y 7 cap\u00edtulos de libro, testifica su inquebrantable compromiso con el avance del conocimiento m\u00e9dico y su duradera influencia en el campo de la investigaci\u00f3n biom\u00e9dica.<\/p><p>Actualmente, el Dr. Jean L. Rouleau ejerce la cardiolog\u00eda en el Instituto de Cardiolog\u00eda de Montreal, continuando as\u00ed brindando atenci\u00f3n de calidad y promoviendo la innovaci\u00f3n en su campo. Su compromiso con la integraci\u00f3n del paciente en la atenci\u00f3n m\u00e9dica, fomentando el concepto de \u00abpaciente colaborador\u00bb, demuestra su visi\u00f3n humanista y su voluntad de colocar las necesidades y experiencias de los pacientes en el centro de las decisiones m\u00e9dicas.<\/p><p>En reconocimiento a sus destacados logros, el Dr. Rouleau ha recibido numerosos premios prestigiosos, incluyendo la Medalla del Centenario de Canad\u00e1, la Beca de M\u00e9rito Excepcional otorgada por el Fondo de Investigaci\u00f3n en Salud de Quebec, el Premio Henry Friesen de Canad\u00e1, el Premio de Excelencia en Investigaci\u00f3n de la Sociedad Canadiense de Cardiolog\u00eda, as\u00ed como el notable honor de ser incluido en el Sal\u00f3n de la Fama M\u00e9dica de Canad\u00e1 y ser nombrado Caballero de la Orden de Montreal.<\/p><p>Su inquebrantable compromiso con el avance de la medicina y su impacto positivo en la salud y el bienestar de los pacientes hacen del Dr. Jean-Lucien Rouleau una figura destacada e inspiradora en el campo de la cardiolog\u00eda y la investigaci\u00f3n m\u00e9dica.<\/p>\t\t\t\t\t\t\t\t<\/div>\n\t\t\t\t<\/div>\n\t\t\t\t\t<\/div>\n\t\t<\/div>\n\t\t\t\t<div class=\"elementor-column elementor-col-33 elementor-top-column elementor-element elementor-element-6f0e12d0\" data-id=\"6f0e12d0\" data-element_type=\"column\">\n\t\t\t<div class=\"elementor-widget-wrap elementor-element-populated\">\n\t\t\t\t\t\t<section class=\"elementor-section elementor-inner-section elementor-element elementor-element-6c4b2b57 elementor-section-boxed elementor-section-height-default elementor-section-height-default\" data-id=\"6c4b2b57\" data-element_type=\"section\" data-settings=\"{&quot;ekit_has_onepagescroll_dot&quot;:&quot;yes&quot;}\">\n\t\t\t\t\t\t<div class=\"elementor-container elementor-column-gap-default\">\n\t\t\t\t\t<div class=\"elementor-column elementor-col-100 elementor-inner-column elementor-element elementor-element-3ec586d2\" data-id=\"3ec586d2\" data-element_type=\"column\" data-settings=\"{&quot;background_background&quot;:&quot;classic&quot;}\">\n\t\t\t<div class=\"elementor-widget-wrap elementor-element-populated\">\n\t\t\t\t\t\t<div class=\"elementor-element elementor-element-64a6199 elementor-widget__width-auto elementor-widget elementor-widget-image\" data-id=\"64a6199\" data-element_type=\"widget\" data-settings=\"{&quot;ekit_we_effect_on&quot;:&quot;none&quot;}\" data-widget_type=\"image.default\">\n\t\t\t\t<div class=\"elementor-widget-container\">\n\t\t\t\t\t\t\t\t\t\t\t\t\t\t\t<img fetchpriority=\"high\" decoding=\"async\" width=\"1200\" height=\"1807\" src=\"https:\/\/icardio.ca\/wp-content\/uploads\/2024\/05\/jlRouleau_.jpg\" class=\"attachment-full size-full wp-image-6940\" alt=\"\" srcset=\"https:\/\/icardio.ca\/wp-content\/uploads\/2024\/05\/jlRouleau_.jpg 1200w, https:\/\/icardio.ca\/wp-content\/uploads\/2024\/05\/jlRouleau_-199x300.jpg 199w, https:\/\/icardio.ca\/wp-content\/uploads\/2024\/05\/jlRouleau_-680x1024.jpg 680w, https:\/\/icardio.ca\/wp-content\/uploads\/2024\/05\/jlRouleau_-768x1156.jpg 768w, https:\/\/icardio.ca\/wp-content\/uploads\/2024\/05\/jlRouleau_-1020x1536.jpg 1020w\" sizes=\"(max-width: 1200px) 100vw, 1200px\" \/>\t\t\t\t\t\t\t\t\t\t\t\t\t\t\t<\/div>\n\t\t\t\t<\/div>\n\t\t\t\t\t<\/div>\n\t\t<\/div>\n\t\t\t\t\t<\/div>\n\t\t<\/section>\n\t\t\t\t\t<\/div>\n\t\t<\/div>\n\t\t\t\t\t<\/div>\n\t\t<\/section>\n\t\t\t\t<section class=\"elementor-section elementor-top-section elementor-element elementor-element-55f8f2cd elementor-section-boxed elementor-section-height-default elementor-section-height-default\" data-id=\"55f8f2cd\" data-element_type=\"section\" data-settings=\"{&quot;background_background&quot;:&quot;classic&quot;,&quot;ekit_has_onepagescroll_dot&quot;:&quot;yes&quot;}\">\n\t\t\t\t\t\t\t<div class=\"elementor-background-overlay\"><\/div>\n\t\t\t\t\t\t\t<div class=\"elementor-container elementor-column-gap-default\">\n\t\t\t\t\t<div class=\"elementor-column elementor-col-100 elementor-top-column elementor-element elementor-element-7b713cd7\" data-id=\"7b713cd7\" data-element_type=\"column\">\n\t\t\t<div class=\"elementor-widget-wrap elementor-element-populated\">\n\t\t\t\t\t\t<div class=\"elementor-element elementor-element-d6468f3 elementor-widget elementor-widget-image\" data-id=\"d6468f3\" data-element_type=\"widget\" data-settings=\"{&quot;ekit_we_effect_on&quot;:&quot;none&quot;}\" data-widget_type=\"image.default\">\n\t\t\t\t<div class=\"elementor-widget-container\">\n\t\t\t\t\t\t\t\t\t\t\t\t\t\t\t<img decoding=\"async\" width=\"412\" height=\"145\" src=\"https:\/\/icardio.ca\/wp-content\/uploads\/2024\/02\/logo.png\" class=\"attachment-large size-large wp-image-2520\" alt=\"\" srcset=\"https:\/\/icardio.ca\/wp-content\/uploads\/2024\/02\/logo.png 412w, https:\/\/icardio.ca\/wp-content\/uploads\/2024\/02\/logo-300x106.png 300w\" sizes=\"(max-width: 412px) 100vw, 412px\" \/>\t\t\t\t\t\t\t\t\t\t\t\t\t\t\t<\/div>\n\t\t\t\t<\/div>\n\t\t\t\t<div class=\"elementor-element elementor-element-561b04b5 elementor-widget elementor-widget-heading\" data-id=\"561b04b5\" data-element_type=\"widget\" data-settings=\"{&quot;ekit_we_effect_on&quot;:&quot;none&quot;}\" data-widget_type=\"heading.default\">\n\t\t\t\t<div class=\"elementor-widget-container\">\n\t\t\t\t\t<h2 class=\"elementor-heading-title elementor-size-default\"><a href=\"https:\/\/icardio.ca\/es\/contacto\/\">\u00bfDeseas contactar a uno de nuestros colaboradores?<\/a><\/h2>\t\t\t\t<\/div>\n\t\t\t\t<\/div>\n\t\t\t\t<div class=\"elementor-element elementor-element-1a7113bb elementor-align-center elementor-widget elementor-widget-button\" data-id=\"1a7113bb\" data-element_type=\"widget\" data-settings=\"{&quot;ekit_we_effect_on&quot;:&quot;none&quot;}\" data-widget_type=\"button.default\">\n\t\t\t\t<div class=\"elementor-widget-container\">\n\t\t\t\t\t\t\t\t\t<div class=\"elementor-button-wrapper\">\n\t\t\t\t\t<a class=\"elementor-button elementor-button-link elementor-size-md\" href=\"https:\/\/icardio.ca\/es\/contacto\/\">\n\t\t\t\t\t\t<span class=\"elementor-button-content-wrapper\">\n\t\t\t\t\t\t\t\t\t<span class=\"elementor-button-text\">Cont\u00e1ctenos<\/span>\n\t\t\t\t\t<\/span>\n\t\t\t\t\t<\/a>\n\t\t\t\t<\/div>\n\t\t\t\t\t\t\t\t<\/div>\n\t\t\t\t<\/div>\n\t\t\t\t\t<\/div>\n\t\t<\/div>\n\t\t\t\t\t<\/div>\n\t\t<\/section>\n\t\t\t\t<\/div>\n\t\t","protected":false},"excerpt":{"rendered":"<p>Accueil Acerca de Jean-Lucien Rouleau El Dr. Jean-Lucien Rouleau, eminente cardi\u00f3logo e investigador de renombre mundial, encarna la excelencia m\u00e9dica y el compromiso con la innovaci\u00f3n en la atenci\u00f3n m\u00e9dica. Graduado en medicina por la Universidad de Ottawa, profundiz\u00f3 su experiencia a trav\u00e9s de una formaci\u00f3n cl\u00ednica en la Universidad McGill y una formaci\u00f3n postdoctoral [&hellip;]<\/p>\n","protected":false},"author":4,"featured_media":6940,"parent":0,"menu_order":0,"comment_status":"closed","ping_status":"closed","template":"elementor_header_footer","meta":{"footnotes":""},"class_list":["post-6939","page","type-page","status-publish","has-post-thumbnail","hentry"],"_links":{"self":[{"href":"https:\/\/icardio.ca\/es\/wp-json\/wp\/v2\/pages\/6939","targetHints":{"allow":["GET"]}}],"collection":[{"href":"https:\/\/icardio.ca\/es\/wp-json\/wp\/v2\/pages"}],"about":[{"href":"https:\/\/icardio.ca\/es\/wp-json\/wp\/v2\/types\/page"}],"author":[{"embeddable":true,"href":"https:\/\/icardio.ca\/es\/wp-json\/wp\/v2\/users\/4"}],"replies":[{"embeddable":true,"href":"https:\/\/icardio.ca\/es\/wp-json\/wp\/v2\/comments?post=6939"}],"version-history":[{"count":4,"href":"https:\/\/icardio.ca\/es\/wp-json\/wp\/v2\/pages\/6939\/revisions"}],"predecessor-version":[{"id":6944,"href":"https:\/\/icardio.ca\/es\/wp-json\/wp\/v2\/pages\/6939\/revisions\/6944"}],"wp:featuredmedia":[{"embeddable":true,"href":"https:\/\/icardio.ca\/es\/wp-json\/wp\/v2\/media\/6940"}],"wp:attachment":[{"href":"https:\/\/icardio.ca\/es\/wp-json\/wp\/v2\/media?parent=6939"}],"curies":[{"name":"wp","href":"https:\/\/api.w.org\/{rel}","templated":true}]}}