{"id":6903,"date":"2024-05-06T20:20:51","date_gmt":"2024-05-07T00:20:51","guid":{"rendered":"https:\/\/icardio.ca\/dr-donald-palisaitis-md-frcpc\/"},"modified":"2024-05-06T20:32:08","modified_gmt":"2024-05-07T00:32:08","slug":"dr-donald-palisaitis-md-frcpc","status":"publish","type":"page","link":"https:\/\/icardio.ca\/es\/dr-donald-palisaitis-md-frcpc\/","title":{"rendered":"Dr. Donald Palisaitis, MD, FRCP(C)"},"content":{"rendered":"\t\t<div data-elementor-type=\"wp-page\" data-elementor-id=\"6903\" class=\"elementor elementor-6903 elementor-6888\" data-elementor-post-type=\"page\">\n\t\t\t\t\t\t<section class=\"elementor-section elementor-top-section elementor-element elementor-element-875a25b elementor-section-boxed elementor-section-height-default elementor-section-height-default\" data-id=\"875a25b\" data-element_type=\"section\" data-settings=\"{&quot;background_background&quot;:&quot;classic&quot;,&quot;ekit_has_onepagescroll_dot&quot;:&quot;yes&quot;}\">\n\t\t\t\t\t\t\t<div class=\"elementor-background-overlay\"><\/div>\n\t\t\t\t\t\t\t<div class=\"elementor-container elementor-column-gap-default\">\n\t\t\t\t\t<div class=\"elementor-column elementor-col-100 elementor-top-column elementor-element elementor-element-108311f\" data-id=\"108311f\" data-element_type=\"column\" data-settings=\"{&quot;background_background&quot;:&quot;classic&quot;}\">\n\t\t\t<div class=\"elementor-widget-wrap elementor-element-populated\">\n\t\t\t\t\t\t<div class=\"elementor-element elementor-element-ec82eaf elementor-widget elementor-widget-heading\" data-id=\"ec82eaf\" data-element_type=\"widget\" data-settings=\"{&quot;ekit_we_effect_on&quot;:&quot;none&quot;}\" data-widget_type=\"heading.default\">\n\t\t\t\t<div class=\"elementor-widget-container\">\n\t\t\t\t\t<h1 class=\"elementor-heading-title elementor-size-default\">Dr. Donald Palisaitis, MD, FRCP(C)<\/h1>\t\t\t\t<\/div>\n\t\t\t\t<\/div>\n\t\t\t\t<div class=\"elementor-element elementor-element-52a4955 elementor-widget elementor-widget-elementskit-breadcrumb\" data-id=\"52a4955\" data-element_type=\"widget\" data-settings=\"{&quot;ekit_we_effect_on&quot;:&quot;none&quot;}\" data-widget_type=\"elementskit-breadcrumb.default\">\n\t\t\t\t<div class=\"elementor-widget-container\">\n\t\t\t\t\t<div class=\"ekit-wid-con\" ><ol class=\"ekit-breadcrumb\"><li class=\"ekit_breadcrumbs_start\"><a href=\"https:\/\/icardio.ca\/es\/\">Bienvenido<\/a><\/li> <li class=\"brd_sep\"> &raquo; <\/li>  <li>Dr. Donald Palisaitis, MD, FRCP(C)<\/li><\/ol><\/div>\t\t\t\t<\/div>\n\t\t\t\t<\/div>\n\t\t\t\t\t<\/div>\n\t\t<\/div>\n\t\t\t\t\t<\/div>\n\t\t<\/section>\n\t\t\t\t<section class=\"elementor-section elementor-top-section elementor-element elementor-element-12ee9961 elementor-section-boxed elementor-section-height-default elementor-section-height-default\" data-id=\"12ee9961\" data-element_type=\"section\" data-settings=\"{&quot;ekit_has_onepagescroll_dot&quot;:&quot;yes&quot;}\">\n\t\t\t\t\t\t<div class=\"elementor-container elementor-column-gap-default\">\n\t\t\t\t\t<div class=\"elementor-column elementor-col-66 elementor-top-column elementor-element elementor-element-41f0e84b\" data-id=\"41f0e84b\" data-element_type=\"column\" data-settings=\"{&quot;background_background&quot;:&quot;classic&quot;}\">\n\t\t\t<div class=\"elementor-widget-wrap elementor-element-populated\">\n\t\t\t\t\t<div class=\"elementor-background-overlay\"><\/div>\n\t\t\t\t\t\t<div class=\"elementor-element elementor-element-59a97610 elementor-widget elementor-widget-heading\" data-id=\"59a97610\" data-element_type=\"widget\" data-settings=\"{&quot;ekit_we_effect_on&quot;:&quot;none&quot;}\" data-widget_type=\"heading.default\">\n\t\t\t\t<div class=\"elementor-widget-container\">\n\t\t\t\t\t<h4 class=\"elementor-heading-title elementor-size-default\">Acerca de Donald Palisaitis<\/h4>\t\t\t\t<\/div>\n\t\t\t\t<\/div>\n\t\t\t\t<div class=\"elementor-element elementor-element-16a41f25 elementor-widget elementor-widget-text-editor\" data-id=\"16a41f25\" data-element_type=\"widget\" data-settings=\"{&quot;ekit_we_effect_on&quot;:&quot;none&quot;}\" data-widget_type=\"text-editor.default\">\n\t\t\t\t<div class=\"elementor-widget-container\">\n\t\t\t\t\t\t\t\t\t<p><strong>T\u00edtulos y Certificados <\/strong><\/p><p>El Dr. Donald Palisaitis es un destacado cardi\u00f3logo cuya trayectoria acad\u00e9mica y profesional es notable. Obtuvo su t\u00edtulo de medicina en la Universidad de Sherbrooke en 1982, marcando el inicio de una carrera dedicada a la excelencia m\u00e9dica. Su b\u00fasqueda de conocimientos lo llev\u00f3 a obtener una certificaci\u00f3n del Colegio Real y a convertirse en miembro en medicina interna en la Universidad McGill en 1986. Luego profundiz\u00f3 sus habilidades en cardiolog\u00eda en la Universidad de Toronto entre 1986 y 1987, antes de obtener su certificaci\u00f3n del American Board of Internal Medicine ese mismo a\u00f1o. Su compromiso con el avance de la cardiolog\u00eda lo llev\u00f3 luego a completar una formaci\u00f3n posdoctoral en cardiolog\u00eda intervencionista en el Instituto de Cardiolog\u00eda de Montreal, afiliado a la Universidad de Montreal, de 1987 a 1988.<\/p><p><strong>Asignaciones <\/strong><\/p><p>Desde 1988, el Dr. Palisaitis ha ocupado el cargo de Profesor Asociado de Medicina y ha ejercido como cardi\u00f3logo en el Hospital Sacr\u00e9-C\u0153ur de Montr\u00e9al, donde tambi\u00e9n fue director de cuidados coronarios de 1994 a 1996. Su pasi\u00f3n por la ense\u00f1anza tambi\u00e9n lo llev\u00f3 a unirse al cuerpo docente de la facultad de medicina de la Universidad de Montreal en 1988. Luego ocup\u00f3 el cargo de jefe de la divisi\u00f3n de cardiolog\u00eda del Hospital Sacr\u00e9-C\u0153ur de Montr\u00e9al de 2000 a 2006, antes de convertirse en director del programa de formaci\u00f3n en cardiolog\u00eda de adultos en la Universidad de Montreal, posici\u00f3n que ocupa desde 2006. Adem\u00e1s, el Dr. Palisaitis es miembro activo del Comit\u00e9 de Especialidad en Cardiolog\u00eda del Colegio Real de M\u00e9dicos y Cirujanos de Canad\u00e1 desde 2006.<\/p><p><strong>Asociaciones M\u00e9dicas <\/strong><\/p><p>El Dr. Palisaitis est\u00e1 afiliado a varias asociaciones m\u00e9dicas prestigiosas, incluyendo la Asociaci\u00f3n de Cardi\u00f3logos de Quebec, el Colegio de M\u00e9dicos de Quebec, el American Board of Internal Medicine, la Federaci\u00f3n de Especialistas M\u00e9dicos de Quebec, la Sociedad Canadiense de Cardiolog\u00eda, la Sociedad Quebecoise de Insuficiencia Card\u00edaca y la Asociaci\u00f3n Canadiense de Cardiolog\u00eda Intervencionista.<\/p><p><strong>Distinciones, Subvenciones y Premios <\/strong><\/p><p>Su excepcional compromiso con la ense\u00f1anza ha sido reconocido con el Premio a la Excelencia en Ense\u00f1anza del Hospital Sacr\u00e9-C\u0153ur de Montr\u00e9al en 1994, as\u00ed como con el Premio a la Excelencia en Ense\u00f1anza de la facultad de medicina de la Universidad de Montreal.<\/p><p>El Dr. Donald Palisaitis personifica la excelencia m\u00e9dica y el compromiso con el avance de la cardiolog\u00eda, tanto por sus logros acad\u00e9micos como por su contribuci\u00f3n a la pr\u00e1ctica cl\u00ednica y la formaci\u00f3n de las futuras generaciones de m\u00e9dicos.<\/p>\t\t\t\t\t\t\t\t<\/div>\n\t\t\t\t<\/div>\n\t\t\t\t\t<\/div>\n\t\t<\/div>\n\t\t\t\t<div class=\"elementor-column elementor-col-33 elementor-top-column elementor-element elementor-element-6f0e12d0\" data-id=\"6f0e12d0\" data-element_type=\"column\">\n\t\t\t<div class=\"elementor-widget-wrap elementor-element-populated\">\n\t\t\t\t\t\t<section class=\"elementor-section elementor-inner-section elementor-element elementor-element-6c4b2b57 elementor-section-boxed elementor-section-height-default elementor-section-height-default\" data-id=\"6c4b2b57\" data-element_type=\"section\" data-settings=\"{&quot;ekit_has_onepagescroll_dot&quot;:&quot;yes&quot;}\">\n\t\t\t\t\t\t<div class=\"elementor-container elementor-column-gap-default\">\n\t\t\t\t\t<div class=\"elementor-column elementor-col-100 elementor-inner-column elementor-element elementor-element-3ec586d2\" data-id=\"3ec586d2\" data-element_type=\"column\" data-settings=\"{&quot;background_background&quot;:&quot;classic&quot;}\">\n\t\t\t<div class=\"elementor-widget-wrap elementor-element-populated\">\n\t\t\t\t\t\t<div class=\"elementor-element elementor-element-64a6199 elementor-widget__width-auto elementor-widget elementor-widget-image\" data-id=\"64a6199\" data-element_type=\"widget\" data-settings=\"{&quot;ekit_we_effect_on&quot;:&quot;none&quot;}\" data-widget_type=\"image.default\">\n\t\t\t\t<div class=\"elementor-widget-container\">\n\t\t\t\t\t\t\t\t\t\t\t\t\t\t\t<img decoding=\"async\" width=\"200\" height=\"200\" src=\"https:\/\/icardio.ca\/wp-content\/uploads\/2024\/05\/Dr_Pallisatis.jpg\" class=\"attachment-full size-full wp-image-6904\" alt=\"\" srcset=\"https:\/\/icardio.ca\/wp-content\/uploads\/2024\/05\/Dr_Pallisatis.jpg 200w, https:\/\/icardio.ca\/wp-content\/uploads\/2024\/05\/Dr_Pallisatis-150x150.jpg 150w\" sizes=\"(max-width: 200px) 100vw, 200px\" \/>\t\t\t\t\t\t\t\t\t\t\t\t\t\t\t<\/div>\n\t\t\t\t<\/div>\n\t\t\t\t\t<\/div>\n\t\t<\/div>\n\t\t\t\t\t<\/div>\n\t\t<\/section>\n\t\t\t\t\t<\/div>\n\t\t<\/div>\n\t\t\t\t\t<\/div>\n\t\t<\/section>\n\t\t\t\t<section class=\"elementor-section elementor-top-section elementor-element elementor-element-55f8f2cd elementor-section-boxed elementor-section-height-default elementor-section-height-default\" data-id=\"55f8f2cd\" data-element_type=\"section\" data-settings=\"{&quot;background_background&quot;:&quot;classic&quot;,&quot;ekit_has_onepagescroll_dot&quot;:&quot;yes&quot;}\">\n\t\t\t\t\t\t\t<div class=\"elementor-background-overlay\"><\/div>\n\t\t\t\t\t\t\t<div class=\"elementor-container elementor-column-gap-default\">\n\t\t\t\t\t<div class=\"elementor-column elementor-col-100 elementor-top-column elementor-element elementor-element-7b713cd7\" data-id=\"7b713cd7\" data-element_type=\"column\">\n\t\t\t<div class=\"elementor-widget-wrap elementor-element-populated\">\n\t\t\t\t\t\t<div class=\"elementor-element elementor-element-d6468f3 elementor-widget elementor-widget-image\" data-id=\"d6468f3\" data-element_type=\"widget\" data-settings=\"{&quot;ekit_we_effect_on&quot;:&quot;none&quot;}\" data-widget_type=\"image.default\">\n\t\t\t\t<div class=\"elementor-widget-container\">\n\t\t\t\t\t\t\t\t\t\t\t\t\t\t\t<img fetchpriority=\"high\" decoding=\"async\" width=\"412\" height=\"145\" src=\"https:\/\/icardio.ca\/wp-content\/uploads\/2024\/02\/logo.png\" class=\"attachment-large size-large wp-image-2520\" alt=\"\" srcset=\"https:\/\/icardio.ca\/wp-content\/uploads\/2024\/02\/logo.png 412w, https:\/\/icardio.ca\/wp-content\/uploads\/2024\/02\/logo-300x106.png 300w\" sizes=\"(max-width: 412px) 100vw, 412px\" \/>\t\t\t\t\t\t\t\t\t\t\t\t\t\t\t<\/div>\n\t\t\t\t<\/div>\n\t\t\t\t<div class=\"elementor-element elementor-element-561b04b5 elementor-widget elementor-widget-heading\" data-id=\"561b04b5\" data-element_type=\"widget\" data-settings=\"{&quot;ekit_we_effect_on&quot;:&quot;none&quot;}\" data-widget_type=\"heading.default\">\n\t\t\t\t<div class=\"elementor-widget-container\">\n\t\t\t\t\t<h2 class=\"elementor-heading-title elementor-size-default\"><a href=\"https:\/\/icardio.ca\/es\/contacto\/\">\u00bfDeseas contactar a uno de nuestros colaboradores?<\/a><\/h2>\t\t\t\t<\/div>\n\t\t\t\t<\/div>\n\t\t\t\t<div class=\"elementor-element elementor-element-1a7113bb elementor-align-center elementor-widget elementor-widget-button\" data-id=\"1a7113bb\" data-element_type=\"widget\" data-settings=\"{&quot;ekit_we_effect_on&quot;:&quot;none&quot;}\" data-widget_type=\"button.default\">\n\t\t\t\t<div class=\"elementor-widget-container\">\n\t\t\t\t\t\t\t\t\t<div class=\"elementor-button-wrapper\">\n\t\t\t\t\t<a class=\"elementor-button elementor-button-link elementor-size-md\" href=\"https:\/\/icardio.ca\/es\/contacto\/\">\n\t\t\t\t\t\t<span class=\"elementor-button-content-wrapper\">\n\t\t\t\t\t\t\t\t\t<span class=\"elementor-button-text\">Cont\u00e1ctenos<\/span>\n\t\t\t\t\t<\/span>\n\t\t\t\t\t<\/a>\n\t\t\t\t<\/div>\n\t\t\t\t\t\t\t\t<\/div>\n\t\t\t\t<\/div>\n\t\t\t\t\t<\/div>\n\t\t<\/div>\n\t\t\t\t\t<\/div>\n\t\t<\/section>\n\t\t\t\t<\/div>\n\t\t","protected":false},"excerpt":{"rendered":"<p>Accueil Acerca de Donald Palisaitis T\u00edtulos y Certificados El Dr. Donald Palisaitis es un destacado cardi\u00f3logo cuya trayectoria acad\u00e9mica y profesional es notable. Obtuvo su t\u00edtulo de medicina en la Universidad de Sherbrooke en 1982, marcando el inicio de una carrera dedicada a la excelencia m\u00e9dica. Su b\u00fasqueda de conocimientos lo llev\u00f3 a obtener una [&hellip;]<\/p>\n","protected":false},"author":4,"featured_media":6904,"parent":0,"menu_order":0,"comment_status":"closed","ping_status":"closed","template":"elementor_header_footer","meta":{"footnotes":""},"class_list":["post-6903","page","type-page","status-publish","has-post-thumbnail","hentry"],"_links":{"self":[{"href":"https:\/\/icardio.ca\/es\/wp-json\/wp\/v2\/pages\/6903","targetHints":{"allow":["GET"]}}],"collection":[{"href":"https:\/\/icardio.ca\/es\/wp-json\/wp\/v2\/pages"}],"about":[{"href":"https:\/\/icardio.ca\/es\/wp-json\/wp\/v2\/types\/page"}],"author":[{"embeddable":true,"href":"https:\/\/icardio.ca\/es\/wp-json\/wp\/v2\/users\/4"}],"replies":[{"embeddable":true,"href":"https:\/\/icardio.ca\/es\/wp-json\/wp\/v2\/comments?post=6903"}],"version-history":[{"count":4,"href":"https:\/\/icardio.ca\/es\/wp-json\/wp\/v2\/pages\/6903\/revisions"}],"predecessor-version":[{"id":6909,"href":"https:\/\/icardio.ca\/es\/wp-json\/wp\/v2\/pages\/6903\/revisions\/6909"}],"wp:featuredmedia":[{"embeddable":true,"href":"https:\/\/icardio.ca\/es\/wp-json\/wp\/v2\/media\/6904"}],"wp:attachment":[{"href":"https:\/\/icardio.ca\/es\/wp-json\/wp\/v2\/media?parent=6903"}],"curies":[{"name":"wp","href":"https:\/\/api.w.org\/{rel}","templated":true}]}}