{"id":6588,"date":"2024-04-29T20:49:46","date_gmt":"2024-04-30T00:49:46","guid":{"rendered":"https:\/\/icardio.ca\/paul-poirier-md\/"},"modified":"2025-05-11T14:49:53","modified_gmt":"2025-05-11T18:49:53","slug":"paul-poirier-md","status":"publish","type":"page","link":"https:\/\/icardio.ca\/es\/paul-poirier-md\/","title":{"rendered":"Paul Poirier, Md"},"content":{"rendered":"\t\t<div data-elementor-type=\"wp-page\" data-elementor-id=\"6588\" class=\"elementor elementor-6588 elementor-6549\" data-elementor-post-type=\"page\">\n\t\t\t\t\t\t<section class=\"elementor-section elementor-top-section elementor-element elementor-element-875a25b elementor-section-boxed elementor-section-height-default elementor-section-height-default\" data-id=\"875a25b\" data-element_type=\"section\" data-settings=\"{&quot;background_background&quot;:&quot;classic&quot;,&quot;ekit_has_onepagescroll_dot&quot;:&quot;yes&quot;}\">\n\t\t\t\t\t\t\t<div class=\"elementor-background-overlay\"><\/div>\n\t\t\t\t\t\t\t<div class=\"elementor-container elementor-column-gap-default\">\n\t\t\t\t\t<div class=\"elementor-column elementor-col-100 elementor-top-column elementor-element elementor-element-108311f\" data-id=\"108311f\" data-element_type=\"column\" data-settings=\"{&quot;background_background&quot;:&quot;classic&quot;}\">\n\t\t\t<div class=\"elementor-widget-wrap elementor-element-populated\">\n\t\t\t\t\t\t<div class=\"elementor-element elementor-element-ec82eaf elementor-widget elementor-widget-heading\" data-id=\"ec82eaf\" data-element_type=\"widget\" data-settings=\"{&quot;ekit_we_effect_on&quot;:&quot;none&quot;}\" data-widget_type=\"heading.default\">\n\t\t\t\t<div class=\"elementor-widget-container\">\n\t\t\t\t\t<h1 class=\"elementor-heading-title elementor-size-default\">Paul Poirier, Md<\/h1>\t\t\t\t<\/div>\n\t\t\t\t<\/div>\n\t\t\t\t<div class=\"elementor-element elementor-element-52a4955 elementor-widget elementor-widget-elementskit-breadcrumb\" data-id=\"52a4955\" data-element_type=\"widget\" data-settings=\"{&quot;ekit_we_effect_on&quot;:&quot;none&quot;}\" data-widget_type=\"elementskit-breadcrumb.default\">\n\t\t\t\t<div class=\"elementor-widget-container\">\n\t\t\t\t\t<div class=\"ekit-wid-con\" ><ol class=\"ekit-breadcrumb\"><li class=\"ekit_breadcrumbs_start\"><a href=\"https:\/\/icardio.ca\/es\/\">Bienvenido<\/a><\/li> <li class=\"brd_sep\"> &raquo; <\/li>  <li>Paul Poirier, Md<\/li><\/ol><\/div>\t\t\t\t<\/div>\n\t\t\t\t<\/div>\n\t\t\t\t\t<\/div>\n\t\t<\/div>\n\t\t\t\t\t<\/div>\n\t\t<\/section>\n\t\t\t\t<section class=\"elementor-section elementor-top-section elementor-element elementor-element-12ee9961 elementor-section-boxed elementor-section-height-default elementor-section-height-default\" data-id=\"12ee9961\" data-element_type=\"section\" data-settings=\"{&quot;ekit_has_onepagescroll_dot&quot;:&quot;yes&quot;}\">\n\t\t\t\t\t\t<div class=\"elementor-container elementor-column-gap-default\">\n\t\t\t\t\t<div class=\"elementor-column elementor-col-66 elementor-top-column elementor-element elementor-element-41f0e84b\" data-id=\"41f0e84b\" data-element_type=\"column\" data-settings=\"{&quot;background_background&quot;:&quot;classic&quot;}\">\n\t\t\t<div class=\"elementor-widget-wrap elementor-element-populated\">\n\t\t\t\t\t<div class=\"elementor-background-overlay\"><\/div>\n\t\t\t\t\t\t<div class=\"elementor-element elementor-element-59a97610 elementor-widget elementor-widget-heading\" data-id=\"59a97610\" data-element_type=\"widget\" data-settings=\"{&quot;ekit_we_effect_on&quot;:&quot;none&quot;}\" data-widget_type=\"heading.default\">\n\t\t\t\t<div class=\"elementor-widget-container\">\n\t\t\t\t\t<h4 class=\"elementor-heading-title elementor-size-default\">Acerca de Paul Poirier<\/h4>\t\t\t\t<\/div>\n\t\t\t\t<\/div>\n\t\t\t\t<div class=\"elementor-element elementor-element-16a41f25 elementor-widget elementor-widget-text-editor\" data-id=\"16a41f25\" data-element_type=\"widget\" data-settings=\"{&quot;ekit_we_effect_on&quot;:&quot;none&quot;}\" data-widget_type=\"text-editor.default\">\n\t\t\t\t<div class=\"elementor-widget-container\">\n\t\t\t\t\t\t\t\t\t<p>El Dr. Poirier es profesor titular en la Facultad de Farmacia de la Universidad Laval, donde desempe\u00f1a un papel fundamental en la formaci\u00f3n de estudiantes en investigaci\u00f3n, as\u00ed como en la ense\u00f1anza impartida a estudiantes y residentes.<\/p>\n<p>Cardi\u00f3logo con un marcado inter\u00e9s en la diabetes y la obesidad durante m\u00e1s de 25 a\u00f1os, fue reclutado en el a\u00f1o 2000 por el Instituto Universitario de Cardiolog\u00eda y Neumolog\u00eda de Quebec, en Quebec (Canad\u00e1), para hacerse cargo del programa de prevenci\u00f3n\/rehabilitaci\u00f3n card\u00edaca.<\/p>\n<p>Ha liderado varios proyectos de investigaci\u00f3n y ha colaborado en numerosos estudios en ciencias b\u00e1sicas y cl\u00ednicas, as\u00ed como en proyectos de investigaci\u00f3n cl\u00ednica a nivel local, nacional e internacional. Su trabajo de investigaci\u00f3n ha sido respaldado financieramente por el Fondo del Instituto de Cardiolog\u00eda de Quebec, los Institutos de Investigaci\u00f3n en Salud de Canad\u00e1 (IRSC), el Fondo de Investigaci\u00f3n en Salud de Quebec (FRSQ) y la Asociaci\u00f3n de Diabetes de Canad\u00e1.<\/p>\n<p>Actualmente, ocupa el cargo de presidente del comit\u00e9 de promoci\u00f3n y prevenci\u00f3n cardiovascular de la Asociaci\u00f3n de Cardi\u00f3logos de Quebec (ACQ).<\/p>\n<p>En el pasado, tambi\u00e9n presidi\u00f3 el comit\u00e9 sobre obesidad del Consejo de Nutrici\u00f3n, Actividad F\u00edsica y Metabolismo de la Asociaci\u00f3n Americana del Coraz\u00f3n. Adem\u00e1s, fue miembro del comit\u00e9 macrovascular para las pautas de la Asociaci\u00f3n Canadiense de Diabetes en 2008, 2013 y 2018. Contribuy\u00f3 a las recientes pautas canadienses sobre l\u00edpidos y obesidad.<\/p>\n<p>El Dr. Poirier es autor y coautor de m\u00e1s de 500 art\u00edculos cient\u00edficos, 450 res\u00famenes y 30 cap\u00edtulos de libros. Ha presentado varias centenas de conferencias, principalmente en los campos del ejercicio, el control de factores de riesgo tanto tradicionales como no tradicionales, la obesidad, la diabetes y las enfermedades cardiovasculares.<\/p>\n\t\t\t\t\t\t\t\t<\/div>\n\t\t\t\t<\/div>\n\t\t\t\t\t<\/div>\n\t\t<\/div>\n\t\t\t\t<div class=\"elementor-column elementor-col-33 elementor-top-column elementor-element elementor-element-6f0e12d0\" data-id=\"6f0e12d0\" data-element_type=\"column\">\n\t\t\t<div class=\"elementor-widget-wrap elementor-element-populated\">\n\t\t\t\t\t\t<section class=\"elementor-section elementor-inner-section elementor-element elementor-element-6c4b2b57 elementor-section-boxed elementor-section-height-default elementor-section-height-default\" data-id=\"6c4b2b57\" data-element_type=\"section\" data-settings=\"{&quot;ekit_has_onepagescroll_dot&quot;:&quot;yes&quot;}\">\n\t\t\t\t\t\t<div class=\"elementor-container elementor-column-gap-default\">\n\t\t\t\t\t<div class=\"elementor-column elementor-col-100 elementor-inner-column elementor-element elementor-element-3ec586d2\" data-id=\"3ec586d2\" data-element_type=\"column\" data-settings=\"{&quot;background_background&quot;:&quot;classic&quot;}\">\n\t\t\t<div class=\"elementor-widget-wrap elementor-element-populated\">\n\t\t\t\t\t\t<div class=\"elementor-element elementor-element-64a6199 elementor-widget__width-auto elementor-widget elementor-widget-image\" data-id=\"64a6199\" data-element_type=\"widget\" data-settings=\"{&quot;ekit_we_effect_on&quot;:&quot;none&quot;}\" data-widget_type=\"image.default\">\n\t\t\t\t<div class=\"elementor-widget-container\">\n\t\t\t\t\t\t\t\t\t\t\t\t\t\t\t<img fetchpriority=\"high\" decoding=\"async\" width=\"199\" height=\"254\" src=\"https:\/\/icardio.ca\/wp-content\/uploads\/2024\/04\/Paul-Poirier-1.jpg\" class=\"attachment-full size-full wp-image-12579\" alt=\"\" \/>\t\t\t\t\t\t\t\t\t\t\t\t\t\t\t<\/div>\n\t\t\t\t<\/div>\n\t\t\t\t\t<\/div>\n\t\t<\/div>\n\t\t\t\t\t<\/div>\n\t\t<\/section>\n\t\t\t\t\t<\/div>\n\t\t<\/div>\n\t\t\t\t\t<\/div>\n\t\t<\/section>\n\t\t\t\t<section class=\"elementor-section elementor-top-section elementor-element elementor-element-55f8f2cd elementor-section-boxed elementor-section-height-default elementor-section-height-default\" data-id=\"55f8f2cd\" data-element_type=\"section\" data-settings=\"{&quot;background_background&quot;:&quot;classic&quot;,&quot;ekit_has_onepagescroll_dot&quot;:&quot;yes&quot;}\">\n\t\t\t\t\t\t\t<div class=\"elementor-background-overlay\"><\/div>\n\t\t\t\t\t\t\t<div class=\"elementor-container elementor-column-gap-default\">\n\t\t\t\t\t<div class=\"elementor-column elementor-col-100 elementor-top-column elementor-element elementor-element-7b713cd7\" data-id=\"7b713cd7\" data-element_type=\"column\">\n\t\t\t<div class=\"elementor-widget-wrap elementor-element-populated\">\n\t\t\t\t\t\t<div class=\"elementor-element elementor-element-d6468f3 elementor-widget elementor-widget-image\" data-id=\"d6468f3\" data-element_type=\"widget\" data-settings=\"{&quot;ekit_we_effect_on&quot;:&quot;none&quot;}\" data-widget_type=\"image.default\">\n\t\t\t\t<div class=\"elementor-widget-container\">\n\t\t\t\t\t\t\t\t\t\t\t\t\t\t\t<img decoding=\"async\" width=\"412\" height=\"145\" src=\"https:\/\/icardio.ca\/wp-content\/uploads\/2024\/02\/logo.png\" class=\"attachment-large size-large wp-image-2520\" alt=\"\" srcset=\"https:\/\/icardio.ca\/wp-content\/uploads\/2024\/02\/logo.png 412w, https:\/\/icardio.ca\/wp-content\/uploads\/2024\/02\/logo-300x106.png 300w\" sizes=\"(max-width: 412px) 100vw, 412px\" \/>\t\t\t\t\t\t\t\t\t\t\t\t\t\t\t<\/div>\n\t\t\t\t<\/div>\n\t\t\t\t<div class=\"elementor-element elementor-element-561b04b5 elementor-widget elementor-widget-heading\" data-id=\"561b04b5\" data-element_type=\"widget\" data-settings=\"{&quot;ekit_we_effect_on&quot;:&quot;none&quot;}\" data-widget_type=\"heading.default\">\n\t\t\t\t<div class=\"elementor-widget-container\">\n\t\t\t\t\t<h2 class=\"elementor-heading-title elementor-size-default\"><a href=\"https:\/\/icardio.ca\/es\/contacto\/\">\u00bfDeseas contactar a uno de nuestros colaboradores?<\/a><\/h2>\t\t\t\t<\/div>\n\t\t\t\t<\/div>\n\t\t\t\t<div class=\"elementor-element elementor-element-1a7113bb elementor-align-center elementor-widget elementor-widget-button\" data-id=\"1a7113bb\" data-element_type=\"widget\" data-settings=\"{&quot;ekit_we_effect_on&quot;:&quot;none&quot;}\" data-widget_type=\"button.default\">\n\t\t\t\t<div class=\"elementor-widget-container\">\n\t\t\t\t\t\t\t\t\t<div class=\"elementor-button-wrapper\">\n\t\t\t\t\t<a class=\"elementor-button elementor-button-link elementor-size-md\" href=\"https:\/\/icardio.ca\/es\/contacto\/\">\n\t\t\t\t\t\t<span class=\"elementor-button-content-wrapper\">\n\t\t\t\t\t\t\t\t\t<span class=\"elementor-button-text\">Cont\u00e1ctenos<\/span>\n\t\t\t\t\t<\/span>\n\t\t\t\t\t<\/a>\n\t\t\t\t<\/div>\n\t\t\t\t\t\t\t\t<\/div>\n\t\t\t\t<\/div>\n\t\t\t\t\t<\/div>\n\t\t<\/div>\n\t\t\t\t\t<\/div>\n\t\t<\/section>\n\t\t\t\t<\/div>\n\t\t","protected":false},"excerpt":{"rendered":"<p>Accueil Acerca de Paul Poirier El Dr. Poirier es profesor titular en la Facultad de Farmacia de la Universidad Laval, donde desempe\u00f1a un papel fundamental en la formaci\u00f3n de estudiantes en investigaci\u00f3n, as\u00ed como en la ense\u00f1anza impartida a estudiantes y residentes. Cardi\u00f3logo con un marcado inter\u00e9s en la diabetes y la obesidad durante m\u00e1s [&hellip;]<\/p>\n","protected":false},"author":4,"featured_media":6584,"parent":0,"menu_order":0,"comment_status":"closed","ping_status":"closed","template":"elementor_header_footer","meta":{"footnotes":""},"class_list":["post-6588","page","type-page","status-publish","has-post-thumbnail","hentry"],"_links":{"self":[{"href":"https:\/\/icardio.ca\/es\/wp-json\/wp\/v2\/pages\/6588","targetHints":{"allow":["GET"]}}],"collection":[{"href":"https:\/\/icardio.ca\/es\/wp-json\/wp\/v2\/pages"}],"about":[{"href":"https:\/\/icardio.ca\/es\/wp-json\/wp\/v2\/types\/page"}],"author":[{"embeddable":true,"href":"https:\/\/icardio.ca\/es\/wp-json\/wp\/v2\/users\/4"}],"replies":[{"embeddable":true,"href":"https:\/\/icardio.ca\/es\/wp-json\/wp\/v2\/comments?post=6588"}],"version-history":[{"count":1,"href":"https:\/\/icardio.ca\/es\/wp-json\/wp\/v2\/pages\/6588\/revisions"}],"predecessor-version":[{"id":6589,"href":"https:\/\/icardio.ca\/es\/wp-json\/wp\/v2\/pages\/6588\/revisions\/6589"}],"wp:featuredmedia":[{"embeddable":true,"href":"https:\/\/icardio.ca\/es\/wp-json\/wp\/v2\/media\/6584"}],"wp:attachment":[{"href":"https:\/\/icardio.ca\/es\/wp-json\/wp\/v2\/media?parent=6588"}],"curies":[{"name":"wp","href":"https:\/\/api.w.org\/{rel}","templated":true}]}}