{"id":4718,"date":"2024-03-03T17:01:22","date_gmt":"2024-03-03T22:01:22","guid":{"rendered":"https:\/\/icardio.ca\/colaboradores\/laurent-macle-md-frcpc-fhrs\/"},"modified":"2025-05-11T14:42:24","modified_gmt":"2025-05-11T18:42:24","slug":"laurent-macle-md-frcpc-fhrs","status":"publish","type":"page","link":"https:\/\/icardio.ca\/es\/colaboradores\/laurent-macle-md-frcpc-fhrs\/","title":{"rendered":"Laurent Macle, MD, FRCP(C), FHRS"},"content":{"rendered":"\t\t<div data-elementor-type=\"wp-page\" data-elementor-id=\"4718\" class=\"elementor elementor-4718 elementor-3278\" data-elementor-post-type=\"page\">\n\t\t\t\t\t\t<section class=\"elementor-section elementor-top-section elementor-element elementor-element-875a25b elementor-section-boxed elementor-section-height-default elementor-section-height-default\" data-id=\"875a25b\" data-element_type=\"section\" data-settings=\"{&quot;background_background&quot;:&quot;classic&quot;,&quot;ekit_has_onepagescroll_dot&quot;:&quot;yes&quot;}\">\n\t\t\t\t\t\t\t<div class=\"elementor-background-overlay\"><\/div>\n\t\t\t\t\t\t\t<div class=\"elementor-container elementor-column-gap-default\">\n\t\t\t\t\t<div class=\"elementor-column elementor-col-100 elementor-top-column elementor-element elementor-element-108311f\" data-id=\"108311f\" data-element_type=\"column\" data-settings=\"{&quot;background_background&quot;:&quot;classic&quot;}\">\n\t\t\t<div class=\"elementor-widget-wrap elementor-element-populated\">\n\t\t\t\t\t\t<div class=\"elementor-element elementor-element-ec82eaf elementor-widget elementor-widget-heading\" data-id=\"ec82eaf\" data-element_type=\"widget\" data-settings=\"{&quot;ekit_we_effect_on&quot;:&quot;none&quot;}\" data-widget_type=\"heading.default\">\n\t\t\t\t<div class=\"elementor-widget-container\">\n\t\t\t\t\t<h1 class=\"elementor-heading-title elementor-size-default\">Laurent Macle, MD, FRCP(C), FHRS<\/h1>\t\t\t\t<\/div>\n\t\t\t\t<\/div>\n\t\t\t\t<div class=\"elementor-element elementor-element-52a4955 elementor-widget elementor-widget-elementskit-breadcrumb\" data-id=\"52a4955\" data-element_type=\"widget\" data-settings=\"{&quot;ekit_we_effect_on&quot;:&quot;none&quot;}\" data-widget_type=\"elementskit-breadcrumb.default\">\n\t\t\t\t<div class=\"elementor-widget-container\">\n\t\t\t\t\t<div class=\"ekit-wid-con\" ><ol class=\"ekit-breadcrumb\"><li class=\"ekit_breadcrumbs_start\"><a href=\"https:\/\/icardio.ca\/es\/\">Bienvenido<\/a><\/li> <li class=\"brd_sep\"> &raquo; <\/li> <li><a href=\"https:\/\/icardio.ca\/es\/colaboradores\/\" title=\"Colaboradores\">Colaboradores<\/a><\/li> <li class=\"brd_sep\"> &raquo; <\/li>  <li>Laurent Macle, MD, FRCP(C), FHRS<\/li><\/ol><\/div>\t\t\t\t<\/div>\n\t\t\t\t<\/div>\n\t\t\t\t\t<\/div>\n\t\t<\/div>\n\t\t\t\t\t<\/div>\n\t\t<\/section>\n\t\t\t\t<section class=\"elementor-section elementor-top-section elementor-element elementor-element-12ee9961 elementor-section-boxed elementor-section-height-default elementor-section-height-default\" data-id=\"12ee9961\" data-element_type=\"section\" data-settings=\"{&quot;ekit_has_onepagescroll_dot&quot;:&quot;yes&quot;}\">\n\t\t\t\t\t\t<div class=\"elementor-container elementor-column-gap-default\">\n\t\t\t\t\t<div class=\"elementor-column elementor-col-66 elementor-top-column elementor-element elementor-element-41f0e84b\" data-id=\"41f0e84b\" data-element_type=\"column\" data-settings=\"{&quot;background_background&quot;:&quot;classic&quot;}\">\n\t\t\t<div class=\"elementor-widget-wrap elementor-element-populated\">\n\t\t\t\t\t<div class=\"elementor-background-overlay\"><\/div>\n\t\t\t\t\t\t<div class=\"elementor-element elementor-element-59a97610 elementor-widget elementor-widget-heading\" data-id=\"59a97610\" data-element_type=\"widget\" data-settings=\"{&quot;ekit_we_effect_on&quot;:&quot;none&quot;}\" data-widget_type=\"heading.default\">\n\t\t\t\t<div class=\"elementor-widget-container\">\n\t\t\t\t\t<h4 class=\"elementor-heading-title elementor-size-default\">Acerca de Laurent Macle<\/h4>\t\t\t\t<\/div>\n\t\t\t\t<\/div>\n\t\t\t\t<div class=\"elementor-element elementor-element-16a41f25 elementor-widget elementor-widget-text-editor\" data-id=\"16a41f25\" data-element_type=\"widget\" data-settings=\"{&quot;ekit_we_effect_on&quot;:&quot;none&quot;}\" data-widget_type=\"text-editor.default\">\n\t\t\t\t<div class=\"elementor-widget-container\">\n\t\t\t\t\t\t\t\t\t<p>Laurent Macle es electrofisi\u00f3logo card\u00edaco, profesor de medicina en la Universidad de Montreal y jefe del departamento de electrofisiolog\u00eda del Instituto del Coraz\u00f3n de Montreal (ICM).<\/p>\n<p>Complet\u00f3 su formaci\u00f3n en cardiolog\u00eda en la Universidad de Montreal y realiz\u00f3 una pasant\u00eda en electrofisiolog\u00eda en el ICM. Luego pas\u00f3 dos a\u00f1os en el Hospital Haut L\u00e9v\u00e8que de la Universidad de Burdeos en Francia, donde se especializ\u00f3 en ablaci\u00f3n de fibrilaci\u00f3n auricular con el profesor Michel Ha\u00efssaguerre.<\/p>\n<p>Desde que regres\u00f3 a Montreal en 2002, sus intereses de investigaci\u00f3n se han centrado en la ablaci\u00f3n de la fibrilaci\u00f3n auricular (FA). Ha recibido varias becas de investigaci\u00f3n y tiene m\u00e1s de 230 publicaciones revisadas por pares en revistas acad\u00e9micas. Ha sido miembro de los comit\u00e9s de revisi\u00f3n cient\u00edfica de ensayos cl\u00ednicos del Instituto Canadiense de Investigaci\u00f3n en Salud as\u00ed como de la Heart and Stroke Foundation. Es ponente invitado en congresos nacionales e internacionales y ha participado en la organizaci\u00f3n de numerosos congresos y simposios. Participa en la formaci\u00f3n de m\u00e9dicos y becarios de electrofisiolog\u00eda en Canad\u00e1 y el extranjero sobre ablaci\u00f3n con cat\u00e9ter y ha organizado talleres y conferencias para electrofisi\u00f3logos que realizan ablaci\u00f3n de FA.<\/p>\n<p>El Dr. Macle est\u00e1 muy involucrado en la ense\u00f1anza y fue Director del Programa de Becas de Electrofisiolog\u00eda del ICM de 2009 a 2014. Fue Presidente del Comit\u00e9 de Educaci\u00f3n de la Sociedad Canadiense de Ritmo Card\u00edaco de 2011 a 2013. Se desempe\u00f1\u00f3 como vicepresidente de 2014 a 2016 y presidente de 2016 a 2019 del Subcomit\u00e9 de Servicios y Programas Educativos de la Heart Rhythm Society (HRS). Form\u00f3 parte del Comit\u00e9 de Pacientes y Cuidadores de HRS de 2019 a 2021 y ahora forma parte del Comit\u00e9 del Programa de HRS como l\u00edder del equipo para la Especialidad\/Track de Ablaci\u00f3n. Fue vicepresidente del Comit\u00e9 del \u00c1rea de Enfoque de Electrofisiolog\u00eda Card\u00edaca en Adultos del Royal College of Physicians of Canada (RCPC) de 2016 a 2019 y vicepresidente del Comit\u00e9 de Revisi\u00f3n de Cardiolog\u00eda del RCPC de 2016 a 2019. 2022 Fue copresidente de las directrices de la Sociedad Canadiense de Cardiolog\u00eda sobre FA y es el actual presidente de la Sociedad Canadiense del Ritmo Card\u00edaco.<\/p>\n\t\t\t\t\t\t\t\t<\/div>\n\t\t\t\t<\/div>\n\t\t\t\t\t<\/div>\n\t\t<\/div>\n\t\t\t\t<div class=\"elementor-column elementor-col-33 elementor-top-column elementor-element elementor-element-6f0e12d0\" data-id=\"6f0e12d0\" data-element_type=\"column\">\n\t\t\t<div class=\"elementor-widget-wrap elementor-element-populated\">\n\t\t\t\t\t\t<section class=\"elementor-section elementor-inner-section elementor-element elementor-element-6c4b2b57 elementor-section-boxed elementor-section-height-default elementor-section-height-default\" data-id=\"6c4b2b57\" data-element_type=\"section\" data-settings=\"{&quot;ekit_has_onepagescroll_dot&quot;:&quot;yes&quot;}\">\n\t\t\t\t\t\t<div class=\"elementor-container elementor-column-gap-default\">\n\t\t\t\t\t<div class=\"elementor-column elementor-col-100 elementor-inner-column elementor-element elementor-element-3ec586d2\" data-id=\"3ec586d2\" data-element_type=\"column\" data-settings=\"{&quot;background_background&quot;:&quot;classic&quot;}\">\n\t\t\t<div class=\"elementor-widget-wrap elementor-element-populated\">\n\t\t\t\t\t\t<div class=\"elementor-element elementor-element-64a6199 elementor-widget__width-auto elementor-widget elementor-widget-image\" data-id=\"64a6199\" data-element_type=\"widget\" data-settings=\"{&quot;ekit_we_effect_on&quot;:&quot;none&quot;}\" data-widget_type=\"image.default\">\n\t\t\t\t<div class=\"elementor-widget-container\">\n\t\t\t\t\t\t\t\t\t\t\t\t\t\t\t<img fetchpriority=\"high\" decoding=\"async\" width=\"250\" height=\"343\" src=\"https:\/\/icardio.ca\/wp-content\/uploads\/2024\/03\/Laurent-Macle-1.jpg\" class=\"attachment-full size-full wp-image-3263\" alt=\"\" srcset=\"https:\/\/icardio.ca\/wp-content\/uploads\/2024\/03\/Laurent-Macle-1.jpg 250w, https:\/\/icardio.ca\/wp-content\/uploads\/2024\/03\/Laurent-Macle-1-219x300.jpg 219w\" sizes=\"(max-width: 250px) 100vw, 250px\" \/>\t\t\t\t\t\t\t\t\t\t\t\t\t\t\t<\/div>\n\t\t\t\t<\/div>\n\t\t\t\t\t<\/div>\n\t\t<\/div>\n\t\t\t\t\t<\/div>\n\t\t<\/section>\n\t\t\t\t\t<\/div>\n\t\t<\/div>\n\t\t\t\t\t<\/div>\n\t\t<\/section>\n\t\t\t\t<section class=\"elementor-section elementor-top-section elementor-element elementor-element-55f8f2cd elementor-section-boxed elementor-section-height-default elementor-section-height-default\" data-id=\"55f8f2cd\" data-element_type=\"section\" data-settings=\"{&quot;background_background&quot;:&quot;classic&quot;,&quot;ekit_has_onepagescroll_dot&quot;:&quot;yes&quot;}\">\n\t\t\t\t\t\t\t<div class=\"elementor-background-overlay\"><\/div>\n\t\t\t\t\t\t\t<div class=\"elementor-container elementor-column-gap-default\">\n\t\t\t\t\t<div class=\"elementor-column elementor-col-100 elementor-top-column elementor-element elementor-element-7b713cd7\" data-id=\"7b713cd7\" data-element_type=\"column\">\n\t\t\t<div class=\"elementor-widget-wrap elementor-element-populated\">\n\t\t\t\t\t\t<div class=\"elementor-element elementor-element-d6468f3 elementor-widget elementor-widget-image\" data-id=\"d6468f3\" data-element_type=\"widget\" data-settings=\"{&quot;ekit_we_effect_on&quot;:&quot;none&quot;}\" data-widget_type=\"image.default\">\n\t\t\t\t<div class=\"elementor-widget-container\">\n\t\t\t\t\t\t\t\t\t\t\t\t\t\t\t<img decoding=\"async\" width=\"412\" height=\"145\" src=\"https:\/\/icardio.ca\/wp-content\/uploads\/2024\/02\/logo.png\" class=\"attachment-large size-large wp-image-2520\" alt=\"\" srcset=\"https:\/\/icardio.ca\/wp-content\/uploads\/2024\/02\/logo.png 412w, https:\/\/icardio.ca\/wp-content\/uploads\/2024\/02\/logo-300x106.png 300w\" sizes=\"(max-width: 412px) 100vw, 412px\" \/>\t\t\t\t\t\t\t\t\t\t\t\t\t\t\t<\/div>\n\t\t\t\t<\/div>\n\t\t\t\t<div class=\"elementor-element elementor-element-561b04b5 elementor-widget elementor-widget-heading\" data-id=\"561b04b5\" data-element_type=\"widget\" data-settings=\"{&quot;ekit_we_effect_on&quot;:&quot;none&quot;}\" data-widget_type=\"heading.default\">\n\t\t\t\t<div class=\"elementor-widget-container\">\n\t\t\t\t\t<h2 class=\"elementor-heading-title elementor-size-default\"><a href=\"https:\/\/icardio.ca\/es\/contacto\/\">\u00bfDeseas contactar a uno de nuestros colaboradores?<\/a><\/h2>\t\t\t\t<\/div>\n\t\t\t\t<\/div>\n\t\t\t\t<div class=\"elementor-element elementor-element-1a7113bb elementor-align-center elementor-widget elementor-widget-button\" data-id=\"1a7113bb\" data-element_type=\"widget\" data-settings=\"{&quot;ekit_we_effect_on&quot;:&quot;none&quot;}\" data-widget_type=\"button.default\">\n\t\t\t\t<div class=\"elementor-widget-container\">\n\t\t\t\t\t\t\t\t\t<div class=\"elementor-button-wrapper\">\n\t\t\t\t\t<a class=\"elementor-button elementor-button-link elementor-size-md\" href=\"https:\/\/icardio.ca\/es\/contacto\/\">\n\t\t\t\t\t\t<span class=\"elementor-button-content-wrapper\">\n\t\t\t\t\t\t\t\t\t<span class=\"elementor-button-text\">Cont\u00e1ctenos<\/span>\n\t\t\t\t\t<\/span>\n\t\t\t\t\t<\/a>\n\t\t\t\t<\/div>\n\t\t\t\t\t\t\t\t<\/div>\n\t\t\t\t<\/div>\n\t\t\t\t\t<\/div>\n\t\t<\/div>\n\t\t\t\t\t<\/div>\n\t\t<\/section>\n\t\t\t\t<\/div>\n\t\t","protected":false},"excerpt":{"rendered":"<p>Accueil Acerca de Laurent Macle Laurent Macle es electrofisi\u00f3logo card\u00edaco, profesor de medicina en la Universidad de Montreal y jefe del departamento de electrofisiolog\u00eda del Instituto del Coraz\u00f3n de Montreal (ICM). Complet\u00f3 su formaci\u00f3n en cardiolog\u00eda en la Universidad de Montreal y realiz\u00f3 una pasant\u00eda en electrofisiolog\u00eda en el ICM. Luego pas\u00f3 dos a\u00f1os en [&hellip;]<\/p>\n","protected":false},"author":4,"featured_media":3259,"parent":4659,"menu_order":0,"comment_status":"closed","ping_status":"closed","template":"elementor_header_footer","meta":{"footnotes":""},"class_list":["post-4718","page","type-page","status-publish","has-post-thumbnail","hentry"],"_links":{"self":[{"href":"https:\/\/icardio.ca\/es\/wp-json\/wp\/v2\/pages\/4718","targetHints":{"allow":["GET"]}}],"collection":[{"href":"https:\/\/icardio.ca\/es\/wp-json\/wp\/v2\/pages"}],"about":[{"href":"https:\/\/icardio.ca\/es\/wp-json\/wp\/v2\/types\/page"}],"author":[{"embeddable":true,"href":"https:\/\/icardio.ca\/es\/wp-json\/wp\/v2\/users\/4"}],"replies":[{"embeddable":true,"href":"https:\/\/icardio.ca\/es\/wp-json\/wp\/v2\/comments?post=4718"}],"version-history":[{"count":3,"href":"https:\/\/icardio.ca\/es\/wp-json\/wp\/v2\/pages\/4718\/revisions"}],"predecessor-version":[{"id":4721,"href":"https:\/\/icardio.ca\/es\/wp-json\/wp\/v2\/pages\/4718\/revisions\/4721"}],"up":[{"embeddable":true,"href":"https:\/\/icardio.ca\/es\/wp-json\/wp\/v2\/pages\/4659"}],"wp:featuredmedia":[{"embeddable":true,"href":"https:\/\/icardio.ca\/es\/wp-json\/wp\/v2\/media\/3259"}],"wp:attachment":[{"href":"https:\/\/icardio.ca\/es\/wp-json\/wp\/v2\/media?parent=4718"}],"curies":[{"name":"wp","href":"https:\/\/api.w.org\/{rel}","templated":true}]}}