{"id":4690,"date":"2024-02-05T08:30:57","date_gmt":"2024-02-05T13:30:57","guid":{"rendered":"https:\/\/icardio.ca\/informaciones-legales\/"},"modified":"2024-03-25T17:04:26","modified_gmt":"2024-03-25T21:04:26","slug":"informaciones-legales","status":"publish","type":"page","link":"https:\/\/icardio.ca\/es\/informaciones-legales\/","title":{"rendered":"Informaciones legales"},"content":{"rendered":"\t\t<div data-elementor-type=\"wp-page\" data-elementor-id=\"4690\" class=\"elementor elementor-4690 elementor-1071\" data-elementor-post-type=\"page\">\n\t\t\t\t\t\t<section class=\"elementor-section elementor-top-section elementor-element elementor-element-0760efb elementor-section-boxed elementor-section-height-default elementor-section-height-default\" data-id=\"0760efb\" data-element_type=\"section\" data-settings=\"{&quot;background_background&quot;:&quot;classic&quot;,&quot;ekit_has_onepagescroll_dot&quot;:&quot;yes&quot;}\">\n\t\t\t\t\t\t\t<div class=\"elementor-background-overlay\"><\/div>\n\t\t\t\t\t\t\t<div class=\"elementor-container elementor-column-gap-default\">\n\t\t\t\t\t<div class=\"elementor-column elementor-col-100 elementor-top-column elementor-element elementor-element-4e1e43d\" data-id=\"4e1e43d\" data-element_type=\"column\" data-settings=\"{&quot;background_background&quot;:&quot;classic&quot;}\">\n\t\t\t<div class=\"elementor-widget-wrap elementor-element-populated\">\n\t\t\t\t\t\t<div class=\"elementor-element elementor-element-f8da576 elementor-widget elementor-widget-heading\" data-id=\"f8da576\" data-element_type=\"widget\" data-settings=\"{&quot;ekit_we_effect_on&quot;:&quot;none&quot;}\" data-widget_type=\"heading.default\">\n\t\t\t\t<div class=\"elementor-widget-container\">\n\t\t\t\t\t<h1 class=\"elementor-heading-title elementor-size-default\">Informaciones legales<\/h1>\t\t\t\t<\/div>\n\t\t\t\t<\/div>\n\t\t\t\t<div class=\"elementor-element elementor-element-98a1d65 elementor-widget elementor-widget-elementskit-breadcrumb\" data-id=\"98a1d65\" data-element_type=\"widget\" data-settings=\"{&quot;ekit_we_effect_on&quot;:&quot;none&quot;}\" data-widget_type=\"elementskit-breadcrumb.default\">\n\t\t\t\t<div class=\"elementor-widget-container\">\n\t\t\t\t\t<div class=\"ekit-wid-con\" ><ol class=\"ekit-breadcrumb\"><li class=\"ekit_breadcrumbs_start\"><a href=\"https:\/\/icardio.ca\/es\/\">Bienvenido<\/a><\/li> <li class=\"brd_sep\"> &raquo; <\/li>  <li>Informaciones legales<\/li><\/ol><\/div>\t\t\t\t<\/div>\n\t\t\t\t<\/div>\n\t\t\t\t\t<\/div>\n\t\t<\/div>\n\t\t\t\t\t<\/div>\n\t\t<\/section>\n\t\t\t\t<section class=\"elementor-section elementor-top-section elementor-element elementor-element-52f3610 elementor-section-boxed elementor-section-height-default elementor-section-height-default\" data-id=\"52f3610\" data-element_type=\"section\" data-settings=\"{&quot;ekit_has_onepagescroll_dot&quot;:&quot;yes&quot;}\">\n\t\t\t\t\t\t<div class=\"elementor-container elementor-column-gap-default\">\n\t\t\t\t\t<div class=\"elementor-column elementor-col-100 elementor-top-column elementor-element elementor-element-036245c\" data-id=\"036245c\" data-element_type=\"column\">\n\t\t\t<div class=\"elementor-widget-wrap elementor-element-populated\">\n\t\t\t\t\t\t<div class=\"elementor-element elementor-element-1d452c1 elementor-widget elementor-widget-text-editor\" data-id=\"1d452c1\" data-element_type=\"widget\" data-settings=\"{&quot;ekit_we_effect_on&quot;:&quot;none&quot;}\" data-widget_type=\"text-editor.default\">\n\t\t\t\t<div class=\"elementor-widget-container\">\n\t\t\t\t\t\t\t\t\tEn esta p\u00e1gina el t\u00e9rmino \u201csitio web\u201d significa el sitio web de iCardio, as\u00ed como todas las aplicaciones que incluye (Extranet, sistema de env\u00edo y cualquier otra aplicaci\u00f3n que pueda tener adjunta).\r\n\r\nEste sitio web se ofrece a los usuarios sujetos a ciertos T\u00e9rminos y condiciones. Al utilizar este sitio web y todas las aplicaciones que contiene, usted reconoce que ha aceptado estos T\u00e9rminos y condiciones.\r\n\r\nEsta p\u00e1gina establece los T\u00e9rminos y condiciones bajo los cuales puede utilizar este sitio web. Por favor lea esta p\u00e1gina atentamente.\t\t\t\t\t\t\t\t<\/div>\n\t\t\t\t<\/div>\n\t\t\t\t<div class=\"elementor-element elementor-element-4b3fb68 elementor-widget elementor-widget-heading\" data-id=\"4b3fb68\" data-element_type=\"widget\" data-settings=\"{&quot;ekit_we_effect_on&quot;:&quot;none&quot;}\" data-widget_type=\"heading.default\">\n\t\t\t\t<div class=\"elementor-widget-container\">\n\t\t\t\t\t<h2 class=\"elementor-heading-title elementor-size-default\">Derechos varios<\/h2>\t\t\t\t<\/div>\n\t\t\t\t<\/div>\n\t\t\t\t<div class=\"elementor-element elementor-element-28dad4f elementor-widget elementor-widget-text-editor\" data-id=\"28dad4f\" data-element_type=\"widget\" data-settings=\"{&quot;ekit_we_effect_on&quot;:&quot;none&quot;}\" data-widget_type=\"text-editor.default\">\n\t\t\t\t<div class=\"elementor-widget-container\">\n\t\t\t\t\t\t\t\t\t<p>iCardio es el propietario de este sitio web. El contenido de este sitio web y las aplicaciones que incluye se proporcionan con car\u00e1cter informativo. Cualquier informaci\u00f3n proporcionada por un miembro del personal de iCardio, o por un tercero autorizado por iCardio para proporcionar dicha informaci\u00f3n, tiene prioridad sobre la informaci\u00f3n contenida en este sitio. Si no acepta una o m\u00e1s de las condiciones generales de uso de este sitio mencionadas en esta p\u00e1gina, deber\u00e1 abstenerse de utilizar este sitio web. iCardio no se hace responsable de ning\u00fan da\u00f1o causado tras el uso de su sitio web.<\/p>\n\t\t\t\t\t\t\t\t<\/div>\n\t\t\t\t<\/div>\n\t\t\t\t<div class=\"elementor-element elementor-element-37eca0a elementor-widget elementor-widget-heading\" data-id=\"37eca0a\" data-element_type=\"widget\" data-settings=\"{&quot;ekit_we_effect_on&quot;:&quot;none&quot;}\" data-widget_type=\"heading.default\">\n\t\t\t\t<div class=\"elementor-widget-container\">\n\t\t\t\t\t<h2 class=\"elementor-heading-title elementor-size-default\">Responsabilidad<\/h2>\t\t\t\t<\/div>\n\t\t\t\t<\/div>\n\t\t\t\t<div class=\"elementor-element elementor-element-b624495 elementor-widget elementor-widget-text-editor\" data-id=\"b624495\" data-element_type=\"widget\" data-settings=\"{&quot;ekit_we_effect_on&quot;:&quot;none&quot;}\" data-widget_type=\"text-editor.default\">\n\t\t\t\t<div class=\"elementor-widget-container\">\n\t\t\t\t\t\t\t\t\t<p>iCardio no es responsable de ning\u00fan da\u00f1o que pueda resultar de cualquier acci\u00f3n basada en la informaci\u00f3n contenida en este sitio web, ni de ning\u00fan da\u00f1o sufrido tras la divulgaci\u00f3n de informaci\u00f3n personal o confidencial que se le transmita a trav\u00e9s de Internet.<\/p>\n\t\t\t\t\t\t\t\t<\/div>\n\t\t\t\t<\/div>\n\t\t\t\t<div class=\"elementor-element elementor-element-6e549f0 elementor-widget elementor-widget-heading\" data-id=\"6e549f0\" data-element_type=\"widget\" data-settings=\"{&quot;ekit_we_effect_on&quot;:&quot;none&quot;}\" data-widget_type=\"heading.default\">\n\t\t\t\t<div class=\"elementor-widget-container\">\n\t\t\t\t\t<h2 class=\"elementor-heading-title elementor-size-default\">informaciones suplementarias<\/h2>\t\t\t\t<\/div>\n\t\t\t\t<\/div>\n\t\t\t\t<div class=\"elementor-element elementor-element-e736d84 elementor-widget elementor-widget-text-editor\" data-id=\"e736d84\" data-element_type=\"widget\" data-settings=\"{&quot;ekit_we_effect_on&quot;:&quot;none&quot;}\" data-widget_type=\"text-editor.default\">\n\t\t\t\t<div class=\"elementor-widget-container\">\n\t\t\t\t\t\t\t\t\t<p>Lo invitamos a enviarnos sus preguntas, comentarios y sugerencias a la siguiente direcci\u00f3n de correo electr\u00f3nico: <a href=\"mailto:info@icardo.ca\">info@icardo.ca<\/a>. iCardio se reserva el derecho de modificar su pol\u00edtica de privacidad en cualquier momento y sin previo aviso.<\/p>\n\t\t\t\t\t\t\t\t<\/div>\n\t\t\t\t<\/div>\n\t\t\t\t<div class=\"elementor-element elementor-element-29556d5 elementor-widget elementor-widget-heading\" data-id=\"29556d5\" data-element_type=\"widget\" data-settings=\"{&quot;ekit_we_effect_on&quot;:&quot;none&quot;}\" data-widget_type=\"heading.default\">\n\t\t\t\t<div class=\"elementor-widget-container\">\n\t\t\t\t\t<h2 class=\"elementor-heading-title elementor-size-default\">Informaci\u00f3n<\/h2>\t\t\t\t<\/div>\n\t\t\t\t<\/div>\n\t\t\t\t<div class=\"elementor-element elementor-element-d4c09c9 elementor-widget elementor-widget-text-editor\" data-id=\"d4c09c9\" data-element_type=\"widget\" data-settings=\"{&quot;ekit_we_effect_on&quot;:&quot;none&quot;}\" data-widget_type=\"text-editor.default\">\n\t\t\t\t<div class=\"elementor-widget-container\">\n\t\t\t\t\t\t\t\t\tLa informaci\u00f3n contenida en este sitio web est\u00e1 protegida por derechos de propiedad y su distribuci\u00f3n fuera de este sitio requiere la autorizaci\u00f3n por escrito de iCardio. La reproducci\u00f3n total o parcial del contenido (informaci\u00f3n, texto, im\u00e1genes, elementos gr\u00e1ficos u otros) de este sitio est\u00e1 estrictamente prohibida sin la autorizaci\u00f3n de iCardio. iCardio no se hace responsable de ning\u00fan da\u00f1o que pueda resultar de la reproducci\u00f3n o uso no autorizado de los contenidos de este sitio.\r\n\r\niCardio se reserva el derecho de cesar permanentemente o interrumpir temporalmente las actividades en l\u00ednea relacionadas con este sitio web sin previo aviso. Al utilizar este sitio web, usted renuncia a cualquier recurso contra iCardio. iCardio se reserva el derecho de modificar sus condiciones generales en cualquier momento y sin previo aviso.\t\t\t\t\t\t\t\t<\/div>\n\t\t\t\t<\/div>\n\t\t\t\t\t<\/div>\n\t\t<\/div>\n\t\t\t\t\t<\/div>\n\t\t<\/section>\n\t\t\t\t<\/div>\n\t\t","protected":false},"excerpt":{"rendered":"<p>Accueil En esta p\u00e1gina el t\u00e9rmino \u201csitio web\u201d significa el sitio web de iCardio, as\u00ed como todas las aplicaciones que incluye (Extranet, sistema de env\u00edo y cualquier otra aplicaci\u00f3n que pueda tener adjunta). Este sitio web se ofrece a los usuarios sujetos a ciertos T\u00e9rminos y condiciones. Al utilizar este sitio web y todas las [&hellip;]<\/p>\n","protected":false},"author":4,"featured_media":0,"parent":0,"menu_order":0,"comment_status":"closed","ping_status":"closed","template":"","meta":{"footnotes":""},"class_list":["post-4690","page","type-page","status-publish","hentry"],"_links":{"self":[{"href":"https:\/\/icardio.ca\/es\/wp-json\/wp\/v2\/pages\/4690","targetHints":{"allow":["GET"]}}],"collection":[{"href":"https:\/\/icardio.ca\/es\/wp-json\/wp\/v2\/pages"}],"about":[{"href":"https:\/\/icardio.ca\/es\/wp-json\/wp\/v2\/types\/page"}],"author":[{"embeddable":true,"href":"https:\/\/icardio.ca\/es\/wp-json\/wp\/v2\/users\/4"}],"replies":[{"embeddable":true,"href":"https:\/\/icardio.ca\/es\/wp-json\/wp\/v2\/comments?post=4690"}],"version-history":[{"count":3,"href":"https:\/\/icardio.ca\/es\/wp-json\/wp\/v2\/pages\/4690\/revisions"}],"predecessor-version":[{"id":4693,"href":"https:\/\/icardio.ca\/es\/wp-json\/wp\/v2\/pages\/4690\/revisions\/4693"}],"wp:attachment":[{"href":"https:\/\/icardio.ca\/es\/wp-json\/wp\/v2\/media?parent=4690"}],"curies":[{"name":"wp","href":"https:\/\/api.w.org\/{rel}","templated":true}]}}