{"id":4686,"date":"2024-02-07T10:56:32","date_gmt":"2024-02-07T15:56:32","guid":{"rendered":"https:\/\/icardio.ca\/glosario\/"},"modified":"2024-03-25T16:58:12","modified_gmt":"2024-03-25T20:58:12","slug":"glosario","status":"publish","type":"page","link":"https:\/\/icardio.ca\/es\/glosario\/","title":{"rendered":"Glosario"},"content":{"rendered":"\t\t<div data-elementor-type=\"wp-page\" data-elementor-id=\"4686\" class=\"elementor elementor-4686 elementor-2045\" data-elementor-post-type=\"page\">\n\t\t\t\t\t\t<section class=\"elementor-section elementor-top-section elementor-element elementor-element-8beeda3 elementor-section-boxed elementor-section-height-default elementor-section-height-default\" data-id=\"8beeda3\" data-element_type=\"section\" data-settings=\"{&quot;background_background&quot;:&quot;classic&quot;,&quot;ekit_has_onepagescroll_dot&quot;:&quot;yes&quot;}\">\n\t\t\t\t\t\t\t<div class=\"elementor-background-overlay\"><\/div>\n\t\t\t\t\t\t\t<div class=\"elementor-container elementor-column-gap-default\">\n\t\t\t\t\t<div class=\"elementor-column elementor-col-100 elementor-top-column elementor-element elementor-element-9474fb1\" data-id=\"9474fb1\" data-element_type=\"column\" data-settings=\"{&quot;background_background&quot;:&quot;classic&quot;}\">\n\t\t\t<div class=\"elementor-widget-wrap elementor-element-populated\">\n\t\t\t\t\t\t<div class=\"elementor-element elementor-element-499224a elementor-widget elementor-widget-heading\" data-id=\"499224a\" data-element_type=\"widget\" data-settings=\"{&quot;ekit_we_effect_on&quot;:&quot;none&quot;}\" data-widget_type=\"heading.default\">\n\t\t\t\t<div class=\"elementor-widget-container\">\n\t\t\t\t\t<h1 class=\"elementor-heading-title elementor-size-default\">Glosario<\/h1>\t\t\t\t<\/div>\n\t\t\t\t<\/div>\n\t\t\t\t<div class=\"elementor-element elementor-element-70a6bb5 elementor-widget elementor-widget-elementskit-breadcrumb\" data-id=\"70a6bb5\" data-element_type=\"widget\" data-settings=\"{&quot;ekit_we_effect_on&quot;:&quot;none&quot;}\" data-widget_type=\"elementskit-breadcrumb.default\">\n\t\t\t\t<div class=\"elementor-widget-container\">\n\t\t\t\t\t<div class=\"ekit-wid-con\" ><ol class=\"ekit-breadcrumb\"><li class=\"ekit_breadcrumbs_start\"><a href=\"https:\/\/icardio.ca\/es\/\">Bienvenido<\/a><\/li> <li class=\"brd_sep\"> &raquo; <\/li>  <li>Glosario<\/li><\/ol><\/div>\t\t\t\t<\/div>\n\t\t\t\t<\/div>\n\t\t\t\t\t<\/div>\n\t\t<\/div>\n\t\t\t\t\t<\/div>\n\t\t<\/section>\n\t\t\t\t<section class=\"elementor-section elementor-top-section elementor-element elementor-element-24e5c42 elementor-section-boxed elementor-section-height-default elementor-section-height-default\" data-id=\"24e5c42\" data-element_type=\"section\" data-settings=\"{&quot;background_background&quot;:&quot;classic&quot;,&quot;ekit_has_onepagescroll_dot&quot;:&quot;yes&quot;}\">\n\t\t\t\t\t\t<div class=\"elementor-container elementor-column-gap-default\">\n\t\t\t\t\t<div class=\"elementor-column elementor-col-100 elementor-top-column elementor-element elementor-element-27a2718\" data-id=\"27a2718\" data-element_type=\"column\">\n\t\t\t<div class=\"elementor-widget-wrap elementor-element-populated\">\n\t\t\t\t\t\t<div class=\"elementor-element elementor-element-1b28f9c elementor-widget elementor-widget-heading\" data-id=\"1b28f9c\" data-element_type=\"widget\" data-settings=\"{&quot;ekit_we_effect_on&quot;:&quot;none&quot;}\" data-widget_type=\"heading.default\">\n\t\t\t\t<div class=\"elementor-widget-container\">\n\t\t\t\t\t<h2 class=\"elementor-heading-title elementor-size-default\">Glosario Icardio.ca<\/h2>\t\t\t\t<\/div>\n\t\t\t\t<\/div>\n\t\t\t\t<div class=\"elementor-element elementor-element-3102a3e elementor-widget elementor-widget-text-editor\" data-id=\"3102a3e\" data-element_type=\"widget\" data-settings=\"{&quot;ekit_we_effect_on&quot;:&quot;none&quot;}\" data-widget_type=\"text-editor.default\">\n\t\t\t\t<div class=\"elementor-widget-container\">\n\t\t\t\t\t\t\t\t\t<p>Sum\u00e9rgete en el mundo de la medicina cardiovascular con nuestro glosario de t\u00e9rminos t\u00e9cnicos en Icardio.ca. Ampl\u00ede su comprensi\u00f3n de conceptos clave, desde acr\u00f3nimos hasta procedimientos, para obtener una experiencia m\u00e1s profunda. Ampl\u00ede su vocabulario m\u00e9dico y enriquezca sus debates sobre los aspectos t\u00e9cnicos de la cardiolog\u00eda.<\/p>\n\t\t\t\t\t\t\t\t<\/div>\n\t\t\t\t<\/div>\n\t\t\t\t<section class=\"elementor-section elementor-inner-section elementor-element elementor-element-0591da5 elementor-section-boxed elementor-section-height-default elementor-section-height-default\" data-id=\"0591da5\" data-element_type=\"section\" data-settings=\"{&quot;ekit_has_onepagescroll_dot&quot;:&quot;yes&quot;}\">\n\t\t\t\t\t\t<div class=\"elementor-container elementor-column-gap-default\">\n\t\t\t\t\t<div class=\"elementor-column elementor-col-100 elementor-inner-column elementor-element elementor-element-a749932\" data-id=\"a749932\" data-element_type=\"column\">\n\t\t\t<div class=\"elementor-widget-wrap elementor-element-populated\">\n\t\t\t\t\t\t<div class=\"elementor-element elementor-element-6a68170 elementor-widget elementor-widget-shortcode\" data-id=\"6a68170\" data-element_type=\"widget\" data-settings=\"{&quot;ekit_we_effect_on&quot;:&quot;none&quot;}\" data-widget_type=\"shortcode.default\">\n\t\t\t\t<div class=\"elementor-widget-container\">\n\t\t\t\t\t\t\t<div class=\"elementor-shortcode\"><ul class=\"glossary-terms-list\"><li><a href=\"https:\/\/icardio.ca\/es\/glossary\/auriculas\/\">aur\u00edculas<\/a><\/li><li><a href=\"https:\/\/icardio.ca\/es\/glossary\/esqueleto-fibroso\/\">Esqueleto Fibroso<\/a><\/li><li><a href=\"https:\/\/icardio.ca\/es\/glossary\/palpitations\/\">Palpitations<\/a><\/li><li><a href=\"https:\/\/icardio.ca\/es\/glossary\/pericardio\/\">Pericardio<\/a><\/li><li><a href=\"https:\/\/www.google.ca\">Plaquetas<\/a><\/li><li><a href=\"https:\/\/www.google.ca\">prote\u00ednas<\/a><\/li><li><a href=\"https:\/\/icardio.ca\/es\/glossary\/pulso\/\">Pulso<\/a><\/li><li><a href=\"https:\/\/icardio.ca\/es\/glossary\/sangre\/\">Sangre<\/a><\/li><li><a href=\"https:\/\/www.google.ca\">troponinas<\/a><\/li><li><a href=\"https:\/\/icardio.ca\/es\/glossary\/ventricules\/\">ventriculos<\/a><\/li><\/ul><\/div>\n\t\t\t\t\t\t<\/div>\n\t\t\t\t<\/div>\n\t\t\t\t\t<\/div>\n\t\t<\/div>\n\t\t\t\t\t<\/div>\n\t\t<\/section>\n\t\t\t\t\t<\/div>\n\t\t<\/div>\n\t\t\t\t\t<\/div>\n\t\t<\/section>\n\t\t\t\t<\/div>\n\t\t","protected":false},"excerpt":{"rendered":"<p>Accueil Glosario Icardio.ca Sum\u00e9rgete en el mundo de la medicina cardiovascular con nuestro glosario de t\u00e9rminos t\u00e9cnicos en Icardio.ca. Ampl\u00ede su comprensi\u00f3n de conceptos clave, desde acr\u00f3nimos hasta procedimientos, para obtener una experiencia m\u00e1s profunda. Ampl\u00ede su vocabulario m\u00e9dico y enriquezca sus debates sobre los aspectos t\u00e9cnicos de la cardiolog\u00eda.<\/p>\n","protected":false},"author":4,"featured_media":0,"parent":0,"menu_order":0,"comment_status":"closed","ping_status":"closed","template":"elementor_header_footer","meta":{"footnotes":""},"class_list":["post-4686","page","type-page","status-publish","hentry"],"_links":{"self":[{"href":"https:\/\/icardio.ca\/es\/wp-json\/wp\/v2\/pages\/4686","targetHints":{"allow":["GET"]}}],"collection":[{"href":"https:\/\/icardio.ca\/es\/wp-json\/wp\/v2\/pages"}],"about":[{"href":"https:\/\/icardio.ca\/es\/wp-json\/wp\/v2\/types\/page"}],"author":[{"embeddable":true,"href":"https:\/\/icardio.ca\/es\/wp-json\/wp\/v2\/users\/4"}],"replies":[{"embeddable":true,"href":"https:\/\/icardio.ca\/es\/wp-json\/wp\/v2\/comments?post=4686"}],"version-history":[{"count":3,"href":"https:\/\/icardio.ca\/es\/wp-json\/wp\/v2\/pages\/4686\/revisions"}],"predecessor-version":[{"id":4689,"href":"https:\/\/icardio.ca\/es\/wp-json\/wp\/v2\/pages\/4686\/revisions\/4689"}],"wp:attachment":[{"href":"https:\/\/icardio.ca\/es\/wp-json\/wp\/v2\/media?parent=4686"}],"curies":[{"name":"wp","href":"https:\/\/api.w.org\/{rel}","templated":true}]}}