{"id":4682,"date":"2024-02-05T08:29:01","date_gmt":"2024-02-05T13:29:01","guid":{"rendered":"https:\/\/icardio.ca\/recursos\/"},"modified":"2024-03-25T16:57:06","modified_gmt":"2024-03-25T20:57:06","slug":"recursos","status":"publish","type":"page","link":"https:\/\/icardio.ca\/es\/recursos\/","title":{"rendered":"Recursos"},"content":{"rendered":"\t\t<div data-elementor-type=\"wp-page\" data-elementor-id=\"4682\" class=\"elementor elementor-4682 elementor-1061\" data-elementor-post-type=\"page\">\n\t\t\t\t\t\t<section class=\"elementor-section elementor-top-section elementor-element elementor-element-dff1c69 elementor-section-boxed elementor-section-height-default elementor-section-height-default\" data-id=\"dff1c69\" data-element_type=\"section\" data-settings=\"{&quot;background_background&quot;:&quot;classic&quot;,&quot;ekit_has_onepagescroll_dot&quot;:&quot;yes&quot;}\">\n\t\t\t\t\t\t\t<div class=\"elementor-background-overlay\"><\/div>\n\t\t\t\t\t\t\t<div class=\"elementor-container elementor-column-gap-default\">\n\t\t\t\t\t<div class=\"elementor-column elementor-col-100 elementor-top-column elementor-element elementor-element-f8fc7c5\" data-id=\"f8fc7c5\" data-element_type=\"column\" data-settings=\"{&quot;background_background&quot;:&quot;classic&quot;}\">\n\t\t\t<div class=\"elementor-widget-wrap elementor-element-populated\">\n\t\t\t\t\t\t<div class=\"elementor-element elementor-element-f76de5a elementor-widget elementor-widget-heading\" data-id=\"f76de5a\" data-element_type=\"widget\" data-settings=\"{&quot;ekit_we_effect_on&quot;:&quot;none&quot;}\" data-widget_type=\"heading.default\">\n\t\t\t\t<div class=\"elementor-widget-container\">\n\t\t\t\t\t<h1 class=\"elementor-heading-title elementor-size-default\">Recursos<\/h1>\t\t\t\t<\/div>\n\t\t\t\t<\/div>\n\t\t\t\t<div class=\"elementor-element elementor-element-795800e elementor-widget elementor-widget-elementskit-breadcrumb\" data-id=\"795800e\" data-element_type=\"widget\" data-settings=\"{&quot;ekit_we_effect_on&quot;:&quot;none&quot;}\" data-widget_type=\"elementskit-breadcrumb.default\">\n\t\t\t\t<div class=\"elementor-widget-container\">\n\t\t\t\t\t<div class=\"ekit-wid-con\" ><ol class=\"ekit-breadcrumb\"><li class=\"ekit_breadcrumbs_start\"><a href=\"https:\/\/icardio.ca\/es\/\">Bienvenido<\/a><\/li> <li class=\"brd_sep\"> &raquo; <\/li>  <li>Recursos<\/li><\/ol><\/div>\t\t\t\t<\/div>\n\t\t\t\t<\/div>\n\t\t\t\t\t<\/div>\n\t\t<\/div>\n\t\t\t\t\t<\/div>\n\t\t<\/section>\n\t\t\t\t<section class=\"elementor-section elementor-top-section elementor-element elementor-element-3f86e3d elementor-section-boxed elementor-section-height-default elementor-section-height-default\" data-id=\"3f86e3d\" data-element_type=\"section\" data-settings=\"{&quot;background_background&quot;:&quot;classic&quot;,&quot;ekit_has_onepagescroll_dot&quot;:&quot;yes&quot;}\">\n\t\t\t\t\t\t\t<div class=\"elementor-background-overlay\"><\/div>\n\t\t\t\t\t\t\t<div class=\"elementor-container elementor-column-gap-default\">\n\t\t\t\t\t<div class=\"elementor-column elementor-col-50 elementor-top-column elementor-element elementor-element-90d1e98\" data-id=\"90d1e98\" data-element_type=\"column\">\n\t\t\t<div class=\"elementor-widget-wrap elementor-element-populated\">\n\t\t\t\t\t\t<div class=\"elementor-element elementor-element-78640da elementor-widget elementor-widget-image\" data-id=\"78640da\" data-element_type=\"widget\" data-settings=\"{&quot;ekit_we_effect_on&quot;:&quot;none&quot;}\" data-widget_type=\"image.default\">\n\t\t\t\t<div class=\"elementor-widget-container\">\n\t\t\t\t\t\t\t\t\t\t\t\t\t\t\t<img fetchpriority=\"high\" decoding=\"async\" width=\"800\" height=\"439\" src=\"https:\/\/icardio.ca\/wp-content\/uploads\/2024\/02\/ressources-1024x562.jpg\" class=\"attachment-large size-large wp-image-1712\" alt=\"\" srcset=\"https:\/\/icardio.ca\/wp-content\/uploads\/2024\/02\/ressources-1024x562.jpg 1024w, https:\/\/icardio.ca\/wp-content\/uploads\/2024\/02\/ressources-300x165.jpg 300w, https:\/\/icardio.ca\/wp-content\/uploads\/2024\/02\/ressources-768x422.jpg 768w, https:\/\/icardio.ca\/wp-content\/uploads\/2024\/02\/ressources-1536x843.jpg 1536w, https:\/\/icardio.ca\/wp-content\/uploads\/2024\/02\/ressources-2048x1125.jpg 2048w\" sizes=\"(max-width: 800px) 100vw, 800px\" \/>\t\t\t\t\t\t\t\t\t\t\t\t\t\t\t<\/div>\n\t\t\t\t<\/div>\n\t\t\t\t\t<\/div>\n\t\t<\/div>\n\t\t\t\t<div class=\"elementor-column elementor-col-50 elementor-top-column elementor-element elementor-element-fdd4862\" data-id=\"fdd4862\" data-element_type=\"column\" data-settings=\"{&quot;background_background&quot;:&quot;classic&quot;}\">\n\t\t\t<div class=\"elementor-widget-wrap elementor-element-populated\">\n\t\t\t\t\t\t<div class=\"elementor-element elementor-element-3f33077 elementor-widget elementor-widget-heading\" data-id=\"3f33077\" data-element_type=\"widget\" data-settings=\"{&quot;ekit_we_effect_on&quot;:&quot;none&quot;}\" data-widget_type=\"heading.default\">\n\t\t\t\t<div class=\"elementor-widget-container\">\n\t\t\t\t\t<h2 class=\"elementor-heading-title elementor-size-default\">Explorar nuestros recursos en cardiolog\u00eda<\/h2>\t\t\t\t<\/div>\n\t\t\t\t<\/div>\n\t\t\t\t<div class=\"elementor-element elementor-element-f745506 elementor-widget elementor-widget-text-editor\" data-id=\"f745506\" data-element_type=\"widget\" data-settings=\"{&quot;ekit_we_effect_on&quot;:&quot;none&quot;}\" data-widget_type=\"text-editor.default\">\n\t\t\t\t<div class=\"elementor-widget-container\">\n\t\t\t\t\t\t\t\t\t<p><span style=\"font-weight: 400;\">Icardio.ca ha notado que buscar informaci\u00f3n en la web puede ser complicado y consumir mucho tiempo sin obtener respuestas claras. Para hacer esta tarea m\u00e1s sencilla, seleccionamos y consultamos a expertos experimentados en \u00e1reas relevantes o altamente especializadas.<\/span><\/p>\n\t\t\t\t\t\t\t\t<\/div>\n\t\t\t\t<\/div>\n\t\t\t\t<div class=\"elementor-element elementor-element-7cc4a16 elementor-mobile-align-center elementor-widget elementor-widget-button\" data-id=\"7cc4a16\" data-element_type=\"widget\" data-settings=\"{&quot;ekit_we_effect_on&quot;:&quot;none&quot;}\" data-widget_type=\"button.default\">\n\t\t\t\t<div class=\"elementor-widget-container\">\n\t\t\t\t\t\t\t\t\t<div class=\"elementor-button-wrapper\">\n\t\t\t\t\t<a class=\"elementor-button elementor-button-link elementor-size-md\" href=\"#ressources\">\n\t\t\t\t\t\t<span class=\"elementor-button-content-wrapper\">\n\t\t\t\t\t\t\t\t\t<span class=\"elementor-button-text\">M\u00e1s informaci\u00f3n<\/span>\n\t\t\t\t\t<\/span>\n\t\t\t\t\t<\/a>\n\t\t\t\t<\/div>\n\t\t\t\t\t\t\t\t<\/div>\n\t\t\t\t<\/div>\n\t\t\t\t\t<\/div>\n\t\t<\/div>\n\t\t\t\t\t<\/div>\n\t\t<\/section>\n\t\t\t\t<section class=\"elementor-section elementor-top-section elementor-element elementor-element-3658518e elementor-section-boxed elementor-section-height-default elementor-section-height-default\" data-id=\"3658518e\" data-element_type=\"section\" id=\"ressources\" data-settings=\"{&quot;background_background&quot;:&quot;classic&quot;,&quot;ekit_has_onepagescroll_dot&quot;:&quot;yes&quot;}\">\n\t\t\t\t\t\t\t<div class=\"elementor-background-overlay\"><\/div>\n\t\t\t\t\t\t\t<div class=\"elementor-container elementor-column-gap-default\">\n\t\t\t\t\t<div class=\"elementor-column elementor-col-100 elementor-top-column elementor-element elementor-element-1222043a\" data-id=\"1222043a\" data-element_type=\"column\">\n\t\t\t<div class=\"elementor-widget-wrap elementor-element-populated\">\n\t\t\t\t\t\t<div class=\"elementor-element elementor-element-6a5ef374 elementor-widget elementor-widget-heading\" data-id=\"6a5ef374\" data-element_type=\"widget\" data-settings=\"{&quot;ekit_we_effect_on&quot;:&quot;none&quot;}\" data-widget_type=\"heading.default\">\n\t\t\t\t<div class=\"elementor-widget-container\">\n\t\t\t\t\t<h2 class=\"elementor-heading-title elementor-size-default\">Recursos \u00fatiles<\/h2>\t\t\t\t<\/div>\n\t\t\t\t<\/div>\n\t\t\t\t<div class=\"elementor-element elementor-element-2798e56 elementor-widget elementor-widget-spacer\" data-id=\"2798e56\" data-element_type=\"widget\" data-settings=\"{&quot;ekit_we_effect_on&quot;:&quot;none&quot;}\" data-widget_type=\"spacer.default\">\n\t\t\t\t<div class=\"elementor-widget-container\">\n\t\t\t\t\t\t\t<div class=\"elementor-spacer\">\n\t\t\t<div class=\"elementor-spacer-inner\"><\/div>\n\t\t<\/div>\n\t\t\t\t\t\t<\/div>\n\t\t\t\t<\/div>\n\t\t\t\t<section class=\"elementor-section elementor-inner-section elementor-element elementor-element-312741ca elementor-section-boxed elementor-section-height-default elementor-section-height-default\" data-id=\"312741ca\" data-element_type=\"section\" data-settings=\"{&quot;ekit_has_onepagescroll_dot&quot;:&quot;yes&quot;}\">\n\t\t\t\t\t\t<div class=\"elementor-container elementor-column-gap-default\">\n\t\t\t\t\t<div class=\"elementor-column elementor-col-25 elementor-inner-column elementor-element elementor-element-449313f5\" data-id=\"449313f5\" data-element_type=\"column\">\n\t\t\t<div class=\"elementor-widget-wrap elementor-element-populated\">\n\t\t\t\t\t\t<div class=\"elementor-element elementor-element-62e1d9c6 ekit-equal-height-enable elementor-widget elementor-widget-elementskit-icon-box\" data-id=\"62e1d9c6\" data-element_type=\"widget\" data-settings=\"{&quot;ekit_we_effect_on&quot;:&quot;none&quot;}\" data-widget_type=\"elementskit-icon-box.default\">\n\t\t\t\t<div class=\"elementor-widget-container\">\n\t\t\t\t\t<div class=\"ekit-wid-con\" >        <!-- link opening -->\n                <!-- end link opening -->\n\n        <div class=\"elementskit-infobox text-center text- icon-top-align elementor-animation-float   \">\n                            <div class=\"elementskit-box-header\">\n                <div class=\"elementskit-info-box-icon \">\n                    <img decoding=\"async\" width=\"145\" height=\"45\" src=\"https:\/\/icardio.ca\/wp-content\/uploads\/2024\/02\/logo_fr-1.png\" class=\"attachment- size-\" alt=\"\" \/>                <\/div>\n          <\/div>\n                <div class=\"box-body\">\n                            <h3 class=\"elementskit-info-box-title\">\n                    El observatorio de prevenci\u00f3n del Instituto del Coraz\u00f3n de Montreal                <\/h3>\n                        \t\t  \t<p>Promover la prevenci\u00f3n primaria y secundaria de las enfermedades cardiovasculares para prolongar la esperanza de vida saludable.<\/p>\n                                        <div class=\"box-footer disable_hover_button\">\n                    <div class=\"btn-wraper\">\n                                                            <a class=\"elementskit-btn whitespace--normal\" href=\"https:\/\/observatoireprevention.org\/\" target=\"_blank\">\n                                                                                M\u00e1s informaci\u00f3n                                    <\/a>\n                                                        <\/div>\n                <\/div>\n                    <\/div>\n        \n        \n                <\/div>\n        <\/div>\t\t\t\t<\/div>\n\t\t\t\t<\/div>\n\t\t\t\t\t<\/div>\n\t\t<\/div>\n\t\t\t\t<div class=\"elementor-column elementor-col-25 elementor-inner-column elementor-element elementor-element-3f252db\" data-id=\"3f252db\" data-element_type=\"column\">\n\t\t\t<div class=\"elementor-widget-wrap elementor-element-populated\">\n\t\t\t\t\t\t<div class=\"elementor-element elementor-element-da3cb0c ekit-equal-height-enable elementor-widget elementor-widget-elementskit-icon-box\" data-id=\"da3cb0c\" data-element_type=\"widget\" data-settings=\"{&quot;ekit_we_effect_on&quot;:&quot;none&quot;}\" data-widget_type=\"elementskit-icon-box.default\">\n\t\t\t\t<div class=\"elementor-widget-container\">\n\t\t\t\t\t<div class=\"ekit-wid-con\" >        <!-- link opening -->\n                <!-- end link opening -->\n\n        <div class=\"elementskit-infobox text-center text- icon-top-align elementor-animation-float   \">\n                            <div class=\"elementskit-box-header\">\n                <div class=\"elementskit-info-box-icon \">\n                    <img decoding=\"async\" width=\"95\" height=\"72\" src=\"https:\/\/icardio.ca\/wp-content\/uploads\/2024\/02\/chum.png\" class=\"attachment- size-\" alt=\"\" \/>                <\/div>\n          <\/div>\n                <div class=\"box-body\">\n                            <h3 class=\"elementskit-info-box-title\">\n                    Cl\u00ednica de fibrilaci\u00f3n auricular                <\/h3>\n                        \t\t  \t<p>La cl\u00ednica de fibrilaci\u00f3n auricular CHUM est\u00e1 especializada en la evaluaci\u00f3n y tratamiento de esta arritmia.<\/p>\n                                        <div class=\"box-footer disable_hover_button\">\n                    <div class=\"btn-wraper\">\n                                                            <a class=\"elementskit-btn whitespace--normal\" href=\"https:\/\/www.chumontreal.qc.ca\/repertoire\/clinique-fibrillation-auriculaire\" target=\"_blank\">\n                                                                                M\u00e1s informaci\u00f3n                                    <\/a>\n                                                        <\/div>\n                <\/div>\n                    <\/div>\n        \n        \n                <\/div>\n        <\/div>\t\t\t\t<\/div>\n\t\t\t\t<\/div>\n\t\t\t\t\t<\/div>\n\t\t<\/div>\n\t\t\t\t<div class=\"elementor-column elementor-col-25 elementor-inner-column elementor-element elementor-element-0d63df2\" data-id=\"0d63df2\" data-element_type=\"column\">\n\t\t\t<div class=\"elementor-widget-wrap elementor-element-populated\">\n\t\t\t\t\t\t<div class=\"elementor-element elementor-element-673fd7a ekit-equal-height-enable elementor-widget elementor-widget-elementskit-icon-box\" data-id=\"673fd7a\" data-element_type=\"widget\" data-settings=\"{&quot;ekit_we_effect_on&quot;:&quot;none&quot;}\" data-widget_type=\"elementskit-icon-box.default\">\n\t\t\t\t<div class=\"elementor-widget-container\">\n\t\t\t\t\t<div class=\"ekit-wid-con\" >        <!-- link opening -->\n                <!-- end link opening -->\n\n        <div class=\"elementskit-infobox text-center text- icon-top-align elementor-animation-float   \">\n                            <div class=\"elementskit-box-header\">\n                <div class=\"elementskit-info-box-icon \">\n                    <img loading=\"lazy\" decoding=\"async\" width=\"580\" height=\"200\" src=\"https:\/\/icardio.ca\/wp-content\/uploads\/2024\/02\/hf.png\" class=\"attachment- size-\" alt=\"\" srcset=\"https:\/\/icardio.ca\/wp-content\/uploads\/2024\/02\/hf.png 580w, https:\/\/icardio.ca\/wp-content\/uploads\/2024\/02\/hf-300x103.png 300w\" sizes=\"(max-width: 580px) 100vw, 580px\" \/>                <\/div>\n          <\/div>\n                <div class=\"box-body\">\n                            <h3 class=\"elementskit-info-box-title\">\n                    Hipercolesterolemia familiar                <\/h3>\n                        \t\t  \t<p>Nuestros OBJETIVOS son mejorar la atenci\u00f3n brindada a los pacientes que padecen HF y reducir las enfermedades cardiovasculares en estos pacientes de alto riesgo.<\/p>\n                                        <div class=\"box-footer disable_hover_button\">\n                    <div class=\"btn-wraper\">\n                                                            <a class=\"elementskit-btn whitespace--normal\" href=\"https:\/\/www.fhcanada.net\/\" target=\"_blank\">\n                                                                                M\u00e1s informaci\u00f3n                                    <\/a>\n                                                        <\/div>\n                <\/div>\n                    <\/div>\n        \n        \n                <\/div>\n        <\/div>\t\t\t\t<\/div>\n\t\t\t\t<\/div>\n\t\t\t\t\t<\/div>\n\t\t<\/div>\n\t\t\t\t<div class=\"elementor-column elementor-col-25 elementor-inner-column elementor-element elementor-element-9bc6a9f\" data-id=\"9bc6a9f\" data-element_type=\"column\">\n\t\t\t<div class=\"elementor-widget-wrap elementor-element-populated\">\n\t\t\t\t\t\t<div class=\"elementor-element elementor-element-25db91c ekit-equal-height-enable elementor-widget elementor-widget-elementskit-icon-box\" data-id=\"25db91c\" data-element_type=\"widget\" data-settings=\"{&quot;ekit_we_effect_on&quot;:&quot;none&quot;}\" data-widget_type=\"elementskit-icon-box.default\">\n\t\t\t\t<div class=\"elementor-widget-container\">\n\t\t\t\t\t<div class=\"ekit-wid-con\" >        <!-- link opening -->\n                <!-- end link opening -->\n\n        <div class=\"elementskit-infobox text-center text- icon-top-align elementor-animation-float   \">\n                            <div class=\"elementskit-box-header\">\n                <div class=\"elementskit-info-box-icon \">\n                    <img loading=\"lazy\" decoding=\"async\" width=\"266\" height=\"71\" src=\"https:\/\/icardio.ca\/wp-content\/uploads\/2024\/02\/coeur-avc.png\" class=\"attachment- size-\" alt=\"\" \/>                <\/div>\n          <\/div>\n                <div class=\"box-body\">\n                            <h3 class=\"elementskit-info-box-title\">\n                    Fundaci\u00f3n del Coraz\u00f3n y los Accidentes Cerebrovasculares de Canad\u00e1                <\/h3>\n                        \t\t  \t<p>Facilitamos descubrimientos m\u00e9dicos que salvan vidas, abogamos por una mejor salud de la poblaci\u00f3n y reunimos a las mentes cient\u00edficas m\u00e1s brillantes para perfeccionar el diagn\u00f3stico, la atenci\u00f3n y el apoyo.<\/p>\n                                        <div class=\"box-footer disable_hover_button\">\n                    <div class=\"btn-wraper\">\n                                                            <a class=\"elementskit-btn whitespace--normal\" href=\"https:\/\/www.coeuretavc.ca\/\" target=\"_blank\">\n                                                                                M\u00e1s informaci\u00f3n                                    <\/a>\n                                                        <\/div>\n                <\/div>\n                    <\/div>\n        \n        \n                <\/div>\n        <\/div>\t\t\t\t<\/div>\n\t\t\t\t<\/div>\n\t\t\t\t\t<\/div>\n\t\t<\/div>\n\t\t\t\t\t<\/div>\n\t\t<\/section>\n\t\t\t\t<section class=\"elementor-section elementor-inner-section elementor-element elementor-element-7cfde9b elementor-section-boxed elementor-section-height-default elementor-section-height-default\" data-id=\"7cfde9b\" data-element_type=\"section\" data-settings=\"{&quot;ekit_has_onepagescroll_dot&quot;:&quot;yes&quot;}\">\n\t\t\t\t\t\t<div class=\"elementor-container elementor-column-gap-default\">\n\t\t\t\t\t<div class=\"elementor-column elementor-col-25 elementor-inner-column elementor-element elementor-element-d716223\" data-id=\"d716223\" data-element_type=\"column\">\n\t\t\t<div class=\"elementor-widget-wrap elementor-element-populated\">\n\t\t\t\t\t\t<div class=\"elementor-element elementor-element-e3a8fc9 ekit-equal-height-enable elementor-widget elementor-widget-elementskit-icon-box\" data-id=\"e3a8fc9\" data-element_type=\"widget\" data-settings=\"{&quot;ekit_we_effect_on&quot;:&quot;none&quot;}\" data-widget_type=\"elementskit-icon-box.default\">\n\t\t\t\t<div class=\"elementor-widget-container\">\n\t\t\t\t\t<div class=\"ekit-wid-con\" >        <!-- link opening -->\n                <!-- end link opening -->\n\n        <div class=\"elementskit-infobox text-center text- icon-top-align elementor-animation-float   \">\n                            <div class=\"elementskit-box-header\">\n                <div class=\"elementskit-info-box-icon \">\n                    <img loading=\"lazy\" decoding=\"async\" width=\"212\" height=\"66\" src=\"https:\/\/icardio.ca\/wp-content\/uploads\/2024\/02\/quebec.png\" class=\"attachment- size-\" alt=\"\" \/>                <\/div>\n          <\/div>\n                <div class=\"box-body\">\n                            <h3 class=\"elementskit-info-box-title\">\n                    CIUSSS                <\/h3>\n                        \t\t  \t<p>Centro de salud universitario integrado\r\ny servicios sociales de la Isla Norte de Montreal.<\/p>\n                                        <div class=\"box-footer disable_hover_button\">\n                    <div class=\"btn-wraper\">\n                                                            <a class=\"elementskit-btn whitespace--normal\" href=\"https:\/\/www.ciusssnordmtl.ca\/soins-et-services\/services-medicaux-specialises\/cardiologie\/\" target=\"_blank\">\n                                                                                M\u00e1s informaci\u00f3n                                    <\/a>\n                                                        <\/div>\n                <\/div>\n                    <\/div>\n        \n        \n                <\/div>\n        <\/div>\t\t\t\t<\/div>\n\t\t\t\t<\/div>\n\t\t\t\t\t<\/div>\n\t\t<\/div>\n\t\t\t\t<div class=\"elementor-column elementor-col-25 elementor-inner-column elementor-element elementor-element-9ff5695\" data-id=\"9ff5695\" data-element_type=\"column\">\n\t\t\t<div class=\"elementor-widget-wrap elementor-element-populated\">\n\t\t\t\t\t\t<div class=\"elementor-element elementor-element-4bc97a6 ekit-equal-height-enable elementor-widget elementor-widget-elementskit-icon-box\" data-id=\"4bc97a6\" data-element_type=\"widget\" data-settings=\"{&quot;ekit_we_effect_on&quot;:&quot;none&quot;}\" data-widget_type=\"elementskit-icon-box.default\">\n\t\t\t\t<div class=\"elementor-widget-container\">\n\t\t\t\t\t<div class=\"ekit-wid-con\" >        <!-- link opening -->\n                <!-- end link opening -->\n\n        <div class=\"elementskit-infobox text-center text- icon-top-align elementor-animation-float   \">\n                            <div class=\"elementskit-box-header\">\n                <div class=\"elementskit-info-box-icon \">\n                    <img loading=\"lazy\" decoding=\"async\" width=\"209\" height=\"67\" src=\"https:\/\/icardio.ca\/wp-content\/uploads\/2024\/02\/acls.png\" class=\"attachment- size-\" alt=\"\" \/>                <\/div>\n          <\/div>\n                <div class=\"box-body\">\n                            <h3 class=\"elementskit-info-box-title\">\n                    Centro de entrenamiento ACLS                <\/h3>\n                        \t\t  \t<p>Los cursos se basan en las directrices de la Heart and Stroke Foundation de Canad\u00e1.<\/p>\n                                        <div class=\"box-footer disable_hover_button\">\n                    <div class=\"btn-wraper\">\n                                                            <a class=\"elementskit-btn whitespace--normal\" href=\"https:\/\/aclscertification.ca\" target=\"_blank\">\n                                                                                M\u00e1s informaci\u00f3n                                    <\/a>\n                                                        <\/div>\n                <\/div>\n                    <\/div>\n        \n        \n                <\/div>\n        <\/div>\t\t\t\t<\/div>\n\t\t\t\t<\/div>\n\t\t\t\t\t<\/div>\n\t\t<\/div>\n\t\t\t\t<div class=\"elementor-column elementor-col-25 elementor-inner-column elementor-element elementor-element-5ba3271\" data-id=\"5ba3271\" data-element_type=\"column\">\n\t\t\t<div class=\"elementor-widget-wrap elementor-element-populated\">\n\t\t\t\t\t\t<div class=\"elementor-element elementor-element-77f3eac ekit-equal-height-enable elementor-widget elementor-widget-elementskit-icon-box\" data-id=\"77f3eac\" data-element_type=\"widget\" data-settings=\"{&quot;ekit_we_effect_on&quot;:&quot;none&quot;}\" data-widget_type=\"elementskit-icon-box.default\">\n\t\t\t\t<div class=\"elementor-widget-container\">\n\t\t\t\t\t<div class=\"ekit-wid-con\" >        <!-- link opening -->\n                <!-- end link opening -->\n\n        <div class=\"elementskit-infobox text-center text- icon-top-align elementor-animation-float   \">\n                            <div class=\"elementskit-box-header\">\n                <div class=\"elementskit-info-box-icon \">\n                    <img decoding=\"async\" width=\"95\" height=\"72\" src=\"https:\/\/icardio.ca\/wp-content\/uploads\/2024\/02\/chum.png\" class=\"attachment- size-\" alt=\"\" \/>                <\/div>\n          <\/div>\n                <div class=\"box-body\">\n                            <h3 class=\"elementskit-info-box-title\">\n                    Cardio F                <\/h3>\n                        \t\t  \t<p>En la era de la medicina individualizada, ahora debemos considerar el g\u00e9nero del paciente. Contrariamente a la percepci\u00f3n general de que el c\u00e1ncer es la principal causa de muerte entre las mujeres, ya es hora de dar a conocer la realidad, que es bastante diferente: las enfermedades card\u00edacas han sido la principal causa de muerte entre las mujeres en Am\u00e9rica del Norte durante los \u00faltimos 30 a\u00f1os. \u00faltimos a\u00f1os.<\/p>\n                                        <div class=\"box-footer disable_hover_button\">\n                    <div class=\"btn-wraper\">\n                                                            <a class=\"elementskit-btn whitespace--normal\" href=\"https:\/\/www.chumontreal.qc.ca\/repertoire\/cardio-f\" target=\"_blank\">\n                                                                                M\u00e1s informaci\u00f3n                                    <\/a>\n                                                        <\/div>\n                <\/div>\n                    <\/div>\n        \n        \n                <\/div>\n        <\/div>\t\t\t\t<\/div>\n\t\t\t\t<\/div>\n\t\t\t\t\t<\/div>\n\t\t<\/div>\n\t\t\t\t<div class=\"elementor-column elementor-col-25 elementor-inner-column elementor-element elementor-element-1aa0be6\" data-id=\"1aa0be6\" data-element_type=\"column\">\n\t\t\t<div class=\"elementor-widget-wrap\">\n\t\t\t\t\t\t\t<\/div>\n\t\t<\/div>\n\t\t\t\t\t<\/div>\n\t\t<\/section>\n\t\t\t\t\t<\/div>\n\t\t<\/div>\n\t\t\t\t\t<\/div>\n\t\t<\/section>\n\t\t\t\t<\/div>\n\t\t","protected":false},"excerpt":{"rendered":"<p>Accueil Explorar nuestros recursos en cardiolog\u00eda Icardio.ca ha notado que buscar informaci\u00f3n en la web puede ser complicado y consumir mucho tiempo sin obtener respuestas claras. Para hacer esta tarea m\u00e1s sencilla, seleccionamos y consultamos a expertos experimentados en \u00e1reas relevantes o altamente especializadas. M\u00e1s informaci\u00f3n Recursos \u00fatiles El observatorio de prevenci\u00f3n del Instituto del [&hellip;]<\/p>\n","protected":false},"author":4,"featured_media":0,"parent":0,"menu_order":0,"comment_status":"closed","ping_status":"closed","template":"elementor_header_footer","meta":{"footnotes":""},"class_list":["post-4682","page","type-page","status-publish","hentry"],"_links":{"self":[{"href":"https:\/\/icardio.ca\/es\/wp-json\/wp\/v2\/pages\/4682","targetHints":{"allow":["GET"]}}],"collection":[{"href":"https:\/\/icardio.ca\/es\/wp-json\/wp\/v2\/pages"}],"about":[{"href":"https:\/\/icardio.ca\/es\/wp-json\/wp\/v2\/types\/page"}],"author":[{"embeddable":true,"href":"https:\/\/icardio.ca\/es\/wp-json\/wp\/v2\/users\/4"}],"replies":[{"embeddable":true,"href":"https:\/\/icardio.ca\/es\/wp-json\/wp\/v2\/comments?post=4682"}],"version-history":[{"count":3,"href":"https:\/\/icardio.ca\/es\/wp-json\/wp\/v2\/pages\/4682\/revisions"}],"predecessor-version":[{"id":4685,"href":"https:\/\/icardio.ca\/es\/wp-json\/wp\/v2\/pages\/4682\/revisions\/4685"}],"wp:attachment":[{"href":"https:\/\/icardio.ca\/es\/wp-json\/wp\/v2\/media?parent=4682"}],"curies":[{"name":"wp","href":"https:\/\/api.w.org\/{rel}","templated":true}]}}