{"id":17203,"date":"2026-04-06T22:48:00","date_gmt":"2026-04-07T02:48:00","guid":{"rendered":"https:\/\/icardio.ca\/annalisa-maggio-phd\/"},"modified":"2026-04-06T22:54:49","modified_gmt":"2026-04-07T02:54:49","slug":"annalisa-maggio-phd","status":"publish","type":"page","link":"https:\/\/icardio.ca\/es\/annalisa-maggio-phd\/","title":{"rendered":"Annalisa Maggio, PhD"},"content":{"rendered":"\t\t<div data-elementor-type=\"wp-page\" data-elementor-id=\"17203\" class=\"elementor elementor-17203 elementor-17190\" data-elementor-post-type=\"page\">\n\t\t\t\t\t\t<section class=\"elementor-section elementor-top-section elementor-element elementor-element-875a25b elementor-section-boxed elementor-section-height-default elementor-section-height-default\" data-id=\"875a25b\" data-element_type=\"section\" data-settings=\"{&quot;background_background&quot;:&quot;classic&quot;,&quot;ekit_has_onepagescroll_dot&quot;:&quot;yes&quot;}\">\n\t\t\t\t\t\t\t<div class=\"elementor-background-overlay\"><\/div>\n\t\t\t\t\t\t\t<div class=\"elementor-container elementor-column-gap-default\">\n\t\t\t\t\t<div class=\"elementor-column elementor-col-100 elementor-top-column elementor-element elementor-element-108311f\" data-id=\"108311f\" data-element_type=\"column\" data-settings=\"{&quot;background_background&quot;:&quot;classic&quot;}\">\n\t\t\t<div class=\"elementor-widget-wrap elementor-element-populated\">\n\t\t\t\t\t\t<div class=\"elementor-element elementor-element-ec82eaf elementor-widget elementor-widget-heading\" data-id=\"ec82eaf\" data-element_type=\"widget\" data-settings=\"{&quot;ekit_we_effect_on&quot;:&quot;none&quot;}\" data-widget_type=\"heading.default\">\n\t\t\t\t<div class=\"elementor-widget-container\">\n\t\t\t\t\t<h1 class=\"elementor-heading-title elementor-size-default\">Annalisa Maggio, PhD<\/h1>\t\t\t\t<\/div>\n\t\t\t\t<\/div>\n\t\t\t\t<div class=\"elementor-element elementor-element-52a4955 elementor-widget elementor-widget-elementskit-breadcrumb\" data-id=\"52a4955\" data-element_type=\"widget\" data-settings=\"{&quot;ekit_we_effect_on&quot;:&quot;none&quot;}\" data-widget_type=\"elementskit-breadcrumb.default\">\n\t\t\t\t<div class=\"elementor-widget-container\">\n\t\t\t\t\t<div class=\"ekit-wid-con\" ><ol class=\"ekit-breadcrumb\"><li class=\"ekit_breadcrumbs_start\"><a href=\"https:\/\/icardio.ca\/es\/\">Bienvenido<\/a><\/li> <li class=\"brd_sep\"> &raquo; <\/li>  <li>Annalisa Maggio, PhD<\/li><\/ol><\/div>\t\t\t\t<\/div>\n\t\t\t\t<\/div>\n\t\t\t\t\t<\/div>\n\t\t<\/div>\n\t\t\t\t\t<\/div>\n\t\t<\/section>\n\t\t\t\t<section class=\"elementor-section elementor-top-section elementor-element elementor-element-12ee9961 elementor-section-boxed elementor-section-height-default elementor-section-height-default\" data-id=\"12ee9961\" data-element_type=\"section\" data-settings=\"{&quot;ekit_has_onepagescroll_dot&quot;:&quot;yes&quot;}\">\n\t\t\t\t\t\t<div class=\"elementor-container elementor-column-gap-default\">\n\t\t\t\t\t<div class=\"elementor-column elementor-col-66 elementor-top-column elementor-element elementor-element-41f0e84b\" data-id=\"41f0e84b\" data-element_type=\"column\" data-settings=\"{&quot;background_background&quot;:&quot;classic&quot;}\">\n\t\t\t<div class=\"elementor-widget-wrap elementor-element-populated\">\n\t\t\t\t\t<div class=\"elementor-background-overlay\"><\/div>\n\t\t\t\t\t\t<div class=\"elementor-element elementor-element-59a97610 elementor-widget elementor-widget-heading\" data-id=\"59a97610\" data-element_type=\"widget\" data-settings=\"{&quot;ekit_we_effect_on&quot;:&quot;none&quot;}\" data-widget_type=\"heading.default\">\n\t\t\t\t<div class=\"elementor-widget-container\">\n\t\t\t\t\t<h4 class=\"elementor-heading-title elementor-size-default\">Acerca de Annalisa Maggio<\/h4>\t\t\t\t<\/div>\n\t\t\t\t<\/div>\n\t\t\t\t<div class=\"elementor-element elementor-element-16a41f25 elementor-widget elementor-widget-text-editor\" data-id=\"16a41f25\" data-element_type=\"widget\" data-settings=\"{&quot;ekit_we_effect_on&quot;:&quot;none&quot;}\" data-widget_type=\"text-editor.default\">\n\t\t\t\t<div class=\"elementor-widget-container\">\n\t\t\t\t\t\t\t\t\t<p>Investigadora en inmunometabolismo<br \/>Investigadora postdoctoral \u2013 University of California San Diego (UCSD)<\/p><p><strong>Formaci\u00f3n<\/strong><\/p><p>La Dra. Annalisa Maggio obtuvo una licenciatura (BSc) en biotecnolog\u00eda m\u00e9dica, seguida de una maestr\u00eda (MSc) en biotecnolog\u00eda m\u00e9dica y medicina molecular, con especializaci\u00f3n en neurociencias.<\/p><p>Posteriormente realiz\u00f3 un doctorado (PhD) en inmunometabolismo, centrado en las interacciones entre el sistema inmunitario y los procesos metab\u00f3licos.<\/p><p><strong>Trayectoria acad\u00e9mica y cient\u00edfica<\/strong><\/p><p>Antes de iniciar su doctorado, la Dra. Maggio adquiri\u00f3 experiencia en investigaci\u00f3n en el University College London (UCL), donde desarroll\u00f3 competencias en inmunoterapia, especialmente en tecnolog\u00edas de receptores antig\u00e9nicos quim\u00e9ricos (CAR) aplicadas a tumores cerebrales.<\/p><p>Posteriormente trabaj\u00f3 como asistente de investigaci\u00f3n en la Universidad de Oxford, en el Reino Unido, donde estudi\u00f3 las interacciones prote\u00edna-prote\u00edna en modelos de la enfermedad de Parkinson.<\/p><p><strong>Investigaci\u00f3n actual<\/strong><\/p><p>La investigaci\u00f3n de la Dra. Maggio se centra en el inmunometabolismo, particularmente en la regulaci\u00f3n del metabolismo lip\u00eddico por el interfer\u00f3n en la aterosclerosis.<\/p><p>Sus trabajos buscan comprender mejor los mecanismos que contribuyen al aumento del riesgo cardiovascular en personas con enfermedades autoinmunes.<\/p><p><strong>Actividad actual y entorno de investigaci\u00f3n<\/strong><\/p><p>La Dra. Maggio vive y trabaja actualmente en San Diego, donde es investigadora postdoctoral en la University of California San Diego (UCSD).<\/p><p>Desarrolla su investigaci\u00f3n en un entorno multidisciplinario, enfocado en las interacciones entre inflamaci\u00f3n, metabolismo y enfermedades cardiovasculares.<\/p><p>\u00a0<\/p><p>\u00a0<\/p><p>.<\/p>\t\t\t\t\t\t\t\t<\/div>\n\t\t\t\t<\/div>\n\t\t\t\t\t<\/div>\n\t\t<\/div>\n\t\t\t\t<div class=\"elementor-column elementor-col-33 elementor-top-column elementor-element elementor-element-6f0e12d0\" data-id=\"6f0e12d0\" data-element_type=\"column\">\n\t\t\t<div class=\"elementor-widget-wrap elementor-element-populated\">\n\t\t\t\t\t\t<section class=\"elementor-section elementor-inner-section elementor-element elementor-element-6c4b2b57 elementor-section-boxed elementor-section-height-default elementor-section-height-default\" data-id=\"6c4b2b57\" data-element_type=\"section\" data-settings=\"{&quot;ekit_has_onepagescroll_dot&quot;:&quot;yes&quot;}\">\n\t\t\t\t\t\t<div class=\"elementor-container elementor-column-gap-default\">\n\t\t\t\t\t<div class=\"elementor-column elementor-col-100 elementor-inner-column elementor-element elementor-element-3ec586d2\" data-id=\"3ec586d2\" data-element_type=\"column\" data-settings=\"{&quot;background_background&quot;:&quot;classic&quot;}\">\n\t\t\t<div class=\"elementor-widget-wrap elementor-element-populated\">\n\t\t\t\t\t\t<div class=\"elementor-element elementor-element-64a6199 elementor-widget__width-auto elementor-widget elementor-widget-image\" data-id=\"64a6199\" data-element_type=\"widget\" data-settings=\"{&quot;ekit_we_effect_on&quot;:&quot;none&quot;}\" data-widget_type=\"image.default\">\n\t\t\t\t<div class=\"elementor-widget-container\">\n\t\t\t\t\t\t\t\t\t\t\t\t\t\t\t<img fetchpriority=\"high\" decoding=\"async\" width=\"205\" height=\"264\" src=\"https:\/\/icardio.ca\/wp-content\/uploads\/2026\/04\/Annalisa-Magio.jpg\" class=\"attachment-full size-full wp-image-17204\" alt=\"\" \/>\t\t\t\t\t\t\t\t\t\t\t\t\t\t\t<\/div>\n\t\t\t\t<\/div>\n\t\t\t\t\t<\/div>\n\t\t<\/div>\n\t\t\t\t\t<\/div>\n\t\t<\/section>\n\t\t\t\t\t<\/div>\n\t\t<\/div>\n\t\t\t\t\t<\/div>\n\t\t<\/section>\n\t\t\t\t<section class=\"elementor-section elementor-top-section elementor-element elementor-element-55f8f2cd elementor-section-boxed elementor-section-height-default elementor-section-height-default\" data-id=\"55f8f2cd\" data-element_type=\"section\" data-settings=\"{&quot;background_background&quot;:&quot;classic&quot;,&quot;ekit_has_onepagescroll_dot&quot;:&quot;yes&quot;}\">\n\t\t\t\t\t\t\t<div class=\"elementor-background-overlay\"><\/div>\n\t\t\t\t\t\t\t<div class=\"elementor-container elementor-column-gap-default\">\n\t\t\t\t\t<div class=\"elementor-column elementor-col-100 elementor-top-column elementor-element elementor-element-7b713cd7\" data-id=\"7b713cd7\" data-element_type=\"column\">\n\t\t\t<div class=\"elementor-widget-wrap elementor-element-populated\">\n\t\t\t\t\t\t<div class=\"elementor-element elementor-element-d6468f3 elementor-widget elementor-widget-image\" data-id=\"d6468f3\" data-element_type=\"widget\" data-settings=\"{&quot;ekit_we_effect_on&quot;:&quot;none&quot;}\" data-widget_type=\"image.default\">\n\t\t\t\t<div class=\"elementor-widget-container\">\n\t\t\t\t\t\t\t\t\t\t\t\t\t\t\t<img decoding=\"async\" width=\"412\" height=\"145\" src=\"https:\/\/icardio.ca\/wp-content\/uploads\/2024\/02\/logo.png\" class=\"attachment-large size-large wp-image-2520\" alt=\"\" srcset=\"https:\/\/icardio.ca\/wp-content\/uploads\/2024\/02\/logo.png 412w, https:\/\/icardio.ca\/wp-content\/uploads\/2024\/02\/logo-300x106.png 300w\" sizes=\"(max-width: 412px) 100vw, 412px\" \/>\t\t\t\t\t\t\t\t\t\t\t\t\t\t\t<\/div>\n\t\t\t\t<\/div>\n\t\t\t\t<div class=\"elementor-element elementor-element-561b04b5 elementor-widget elementor-widget-heading\" data-id=\"561b04b5\" data-element_type=\"widget\" data-settings=\"{&quot;ekit_we_effect_on&quot;:&quot;none&quot;}\" data-widget_type=\"heading.default\">\n\t\t\t\t<div class=\"elementor-widget-container\">\n\t\t\t\t\t<h2 class=\"elementor-heading-title elementor-size-default\"><a href=\"https:\/\/icardio.ca\/es\/contacto\/\">\u00bfDeseas contactar a uno de nuestros colaboradores?<\/a><\/h2>\t\t\t\t<\/div>\n\t\t\t\t<\/div>\n\t\t\t\t<div class=\"elementor-element elementor-element-1a7113bb elementor-align-center elementor-widget elementor-widget-button\" data-id=\"1a7113bb\" data-element_type=\"widget\" data-settings=\"{&quot;ekit_we_effect_on&quot;:&quot;none&quot;}\" data-widget_type=\"button.default\">\n\t\t\t\t<div class=\"elementor-widget-container\">\n\t\t\t\t\t\t\t\t\t<div class=\"elementor-button-wrapper\">\n\t\t\t\t\t<a class=\"elementor-button elementor-button-link elementor-size-md\" href=\"https:\/\/icardio.ca\/es\/contacto\/\">\n\t\t\t\t\t\t<span class=\"elementor-button-content-wrapper\">\n\t\t\t\t\t\t\t\t\t<span class=\"elementor-button-text\">Cont\u00e1ctenos<\/span>\n\t\t\t\t\t<\/span>\n\t\t\t\t\t<\/a>\n\t\t\t\t<\/div>\n\t\t\t\t\t\t\t\t<\/div>\n\t\t\t\t<\/div>\n\t\t\t\t\t<\/div>\n\t\t<\/div>\n\t\t\t\t\t<\/div>\n\t\t<\/section>\n\t\t\t\t<\/div>\n\t\t","protected":false},"excerpt":{"rendered":"<p>Accueil Acerca de Annalisa Maggio Investigadora en inmunometabolismoInvestigadora postdoctoral \u2013 University of California San Diego (UCSD) Formaci\u00f3n La Dra. Annalisa Maggio obtuvo una licenciatura (BSc) en biotecnolog\u00eda m\u00e9dica, seguida de una maestr\u00eda (MSc) en biotecnolog\u00eda m\u00e9dica y medicina molecular, con especializaci\u00f3n en neurociencias. Posteriormente realiz\u00f3 un doctorado (PhD) en inmunometabolismo, centrado en las interacciones entre [&hellip;]<\/p>\n","protected":false},"author":4,"featured_media":17204,"parent":0,"menu_order":0,"comment_status":"closed","ping_status":"closed","template":"elementor_header_footer","meta":{"footnotes":""},"class_list":["post-17203","page","type-page","status-publish","has-post-thumbnail","hentry"],"_links":{"self":[{"href":"https:\/\/icardio.ca\/es\/wp-json\/wp\/v2\/pages\/17203","targetHints":{"allow":["GET"]}}],"collection":[{"href":"https:\/\/icardio.ca\/es\/wp-json\/wp\/v2\/pages"}],"about":[{"href":"https:\/\/icardio.ca\/es\/wp-json\/wp\/v2\/types\/page"}],"author":[{"embeddable":true,"href":"https:\/\/icardio.ca\/es\/wp-json\/wp\/v2\/users\/4"}],"replies":[{"embeddable":true,"href":"https:\/\/icardio.ca\/es\/wp-json\/wp\/v2\/comments?post=17203"}],"version-history":[{"count":4,"href":"https:\/\/icardio.ca\/es\/wp-json\/wp\/v2\/pages\/17203\/revisions"}],"predecessor-version":[{"id":17208,"href":"https:\/\/icardio.ca\/es\/wp-json\/wp\/v2\/pages\/17203\/revisions\/17208"}],"wp:featuredmedia":[{"embeddable":true,"href":"https:\/\/icardio.ca\/es\/wp-json\/wp\/v2\/media\/17204"}],"wp:attachment":[{"href":"https:\/\/icardio.ca\/es\/wp-json\/wp\/v2\/media?parent=17203"}],"curies":[{"name":"wp","href":"https:\/\/api.w.org\/{rel}","templated":true}]}}