{"id":16882,"date":"2026-03-22T18:48:48","date_gmt":"2026-03-22T22:48:48","guid":{"rendered":"https:\/\/icardio.ca\/francois-tournoux-md-ph-d-frcpc\/"},"modified":"2026-03-22T18:56:23","modified_gmt":"2026-03-22T22:56:23","slug":"francois-tournoux-md-ph-d-frcpc","status":"publish","type":"page","link":"https:\/\/icardio.ca\/es\/francois-tournoux-md-ph-d-frcpc\/","title":{"rendered":"Fran\u00e7ois Tournoux, MD, Ph. D., FRCPC"},"content":{"rendered":"\t\t<div data-elementor-type=\"wp-page\" data-elementor-id=\"16882\" class=\"elementor elementor-16882 elementor-16870\" data-elementor-post-type=\"page\">\n\t\t\t\t\t\t<section class=\"elementor-section elementor-top-section elementor-element elementor-element-875a25b elementor-section-boxed elementor-section-height-default elementor-section-height-default\" data-id=\"875a25b\" data-element_type=\"section\" data-settings=\"{&quot;background_background&quot;:&quot;classic&quot;,&quot;ekit_has_onepagescroll_dot&quot;:&quot;yes&quot;}\">\n\t\t\t\t\t\t\t<div class=\"elementor-background-overlay\"><\/div>\n\t\t\t\t\t\t\t<div class=\"elementor-container elementor-column-gap-default\">\n\t\t\t\t\t<div class=\"elementor-column elementor-col-100 elementor-top-column elementor-element elementor-element-108311f\" data-id=\"108311f\" data-element_type=\"column\" data-settings=\"{&quot;background_background&quot;:&quot;classic&quot;}\">\n\t\t\t<div class=\"elementor-widget-wrap elementor-element-populated\">\n\t\t\t\t\t\t<div class=\"elementor-element elementor-element-ec82eaf elementor-widget elementor-widget-heading\" data-id=\"ec82eaf\" data-element_type=\"widget\" data-settings=\"{&quot;ekit_we_effect_on&quot;:&quot;none&quot;}\" data-widget_type=\"heading.default\">\n\t\t\t\t<div class=\"elementor-widget-container\">\n\t\t\t\t\t<h1 class=\"elementor-heading-title elementor-size-default\">Fran\u00e7ois Tournoux, MD, Ph. D., FRCPC<\/h1>\t\t\t\t<\/div>\n\t\t\t\t<\/div>\n\t\t\t\t<div class=\"elementor-element elementor-element-52a4955 elementor-widget elementor-widget-elementskit-breadcrumb\" data-id=\"52a4955\" data-element_type=\"widget\" data-settings=\"{&quot;ekit_we_effect_on&quot;:&quot;none&quot;}\" data-widget_type=\"elementskit-breadcrumb.default\">\n\t\t\t\t<div class=\"elementor-widget-container\">\n\t\t\t\t\t<div class=\"ekit-wid-con\" ><ol class=\"ekit-breadcrumb\"><li class=\"ekit_breadcrumbs_start\"><a href=\"https:\/\/icardio.ca\/es\/\">Bienvenido<\/a><\/li> <li class=\"brd_sep\"> &raquo; <\/li>  <li>Fran\u00e7ois Tournoux, MD, Ph. D., FRCPC<\/li><\/ol><\/div>\t\t\t\t<\/div>\n\t\t\t\t<\/div>\n\t\t\t\t\t<\/div>\n\t\t<\/div>\n\t\t\t\t\t<\/div>\n\t\t<\/section>\n\t\t\t\t<section class=\"elementor-section elementor-top-section elementor-element elementor-element-12ee9961 elementor-section-boxed elementor-section-height-default elementor-section-height-default\" data-id=\"12ee9961\" data-element_type=\"section\" data-settings=\"{&quot;ekit_has_onepagescroll_dot&quot;:&quot;yes&quot;}\">\n\t\t\t\t\t\t<div class=\"elementor-container elementor-column-gap-default\">\n\t\t\t\t\t<div class=\"elementor-column elementor-col-66 elementor-top-column elementor-element elementor-element-41f0e84b\" data-id=\"41f0e84b\" data-element_type=\"column\" data-settings=\"{&quot;background_background&quot;:&quot;classic&quot;}\">\n\t\t\t<div class=\"elementor-widget-wrap elementor-element-populated\">\n\t\t\t\t\t<div class=\"elementor-background-overlay\"><\/div>\n\t\t\t\t\t\t<div class=\"elementor-element elementor-element-59a97610 elementor-widget elementor-widget-heading\" data-id=\"59a97610\" data-element_type=\"widget\" data-settings=\"{&quot;ekit_we_effect_on&quot;:&quot;none&quot;}\" data-widget_type=\"heading.default\">\n\t\t\t\t<div class=\"elementor-widget-container\">\n\t\t\t\t\t<h4 class=\"elementor-heading-title elementor-size-default\">Acerca de Fran\u00e7ois Tournoux<\/h4>\t\t\t\t<\/div>\n\t\t\t\t<\/div>\n\t\t\t\t<div class=\"elementor-element elementor-element-16a41f25 elementor-widget elementor-widget-text-editor\" data-id=\"16a41f25\" data-element_type=\"widget\" data-settings=\"{&quot;ekit_we_effect_on&quot;:&quot;none&quot;}\" data-widget_type=\"text-editor.default\">\n\t\t\t\t<div class=\"elementor-widget-container\">\n\t\t\t\t\t\t\t\t\t<p>El Dr. Fran\u00e7ois Tournoux es profesor asociado en la Universidad McGill y profesor adjunto en la Facultad de Medicina de la Universidad de Montreal. Tambi\u00e9n es director de cardiolog\u00eda no invasiva y del laboratorio de ecocardiograf\u00eda en el Centro Universitario de Salud McGill (CUSM), donde combina la pr\u00e1ctica cl\u00ednica, las responsabilidades acad\u00e9micas y la investigaci\u00f3n.<\/p><p>Como investigador cl\u00ednico del FRQS, se centra en el desarrollo de nuevas tecnolog\u00edas y estrategias innovadoras para transformar el manejo de la insuficiencia card\u00edaca y mejorar la experiencia de los pacientes. Su investigaci\u00f3n pone un \u00e9nfasis particular en la imagen card\u00edaca, la inteligencia artificial, la telemedicina, el ejercicio y la amiloidosis card\u00edaca.<\/p><p><strong>Formaci\u00f3n y trayectoria<\/strong><\/p><p>El Dr. Tournoux se gradu\u00f3 en Medicina en la Universidad de Par\u00eds 5 (Descartes) y obtuvo un doctorado en la Universidad de Par\u00eds 7 (Diderot). Realiz\u00f3 su formaci\u00f3n en cardiolog\u00eda en Par\u00eds, seguida de un fellowship en ecocardiograf\u00eda en el Massachusetts General Hospital de Boston. Este recorrido le permiti\u00f3 adquirir una experiencia avanzada en imagen card\u00edaca no invasiva e insuficiencia card\u00edaca.<\/p><p>Entre 2012 y 2020, dirigi\u00f3 la Cl\u00ednica de Insuficiencia Card\u00edaca del CHUM (Centre hospitalier de l\u2019Universit\u00e9 de Montr\u00e9al), desempe\u00f1ando un papel clave en la organizaci\u00f3n y optimizaci\u00f3n de la atenci\u00f3n. Adem\u00e1s, fue presidente de la Sociedad Quebequense de Insuficiencia Card\u00edaca (SQIC) de 2015 a 2023, contribuyendo al avance de la pr\u00e1ctica cl\u00ednica y al fortalecimiento del liderazgo de la comunidad cardiol\u00f3gica de Quebec.<\/p><p><strong>Intereses cl\u00ednicos y de investigaci\u00f3n<\/strong><\/p><p>Su experiencia abarca la ecocardiograf\u00eda avanzada, el manejo de la insuficiencia card\u00edaca, la cardiolog\u00eda del deporte y la integraci\u00f3n de nuevas tecnolog\u00edas en la pr\u00e1ctica cl\u00ednica.<\/p><p>Est\u00e1 especialmente comprometido con la transformaci\u00f3n de los itinerarios asistenciales, integrando mejor las gu\u00edas basadas en la evidencia y mejorando la calidad global de la atenci\u00f3n.<\/p><p><strong>Compromiso con la mejora de la calidad<\/strong><\/p><p>El Dr. Tournoux complet\u00f3 formaci\u00f3n especializada en gesti\u00f3n en la HEC Montreal \u2013 Escuela de Directivos (Esenciales del MBA). Sus principales \u00e1reas de inter\u00e9s en mejora de la calidad incluyen:<\/p><ul><li>la implementaci\u00f3n de gu\u00edas basadas en la evidencia y de trayectorias de atenci\u00f3n estandarizadas,<\/li><li>proyectos de mejora continua de la calidad,<\/li><li>la creaci\u00f3n de tableros cl\u00ednicos para el seguimiento y la evaluaci\u00f3n del desempe\u00f1o.<\/li><\/ul><p>\u00a0<\/p><p><strong>Contribuciones acad\u00e9micas y cient\u00edficas<\/strong><\/p><p>Autor y coautor de numerosas publicaciones, el Dr. Tournoux contribuye activamente al avance de la investigaci\u00f3n en imagen card\u00edaca e insuficiencia card\u00edaca. Es invitado con frecuencia como conferencista en congresos nacionales e internacionales, y participa en la formaci\u00f3n de estudiantes de medicina, residentes y fellows en cardiolog\u00eda.<\/p>\t\t\t\t\t\t\t\t<\/div>\n\t\t\t\t<\/div>\n\t\t\t\t\t<\/div>\n\t\t<\/div>\n\t\t\t\t<div class=\"elementor-column elementor-col-33 elementor-top-column elementor-element elementor-element-6f0e12d0\" data-id=\"6f0e12d0\" data-element_type=\"column\">\n\t\t\t<div class=\"elementor-widget-wrap elementor-element-populated\">\n\t\t\t\t\t\t<section class=\"elementor-section elementor-inner-section elementor-element elementor-element-6c4b2b57 elementor-section-boxed elementor-section-height-default elementor-section-height-default\" data-id=\"6c4b2b57\" data-element_type=\"section\" data-settings=\"{&quot;ekit_has_onepagescroll_dot&quot;:&quot;yes&quot;}\">\n\t\t\t\t\t\t<div class=\"elementor-container elementor-column-gap-default\">\n\t\t\t\t\t<div class=\"elementor-column elementor-col-100 elementor-inner-column elementor-element elementor-element-3ec586d2\" data-id=\"3ec586d2\" data-element_type=\"column\" data-settings=\"{&quot;background_background&quot;:&quot;classic&quot;}\">\n\t\t\t<div class=\"elementor-widget-wrap elementor-element-populated\">\n\t\t\t\t\t\t<div class=\"elementor-element elementor-element-64a6199 elementor-widget__width-auto elementor-widget elementor-widget-image\" data-id=\"64a6199\" data-element_type=\"widget\" data-settings=\"{&quot;ekit_we_effect_on&quot;:&quot;none&quot;}\" data-widget_type=\"image.default\">\n\t\t\t\t<div class=\"elementor-widget-container\">\n\t\t\t\t\t\t\t\t\t\t\t\t\t\t\t<img decoding=\"async\" width=\"220\" height=\"220\" src=\"https:\/\/icardio.ca\/wp-content\/uploads\/2026\/03\/francois_tournoux_0.jpg\" class=\"attachment-full size-full wp-image-16883\" alt=\"\" srcset=\"https:\/\/icardio.ca\/wp-content\/uploads\/2026\/03\/francois_tournoux_0.jpg 220w, https:\/\/icardio.ca\/wp-content\/uploads\/2026\/03\/francois_tournoux_0-150x150.jpg 150w\" sizes=\"(max-width: 220px) 100vw, 220px\" \/>\t\t\t\t\t\t\t\t\t\t\t\t\t\t\t<\/div>\n\t\t\t\t<\/div>\n\t\t\t\t\t<\/div>\n\t\t<\/div>\n\t\t\t\t\t<\/div>\n\t\t<\/section>\n\t\t\t\t\t<\/div>\n\t\t<\/div>\n\t\t\t\t\t<\/div>\n\t\t<\/section>\n\t\t\t\t<section class=\"elementor-section elementor-top-section elementor-element elementor-element-55f8f2cd elementor-section-boxed elementor-section-height-default elementor-section-height-default\" data-id=\"55f8f2cd\" data-element_type=\"section\" data-settings=\"{&quot;background_background&quot;:&quot;classic&quot;,&quot;ekit_has_onepagescroll_dot&quot;:&quot;yes&quot;}\">\n\t\t\t\t\t\t\t<div class=\"elementor-background-overlay\"><\/div>\n\t\t\t\t\t\t\t<div class=\"elementor-container elementor-column-gap-default\">\n\t\t\t\t\t<div class=\"elementor-column elementor-col-100 elementor-top-column elementor-element elementor-element-7b713cd7\" data-id=\"7b713cd7\" data-element_type=\"column\">\n\t\t\t<div class=\"elementor-widget-wrap elementor-element-populated\">\n\t\t\t\t\t\t<div class=\"elementor-element elementor-element-d6468f3 elementor-widget elementor-widget-image\" data-id=\"d6468f3\" data-element_type=\"widget\" data-settings=\"{&quot;ekit_we_effect_on&quot;:&quot;none&quot;}\" data-widget_type=\"image.default\">\n\t\t\t\t<div class=\"elementor-widget-container\">\n\t\t\t\t\t\t\t\t\t\t\t\t\t\t\t<img fetchpriority=\"high\" decoding=\"async\" width=\"412\" height=\"145\" src=\"https:\/\/icardio.ca\/wp-content\/uploads\/2024\/02\/logo.png\" class=\"attachment-large size-large wp-image-2520\" alt=\"\" srcset=\"https:\/\/icardio.ca\/wp-content\/uploads\/2024\/02\/logo.png 412w, https:\/\/icardio.ca\/wp-content\/uploads\/2024\/02\/logo-300x106.png 300w\" sizes=\"(max-width: 412px) 100vw, 412px\" \/>\t\t\t\t\t\t\t\t\t\t\t\t\t\t\t<\/div>\n\t\t\t\t<\/div>\n\t\t\t\t<div class=\"elementor-element elementor-element-561b04b5 elementor-widget elementor-widget-heading\" data-id=\"561b04b5\" data-element_type=\"widget\" data-settings=\"{&quot;ekit_we_effect_on&quot;:&quot;none&quot;}\" data-widget_type=\"heading.default\">\n\t\t\t\t<div class=\"elementor-widget-container\">\n\t\t\t\t\t<h2 class=\"elementor-heading-title elementor-size-default\"><a href=\"https:\/\/icardio.ca\/es\/contacto\/\">\u00bfDeseas contactar a uno de nuestros colaboradores?<\/a><\/h2>\t\t\t\t<\/div>\n\t\t\t\t<\/div>\n\t\t\t\t<div class=\"elementor-element elementor-element-1a7113bb elementor-align-center elementor-widget elementor-widget-button\" data-id=\"1a7113bb\" data-element_type=\"widget\" data-settings=\"{&quot;ekit_we_effect_on&quot;:&quot;none&quot;}\" data-widget_type=\"button.default\">\n\t\t\t\t<div class=\"elementor-widget-container\">\n\t\t\t\t\t\t\t\t\t<div class=\"elementor-button-wrapper\">\n\t\t\t\t\t<a class=\"elementor-button elementor-button-link elementor-size-md\" href=\"https:\/\/icardio.ca\/es\/contacto\/\">\n\t\t\t\t\t\t<span class=\"elementor-button-content-wrapper\">\n\t\t\t\t\t\t\t\t\t<span class=\"elementor-button-text\">Cont\u00e1ctenos<\/span>\n\t\t\t\t\t<\/span>\n\t\t\t\t\t<\/a>\n\t\t\t\t<\/div>\n\t\t\t\t\t\t\t\t<\/div>\n\t\t\t\t<\/div>\n\t\t\t\t\t<\/div>\n\t\t<\/div>\n\t\t\t\t\t<\/div>\n\t\t<\/section>\n\t\t\t\t<\/div>\n\t\t","protected":false},"excerpt":{"rendered":"<p>Accueil Acerca de Fran\u00e7ois Tournoux El Dr. Fran\u00e7ois Tournoux es profesor asociado en la Universidad McGill y profesor adjunto en la Facultad de Medicina de la Universidad de Montreal. Tambi\u00e9n es director de cardiolog\u00eda no invasiva y del laboratorio de ecocardiograf\u00eda en el Centro Universitario de Salud McGill (CUSM), donde combina la pr\u00e1ctica cl\u00ednica, las [&hellip;]<\/p>\n","protected":false},"author":4,"featured_media":16883,"parent":0,"menu_order":0,"comment_status":"closed","ping_status":"closed","template":"elementor_header_footer","meta":{"footnotes":""},"class_list":["post-16882","page","type-page","status-publish","has-post-thumbnail","hentry"],"_links":{"self":[{"href":"https:\/\/icardio.ca\/es\/wp-json\/wp\/v2\/pages\/16882","targetHints":{"allow":["GET"]}}],"collection":[{"href":"https:\/\/icardio.ca\/es\/wp-json\/wp\/v2\/pages"}],"about":[{"href":"https:\/\/icardio.ca\/es\/wp-json\/wp\/v2\/types\/page"}],"author":[{"embeddable":true,"href":"https:\/\/icardio.ca\/es\/wp-json\/wp\/v2\/users\/4"}],"replies":[{"embeddable":true,"href":"https:\/\/icardio.ca\/es\/wp-json\/wp\/v2\/comments?post=16882"}],"version-history":[{"count":4,"href":"https:\/\/icardio.ca\/es\/wp-json\/wp\/v2\/pages\/16882\/revisions"}],"predecessor-version":[{"id":16887,"href":"https:\/\/icardio.ca\/es\/wp-json\/wp\/v2\/pages\/16882\/revisions\/16887"}],"wp:featuredmedia":[{"embeddable":true,"href":"https:\/\/icardio.ca\/es\/wp-json\/wp\/v2\/media\/16883"}],"wp:attachment":[{"href":"https:\/\/icardio.ca\/es\/wp-json\/wp\/v2\/media?parent=16882"}],"curies":[{"name":"wp","href":"https:\/\/api.w.org\/{rel}","templated":true}]}}