{"id":16801,"date":"2026-03-22T16:42:47","date_gmt":"2026-03-22T20:42:47","guid":{"rendered":"https:\/\/icardio.ca\/frederic-jacques-md-msc-frcsc\/"},"modified":"2026-03-22T16:49:51","modified_gmt":"2026-03-22T20:49:51","slug":"frederic-jacques-md-msc-frcsc","status":"publish","type":"page","link":"https:\/\/icardio.ca\/es\/frederic-jacques-md-msc-frcsc\/","title":{"rendered":"Fr\u00e9d\u00e9ric Jacques, MD, MSc, FRCSC"},"content":{"rendered":"\t\t<div data-elementor-type=\"wp-page\" data-elementor-id=\"16801\" class=\"elementor elementor-16801 elementor-16789\" data-elementor-post-type=\"page\">\n\t\t\t\t\t\t<section class=\"elementor-section elementor-top-section elementor-element elementor-element-875a25b elementor-section-boxed elementor-section-height-default elementor-section-height-default\" data-id=\"875a25b\" data-element_type=\"section\" data-settings=\"{&quot;background_background&quot;:&quot;classic&quot;,&quot;ekit_has_onepagescroll_dot&quot;:&quot;yes&quot;}\">\n\t\t\t\t\t\t\t<div class=\"elementor-background-overlay\"><\/div>\n\t\t\t\t\t\t\t<div class=\"elementor-container elementor-column-gap-default\">\n\t\t\t\t\t<div class=\"elementor-column elementor-col-100 elementor-top-column elementor-element elementor-element-108311f\" data-id=\"108311f\" data-element_type=\"column\" data-settings=\"{&quot;background_background&quot;:&quot;classic&quot;}\">\n\t\t\t<div class=\"elementor-widget-wrap elementor-element-populated\">\n\t\t\t\t\t\t<div class=\"elementor-element elementor-element-ec82eaf elementor-widget elementor-widget-heading\" data-id=\"ec82eaf\" data-element_type=\"widget\" data-settings=\"{&quot;ekit_we_effect_on&quot;:&quot;none&quot;}\" data-widget_type=\"heading.default\">\n\t\t\t\t<div class=\"elementor-widget-container\">\n\t\t\t\t\t<h1 class=\"elementor-heading-title elementor-size-default\">Fr\u00e9d\u00e9ric Jacques, MD, MSc, FRCSC<\/h1>\t\t\t\t<\/div>\n\t\t\t\t<\/div>\n\t\t\t\t<div class=\"elementor-element elementor-element-52a4955 elementor-widget elementor-widget-elementskit-breadcrumb\" data-id=\"52a4955\" data-element_type=\"widget\" data-settings=\"{&quot;ekit_we_effect_on&quot;:&quot;none&quot;}\" data-widget_type=\"elementskit-breadcrumb.default\">\n\t\t\t\t<div class=\"elementor-widget-container\">\n\t\t\t\t\t<div class=\"ekit-wid-con\" ><ol class=\"ekit-breadcrumb\"><li class=\"ekit_breadcrumbs_start\"><a href=\"https:\/\/icardio.ca\/es\/\">Bienvenido<\/a><\/li> <li class=\"brd_sep\"> &raquo; <\/li>  <li>Fr\u00e9d\u00e9ric Jacques, MD, MSc, FRCSC<\/li><\/ol><\/div>\t\t\t\t<\/div>\n\t\t\t\t<\/div>\n\t\t\t\t\t<\/div>\n\t\t<\/div>\n\t\t\t\t\t<\/div>\n\t\t<\/section>\n\t\t\t\t<section class=\"elementor-section elementor-top-section elementor-element elementor-element-12ee9961 elementor-section-boxed elementor-section-height-default elementor-section-height-default\" data-id=\"12ee9961\" data-element_type=\"section\" data-settings=\"{&quot;ekit_has_onepagescroll_dot&quot;:&quot;yes&quot;}\">\n\t\t\t\t\t\t<div class=\"elementor-container elementor-column-gap-default\">\n\t\t\t\t\t<div class=\"elementor-column elementor-col-66 elementor-top-column elementor-element elementor-element-41f0e84b\" data-id=\"41f0e84b\" data-element_type=\"column\" data-settings=\"{&quot;background_background&quot;:&quot;classic&quot;}\">\n\t\t\t<div class=\"elementor-widget-wrap elementor-element-populated\">\n\t\t\t\t\t<div class=\"elementor-background-overlay\"><\/div>\n\t\t\t\t\t\t<div class=\"elementor-element elementor-element-59a97610 elementor-widget elementor-widget-heading\" data-id=\"59a97610\" data-element_type=\"widget\" data-settings=\"{&quot;ekit_we_effect_on&quot;:&quot;none&quot;}\" data-widget_type=\"heading.default\">\n\t\t\t\t<div class=\"elementor-widget-container\">\n\t\t\t\t\t<h4 class=\"elementor-heading-title elementor-size-default\">Acerca de Fr\u00e9d\u00e9ric Jacques<\/h4>\t\t\t\t<\/div>\n\t\t\t\t<\/div>\n\t\t\t\t<div class=\"elementor-element elementor-element-16a41f25 elementor-widget elementor-widget-text-editor\" data-id=\"16a41f25\" data-element_type=\"widget\" data-settings=\"{&quot;ekit_we_effect_on&quot;:&quot;none&quot;}\" data-widget_type=\"text-editor.default\">\n\t\t\t\t<div class=\"elementor-widget-container\">\n\t\t\t\t\t\t\t\t\t<p>Cirujano card\u00edaco cong\u00e9nito en adultos y pediatr\u00eda<br \/>Profesor cl\u00ednico \u2013 Universit\u00e9 Laval<\/p><p><strong>Formaci\u00f3n m\u00e9dica y acad\u00e9mica<\/strong><\/p><p>El Dr. Fr\u00e9d\u00e9ric Jacques obtuvo su t\u00edtulo de m\u00e9dico en la Universit\u00e9 Laval en 2004. Posteriormente realiz\u00f3 su formaci\u00f3n especializada en cirug\u00eda card\u00edaca en la Universit\u00e9 de Montr\u00e9al entre 2004 y 2010.<\/p><p>Durante este per\u00edodo, tambi\u00e9n obtuvo una maestr\u00eda en ciencias biom\u00e9dicas en la Universit\u00e9 de Montr\u00e9al en 2008, lo que refleja su inter\u00e9s por la investigaci\u00f3n y el avance del conocimiento en cirug\u00eda cardiovascular.<\/p><p><strong>Formaci\u00f3n especializada en cirug\u00eda card\u00edaca cong\u00e9nita<\/strong><\/p><p>Con el objetivo de perfeccionar su experiencia, el Dr. Jacques realiz\u00f3 formaci\u00f3n adicional en cirug\u00eda card\u00edaca cong\u00e9nita en centros de reconocimiento internacional.<\/p><p>Primero complet\u00f3 una beca cl\u00ednica de dos a\u00f1os en la University of Toronto, donde se especializ\u00f3 en el tratamiento quir\u00fargico de las cardiopat\u00edas cong\u00e9nitas.<\/p><p>Posteriormente, complet\u00f3 un a\u00f1o adicional de formaci\u00f3n en la Harvard University en Boston, tambi\u00e9n enfocado en la cirug\u00eda card\u00edaca cong\u00e9nita.<\/p><p><strong>Pr\u00e1ctica cl\u00ednica en la ciudad de Quebec<\/strong><\/p><p>A su regreso a la ciudad de Quebec en 2013, el Dr. Jacques se uni\u00f3 al Dr. Jean Perron como cirujano card\u00edaco cong\u00e9nito.<\/p><p>Ejercita su pr\u00e1ctica en:<\/p><ul><li>el Institut universitaire de cardiologie et de pneumologie de Qu\u00e9bec para cirug\u00eda card\u00edaca en adultos<br \/>\u2022 el CHU de Qu\u00e9bec \u2013 Centre m\u00e8re-enfant para cirug\u00eda card\u00edaca pedi\u00e1trica<\/li><\/ul><p>Esta doble pr\u00e1ctica le permite atender a pacientes con cardiopat\u00edas cong\u00e9nitas tanto en la infancia como en la edad adulta.<\/p><p>En cirug\u00eda card\u00edaca de adultos, el Dr. Jacques tambi\u00e9n tiene un inter\u00e9s particular en el tratamiento quir\u00fargico de las arritmias card\u00edacas.<\/p><p><strong>Docencia y formaci\u00f3n<\/strong><\/p><p>El Dr. Jacques es profesor cl\u00ednico en la Facultad de Medicina de la Universit\u00e9 Laval y participa activamente en la formaci\u00f3n de estudiantes de medicina y m\u00e9dicos residentes.<\/p><p>Desde 2017, tambi\u00e9n se desempe\u00f1a como director del programa de residencia en cirug\u00eda card\u00edaca de la Universit\u00e9 Laval, contribuyendo a la formaci\u00f3n de la pr\u00f3xima generaci\u00f3n de cirujanos card\u00edacos.<\/p><p><strong>Compromiso cl\u00ednico, acad\u00e9mico y cient\u00edfico<\/strong><\/p><p>Adem\u00e1s de sus actividades cl\u00ednicas y docentes, el Dr. Jacques participa en la investigaci\u00f3n en cirug\u00eda card\u00edaca, contribuyendo al desarrollo y la mejora de las t\u00e9cnicas quir\u00fargicas y de la atenci\u00f3n a pacientes con enfermedades card\u00edacas.<\/p><p>\u00a0<\/p>\t\t\t\t\t\t\t\t<\/div>\n\t\t\t\t<\/div>\n\t\t\t\t\t<\/div>\n\t\t<\/div>\n\t\t\t\t<div class=\"elementor-column elementor-col-33 elementor-top-column elementor-element elementor-element-6f0e12d0\" data-id=\"6f0e12d0\" data-element_type=\"column\">\n\t\t\t<div class=\"elementor-widget-wrap elementor-element-populated\">\n\t\t\t\t\t\t<section class=\"elementor-section elementor-inner-section elementor-element elementor-element-6c4b2b57 elementor-section-boxed elementor-section-height-default elementor-section-height-default\" data-id=\"6c4b2b57\" data-element_type=\"section\" data-settings=\"{&quot;ekit_has_onepagescroll_dot&quot;:&quot;yes&quot;}\">\n\t\t\t\t\t\t<div class=\"elementor-container elementor-column-gap-default\">\n\t\t\t\t\t<div class=\"elementor-column elementor-col-100 elementor-inner-column elementor-element elementor-element-3ec586d2\" data-id=\"3ec586d2\" data-element_type=\"column\" data-settings=\"{&quot;background_background&quot;:&quot;classic&quot;}\">\n\t\t\t<div class=\"elementor-widget-wrap elementor-element-populated\">\n\t\t\t\t\t\t<div class=\"elementor-element elementor-element-64a6199 elementor-widget__width-auto elementor-widget elementor-widget-image\" data-id=\"64a6199\" data-element_type=\"widget\" data-settings=\"{&quot;ekit_we_effect_on&quot;:&quot;none&quot;}\" data-widget_type=\"image.default\">\n\t\t\t\t<div class=\"elementor-widget-container\">\n\t\t\t\t\t\t\t\t\t\t\t\t\t\t\t<img fetchpriority=\"high\" decoding=\"async\" width=\"420\" height=\"391\" src=\"https:\/\/icardio.ca\/wp-content\/uploads\/2026\/03\/jacques-frederic-Md.jpg\" class=\"attachment-full size-full wp-image-16802\" alt=\"\" srcset=\"https:\/\/icardio.ca\/wp-content\/uploads\/2026\/03\/jacques-frederic-Md.jpg 420w, https:\/\/icardio.ca\/wp-content\/uploads\/2026\/03\/jacques-frederic-Md-300x279.jpg 300w\" sizes=\"(max-width: 420px) 100vw, 420px\" \/>\t\t\t\t\t\t\t\t\t\t\t\t\t\t\t<\/div>\n\t\t\t\t<\/div>\n\t\t\t\t\t<\/div>\n\t\t<\/div>\n\t\t\t\t\t<\/div>\n\t\t<\/section>\n\t\t\t\t\t<\/div>\n\t\t<\/div>\n\t\t\t\t\t<\/div>\n\t\t<\/section>\n\t\t\t\t<section class=\"elementor-section elementor-top-section elementor-element elementor-element-55f8f2cd elementor-section-boxed elementor-section-height-default elementor-section-height-default\" data-id=\"55f8f2cd\" data-element_type=\"section\" data-settings=\"{&quot;background_background&quot;:&quot;classic&quot;,&quot;ekit_has_onepagescroll_dot&quot;:&quot;yes&quot;}\">\n\t\t\t\t\t\t\t<div class=\"elementor-background-overlay\"><\/div>\n\t\t\t\t\t\t\t<div class=\"elementor-container elementor-column-gap-default\">\n\t\t\t\t\t<div class=\"elementor-column elementor-col-100 elementor-top-column elementor-element elementor-element-7b713cd7\" data-id=\"7b713cd7\" data-element_type=\"column\">\n\t\t\t<div class=\"elementor-widget-wrap elementor-element-populated\">\n\t\t\t\t\t\t<div class=\"elementor-element elementor-element-d6468f3 elementor-widget elementor-widget-image\" data-id=\"d6468f3\" data-element_type=\"widget\" data-settings=\"{&quot;ekit_we_effect_on&quot;:&quot;none&quot;}\" data-widget_type=\"image.default\">\n\t\t\t\t<div class=\"elementor-widget-container\">\n\t\t\t\t\t\t\t\t\t\t\t\t\t\t\t<img decoding=\"async\" width=\"412\" height=\"145\" src=\"https:\/\/icardio.ca\/wp-content\/uploads\/2024\/02\/logo.png\" class=\"attachment-large size-large wp-image-2520\" alt=\"\" srcset=\"https:\/\/icardio.ca\/wp-content\/uploads\/2024\/02\/logo.png 412w, https:\/\/icardio.ca\/wp-content\/uploads\/2024\/02\/logo-300x106.png 300w\" sizes=\"(max-width: 412px) 100vw, 412px\" \/>\t\t\t\t\t\t\t\t\t\t\t\t\t\t\t<\/div>\n\t\t\t\t<\/div>\n\t\t\t\t<div class=\"elementor-element elementor-element-561b04b5 elementor-widget elementor-widget-heading\" data-id=\"561b04b5\" data-element_type=\"widget\" data-settings=\"{&quot;ekit_we_effect_on&quot;:&quot;none&quot;}\" data-widget_type=\"heading.default\">\n\t\t\t\t<div class=\"elementor-widget-container\">\n\t\t\t\t\t<h2 class=\"elementor-heading-title elementor-size-default\"><a href=\"https:\/\/icardio.ca\/es\/contacto\/\">\u00bfDeseas contactar a uno de nuestros colaboradores?<\/a><\/h2>\t\t\t\t<\/div>\n\t\t\t\t<\/div>\n\t\t\t\t<div class=\"elementor-element elementor-element-1a7113bb elementor-align-center elementor-widget elementor-widget-button\" data-id=\"1a7113bb\" data-element_type=\"widget\" data-settings=\"{&quot;ekit_we_effect_on&quot;:&quot;none&quot;}\" data-widget_type=\"button.default\">\n\t\t\t\t<div class=\"elementor-widget-container\">\n\t\t\t\t\t\t\t\t\t<div class=\"elementor-button-wrapper\">\n\t\t\t\t\t<a class=\"elementor-button elementor-button-link elementor-size-md\" href=\"https:\/\/icardio.ca\/es\/contacto\/\">\n\t\t\t\t\t\t<span class=\"elementor-button-content-wrapper\">\n\t\t\t\t\t\t\t\t\t<span class=\"elementor-button-text\">Cont\u00e1ctenos<\/span>\n\t\t\t\t\t<\/span>\n\t\t\t\t\t<\/a>\n\t\t\t\t<\/div>\n\t\t\t\t\t\t\t\t<\/div>\n\t\t\t\t<\/div>\n\t\t\t\t\t<\/div>\n\t\t<\/div>\n\t\t\t\t\t<\/div>\n\t\t<\/section>\n\t\t\t\t<\/div>\n\t\t","protected":false},"excerpt":{"rendered":"<p>Accueil Acerca de Fr\u00e9d\u00e9ric Jacques Cirujano card\u00edaco cong\u00e9nito en adultos y pediatr\u00edaProfesor cl\u00ednico \u2013 Universit\u00e9 Laval Formaci\u00f3n m\u00e9dica y acad\u00e9mica El Dr. Fr\u00e9d\u00e9ric Jacques obtuvo su t\u00edtulo de m\u00e9dico en la Universit\u00e9 Laval en 2004. Posteriormente realiz\u00f3 su formaci\u00f3n especializada en cirug\u00eda card\u00edaca en la Universit\u00e9 de Montr\u00e9al entre 2004 y 2010. Durante este per\u00edodo, [&hellip;]<\/p>\n","protected":false},"author":4,"featured_media":16802,"parent":0,"menu_order":0,"comment_status":"closed","ping_status":"closed","template":"elementor_header_footer","meta":{"footnotes":""},"class_list":["post-16801","page","type-page","status-publish","has-post-thumbnail","hentry"],"_links":{"self":[{"href":"https:\/\/icardio.ca\/es\/wp-json\/wp\/v2\/pages\/16801","targetHints":{"allow":["GET"]}}],"collection":[{"href":"https:\/\/icardio.ca\/es\/wp-json\/wp\/v2\/pages"}],"about":[{"href":"https:\/\/icardio.ca\/es\/wp-json\/wp\/v2\/types\/page"}],"author":[{"embeddable":true,"href":"https:\/\/icardio.ca\/es\/wp-json\/wp\/v2\/users\/4"}],"replies":[{"embeddable":true,"href":"https:\/\/icardio.ca\/es\/wp-json\/wp\/v2\/comments?post=16801"}],"version-history":[{"count":4,"href":"https:\/\/icardio.ca\/es\/wp-json\/wp\/v2\/pages\/16801\/revisions"}],"predecessor-version":[{"id":16806,"href":"https:\/\/icardio.ca\/es\/wp-json\/wp\/v2\/pages\/16801\/revisions\/16806"}],"wp:featuredmedia":[{"embeddable":true,"href":"https:\/\/icardio.ca\/es\/wp-json\/wp\/v2\/media\/16802"}],"wp:attachment":[{"href":"https:\/\/icardio.ca\/es\/wp-json\/wp\/v2\/media?parent=16801"}],"curies":[{"name":"wp","href":"https:\/\/api.w.org\/{rel}","templated":true}]}}