{"id":15019,"date":"2025-10-08T19:32:57","date_gmt":"2025-10-08T23:32:57","guid":{"rendered":"https:\/\/icardio.ca\/kevin-haddad-md-msc-frcpc\/"},"modified":"2025-10-10T08:56:08","modified_gmt":"2025-10-10T12:56:08","slug":"kevin-haddad-md-msc-frcpc","status":"publish","type":"page","link":"https:\/\/icardio.ca\/es\/kevin-haddad-md-msc-frcpc\/","title":{"rendered":"Kevin Haddad, MD, MSc, FRCPC"},"content":{"rendered":"\t\t<div data-elementor-type=\"wp-page\" data-elementor-id=\"15019\" class=\"elementor elementor-15019 elementor-15007\" data-elementor-post-type=\"page\">\n\t\t\t\t\t\t<section class=\"elementor-section elementor-top-section elementor-element elementor-element-875a25b elementor-section-boxed elementor-section-height-default elementor-section-height-default\" data-id=\"875a25b\" data-element_type=\"section\" data-settings=\"{&quot;background_background&quot;:&quot;classic&quot;,&quot;ekit_has_onepagescroll_dot&quot;:&quot;yes&quot;}\">\n\t\t\t\t\t\t\t<div class=\"elementor-background-overlay\"><\/div>\n\t\t\t\t\t\t\t<div class=\"elementor-container elementor-column-gap-default\">\n\t\t\t\t\t<div class=\"elementor-column elementor-col-100 elementor-top-column elementor-element elementor-element-108311f\" data-id=\"108311f\" data-element_type=\"column\" data-settings=\"{&quot;background_background&quot;:&quot;classic&quot;}\">\n\t\t\t<div class=\"elementor-widget-wrap elementor-element-populated\">\n\t\t\t\t\t\t<div class=\"elementor-element elementor-element-ec82eaf elementor-widget elementor-widget-heading\" data-id=\"ec82eaf\" data-element_type=\"widget\" data-settings=\"{&quot;ekit_we_effect_on&quot;:&quot;none&quot;}\" data-widget_type=\"heading.default\">\n\t\t\t\t<div class=\"elementor-widget-container\">\n\t\t\t\t\t<h1 class=\"elementor-heading-title elementor-size-default\">Kevin Haddad, MD, MSc, FRCPC<\/h1>\t\t\t\t<\/div>\n\t\t\t\t<\/div>\n\t\t\t\t<div class=\"elementor-element elementor-element-52a4955 elementor-widget elementor-widget-elementskit-breadcrumb\" data-id=\"52a4955\" data-element_type=\"widget\" data-settings=\"{&quot;ekit_we_effect_on&quot;:&quot;none&quot;}\" data-widget_type=\"elementskit-breadcrumb.default\">\n\t\t\t\t<div class=\"elementor-widget-container\">\n\t\t\t\t\t<div class=\"ekit-wid-con\" ><ol class=\"ekit-breadcrumb\"><li class=\"ekit_breadcrumbs_start\"><a href=\"https:\/\/icardio.ca\/es\/\">Bienvenido<\/a><\/li> <li class=\"brd_sep\"> &raquo; <\/li>  <li>Kevin Haddad, MD, MSc, FRCPC<\/li><\/ol><\/div>\t\t\t\t<\/div>\n\t\t\t\t<\/div>\n\t\t\t\t\t<\/div>\n\t\t<\/div>\n\t\t\t\t\t<\/div>\n\t\t<\/section>\n\t\t\t\t<section class=\"elementor-section elementor-top-section elementor-element elementor-element-12ee9961 elementor-section-boxed elementor-section-height-default elementor-section-height-default\" data-id=\"12ee9961\" data-element_type=\"section\" data-settings=\"{&quot;ekit_has_onepagescroll_dot&quot;:&quot;yes&quot;}\">\n\t\t\t\t\t\t<div class=\"elementor-container elementor-column-gap-default\">\n\t\t\t\t\t<div class=\"elementor-column elementor-col-66 elementor-top-column elementor-element elementor-element-41f0e84b\" data-id=\"41f0e84b\" data-element_type=\"column\" data-settings=\"{&quot;background_background&quot;:&quot;classic&quot;}\">\n\t\t\t<div class=\"elementor-widget-wrap elementor-element-populated\">\n\t\t\t\t\t<div class=\"elementor-background-overlay\"><\/div>\n\t\t\t\t\t\t<div class=\"elementor-element elementor-element-59a97610 elementor-widget elementor-widget-heading\" data-id=\"59a97610\" data-element_type=\"widget\" data-settings=\"{&quot;ekit_we_effect_on&quot;:&quot;none&quot;}\" data-widget_type=\"heading.default\">\n\t\t\t\t<div class=\"elementor-widget-container\">\n\t\t\t\t\t<h4 class=\"elementor-heading-title elementor-size-default\">Acerca de Kevin Haddad<\/h4>\t\t\t\t<\/div>\n\t\t\t\t<\/div>\n\t\t\t\t<div class=\"elementor-element elementor-element-16a41f25 elementor-widget elementor-widget-text-editor\" data-id=\"16a41f25\" data-element_type=\"widget\" data-settings=\"{&quot;ekit_we_effect_on&quot;:&quot;none&quot;}\" data-widget_type=\"text-editor.default\">\n\t\t\t\t<div class=\"elementor-widget-container\">\n\t\t\t\t\t\t\t\t\t<p><strong>Cardi\u00f3logo<\/strong> \u2014 Fellowship en hemodinamia, Universidad Columbia, Nueva York<\/p><p><strong>Formaci\u00f3n m\u00e9dica y especializada<\/strong><\/p><p>El Dr. Kevin Haddad obtuvo su doctorado en medicina en 2019 en la Universidad de Montreal. Posteriormente complet\u00f3 una residencia en medicina interna en la misma instituci\u00f3n entre 2019 y 2022, seguida de una especializaci\u00f3n en cardiolog\u00eda de 2022 a 2025.<br \/>Actualmente realiza un fellowship en hemodinamia en la Universidad Columbia (New York Presbyterian \/ Columbia University Irving Medical Center).<br \/>En 2024, complet\u00f3 adem\u00e1s una formaci\u00f3n adicional en el programa de Clinical Effectiveness de la Universidad de Harvard, como parte de un curso de verano centrado en la investigaci\u00f3n cl\u00ednica y la epidemiolog\u00eda.<\/p><p><strong>Actividad cl\u00ednica y perspectivas<\/strong><\/p><p>El Dr. Haddad tiene previsto regresar al Centro Hospitalario de la Universidad de Montreal (CHUM) para ejercer como cardi\u00f3logo intervencionista al finalizar su formaci\u00f3n, hacia los a\u00f1os 2027\u20132028.<\/p><p>Sus <strong>\u00e1reas de inter\u00e9s cl\u00ednico<\/strong> incluyen:<\/p><ul><li>los procedimientos coronarios complejos y de alto riesgo, incluidos los CTO,<\/li><li>la farmacolog\u00eda de los s\u00edndromes coronarios agudos (SCA),<\/li><li>la imagen coronaria invasiva,<\/li><li>la tecnolog\u00eda y la innovaci\u00f3n en el laboratorio de hemodin\u00e1mica,<\/li><li>el soporte circulatorio mec\u00e1nico,<\/li><li>y la investigaci\u00f3n cl\u00ednica y epidemiol\u00f3gica aplicada a las enfermedades cardiovasculares.<\/li><\/ul><p>\u00a0<\/p><p><strong>Compromiso acad\u00e9mico y docencia<\/strong><\/p><p>Muy implicado en la formaci\u00f3n m\u00e9dica, el Dr. Haddad act\u00faa como auxiliar de ense\u00f1anza en el curso <em>Coraz\u00f3n y Circulaci\u00f3n<\/em> (MMD 1109 \/ MMD 2229) en la Universidad de Montreal (2023\u20132025).<br \/>All\u00ed presenta el curso de razonamiento cl\u00ednico y participa en la revisi\u00f3n del nuevo plan de estudios del programa de medicina.<\/p><p>El Dr. Kevin Haddad se distingue por su destacada implicaci\u00f3n en la comunidad cardiol\u00f3gica de Quebec y de todo Canad\u00e1. Ocupa diversos cargos de liderazgo y colaboraci\u00f3n cient\u00edfica en docencia e investigaci\u00f3n. Actualmente se desempe\u00f1a como residente coordinador de cardiolog\u00eda en el CHUM, revisor cient\u00edfico del <em>Canadian Journal of Cardiology<\/em> y responsable del \u00e1rea de investigaci\u00f3n del <em>Congreso Canadiense de Salud Cardiovascular (CCC)<\/em>.<\/p><p>Tambi\u00e9n participa activamente en varios comit\u00e9s de la Sociedad Canadiense de Cardiolog\u00eda (SCC) y de la Asociaci\u00f3n de Cardi\u00f3logos de Quebec (ACQ), contribuyendo a la formaci\u00f3n m\u00e9dica, la difusi\u00f3n del conocimiento y la mejora continua de las pr\u00e1cticas en cardiolog\u00eda.<\/p><p><strong>Visi\u00f3n<\/strong><\/p><p>El Dr. Haddad est\u00e1 comprometido con la formaci\u00f3n de los futuros cardi\u00f3logos, la promoci\u00f3n de la investigaci\u00f3n cl\u00ednica y la integraci\u00f3n de tecnolog\u00edas innovadoras al servicio del paciente. Su trayectoria refleja un fuerte inter\u00e9s por la rigurosidad cient\u00edfica, la optimizaci\u00f3n de las pr\u00e1cticas intervencionistas y la colaboraci\u00f3n interuniversitaria en el \u00e1mbito cardiovascular.<\/p>\t\t\t\t\t\t\t\t<\/div>\n\t\t\t\t<\/div>\n\t\t\t\t\t<\/div>\n\t\t<\/div>\n\t\t\t\t<div class=\"elementor-column elementor-col-33 elementor-top-column elementor-element elementor-element-6f0e12d0\" data-id=\"6f0e12d0\" data-element_type=\"column\">\n\t\t\t<div class=\"elementor-widget-wrap elementor-element-populated\">\n\t\t\t\t\t\t<section class=\"elementor-section elementor-inner-section elementor-element elementor-element-6c4b2b57 elementor-section-boxed elementor-section-height-default elementor-section-height-default\" data-id=\"6c4b2b57\" data-element_type=\"section\" data-settings=\"{&quot;ekit_has_onepagescroll_dot&quot;:&quot;yes&quot;}\">\n\t\t\t\t\t\t<div class=\"elementor-container elementor-column-gap-default\">\n\t\t\t\t\t<div class=\"elementor-column elementor-col-100 elementor-inner-column elementor-element elementor-element-3ec586d2\" data-id=\"3ec586d2\" data-element_type=\"column\" data-settings=\"{&quot;background_background&quot;:&quot;classic&quot;}\">\n\t\t\t<div class=\"elementor-widget-wrap elementor-element-populated\">\n\t\t\t\t\t\t<div class=\"elementor-element elementor-element-64a6199 elementor-widget__width-auto elementor-widget elementor-widget-image\" data-id=\"64a6199\" data-element_type=\"widget\" data-settings=\"{&quot;ekit_we_effect_on&quot;:&quot;none&quot;}\" data-widget_type=\"image.default\">\n\t\t\t\t<div class=\"elementor-widget-container\">\n\t\t\t\t\t\t\t\t\t\t\t\t\t\t\t<img fetchpriority=\"high\" decoding=\"async\" width=\"512\" height=\"512\" src=\"https:\/\/icardio.ca\/wp-content\/uploads\/2025\/10\/Kevin-Haddad.webp\" class=\"attachment-full size-full wp-image-15020\" alt=\"\" srcset=\"https:\/\/icardio.ca\/wp-content\/uploads\/2025\/10\/Kevin-Haddad.webp 512w, https:\/\/icardio.ca\/wp-content\/uploads\/2025\/10\/Kevin-Haddad-300x300.webp 300w, https:\/\/icardio.ca\/wp-content\/uploads\/2025\/10\/Kevin-Haddad-150x150.webp 150w\" sizes=\"(max-width: 512px) 100vw, 512px\" \/>\t\t\t\t\t\t\t\t\t\t\t\t\t\t\t<\/div>\n\t\t\t\t<\/div>\n\t\t\t\t\t<\/div>\n\t\t<\/div>\n\t\t\t\t\t<\/div>\n\t\t<\/section>\n\t\t\t\t\t<\/div>\n\t\t<\/div>\n\t\t\t\t\t<\/div>\n\t\t<\/section>\n\t\t\t\t<section class=\"elementor-section elementor-top-section elementor-element elementor-element-55f8f2cd elementor-section-boxed elementor-section-height-default elementor-section-height-default\" data-id=\"55f8f2cd\" data-element_type=\"section\" data-settings=\"{&quot;background_background&quot;:&quot;classic&quot;,&quot;ekit_has_onepagescroll_dot&quot;:&quot;yes&quot;}\">\n\t\t\t\t\t\t\t<div class=\"elementor-background-overlay\"><\/div>\n\t\t\t\t\t\t\t<div class=\"elementor-container elementor-column-gap-default\">\n\t\t\t\t\t<div class=\"elementor-column elementor-col-100 elementor-top-column elementor-element elementor-element-7b713cd7\" data-id=\"7b713cd7\" data-element_type=\"column\">\n\t\t\t<div class=\"elementor-widget-wrap elementor-element-populated\">\n\t\t\t\t\t\t<div class=\"elementor-element elementor-element-d6468f3 elementor-widget elementor-widget-image\" data-id=\"d6468f3\" data-element_type=\"widget\" data-settings=\"{&quot;ekit_we_effect_on&quot;:&quot;none&quot;}\" data-widget_type=\"image.default\">\n\t\t\t\t<div class=\"elementor-widget-container\">\n\t\t\t\t\t\t\t\t\t\t\t\t\t\t\t<img decoding=\"async\" width=\"412\" height=\"145\" src=\"https:\/\/icardio.ca\/wp-content\/uploads\/2024\/02\/logo.png\" class=\"attachment-large size-large wp-image-2520\" alt=\"\" srcset=\"https:\/\/icardio.ca\/wp-content\/uploads\/2024\/02\/logo.png 412w, https:\/\/icardio.ca\/wp-content\/uploads\/2024\/02\/logo-300x106.png 300w\" sizes=\"(max-width: 412px) 100vw, 412px\" \/>\t\t\t\t\t\t\t\t\t\t\t\t\t\t\t<\/div>\n\t\t\t\t<\/div>\n\t\t\t\t<div class=\"elementor-element elementor-element-561b04b5 elementor-widget elementor-widget-heading\" data-id=\"561b04b5\" data-element_type=\"widget\" data-settings=\"{&quot;ekit_we_effect_on&quot;:&quot;none&quot;}\" data-widget_type=\"heading.default\">\n\t\t\t\t<div class=\"elementor-widget-container\">\n\t\t\t\t\t<h2 class=\"elementor-heading-title elementor-size-default\"><a href=\"https:\/\/icardio.ca\/es\/contacto\/\">\u00bfDeseas contactar a uno de nuestros colaboradores?<\/a><\/h2>\t\t\t\t<\/div>\n\t\t\t\t<\/div>\n\t\t\t\t<div class=\"elementor-element elementor-element-1a7113bb elementor-align-center elementor-widget elementor-widget-button\" data-id=\"1a7113bb\" data-element_type=\"widget\" data-settings=\"{&quot;ekit_we_effect_on&quot;:&quot;none&quot;}\" data-widget_type=\"button.default\">\n\t\t\t\t<div class=\"elementor-widget-container\">\n\t\t\t\t\t\t\t\t\t<div class=\"elementor-button-wrapper\">\n\t\t\t\t\t<a class=\"elementor-button elementor-button-link elementor-size-md\" href=\"https:\/\/icardio.ca\/es\/contacto\/\">\n\t\t\t\t\t\t<span class=\"elementor-button-content-wrapper\">\n\t\t\t\t\t\t\t\t\t<span class=\"elementor-button-text\">Cont\u00e1ctenos<\/span>\n\t\t\t\t\t<\/span>\n\t\t\t\t\t<\/a>\n\t\t\t\t<\/div>\n\t\t\t\t\t\t\t\t<\/div>\n\t\t\t\t<\/div>\n\t\t\t\t\t<\/div>\n\t\t<\/div>\n\t\t\t\t\t<\/div>\n\t\t<\/section>\n\t\t\t\t<\/div>\n\t\t","protected":false},"excerpt":{"rendered":"<p>Accueil Acerca de Kevin Haddad Cardi\u00f3logo \u2014 Fellowship en hemodinamia, Universidad Columbia, Nueva York Formaci\u00f3n m\u00e9dica y especializada El Dr. Kevin Haddad obtuvo su doctorado en medicina en 2019 en la Universidad de Montreal. Posteriormente complet\u00f3 una residencia en medicina interna en la misma instituci\u00f3n entre 2019 y 2022, seguida de una especializaci\u00f3n en cardiolog\u00eda [&hellip;]<\/p>\n","protected":false},"author":4,"featured_media":15020,"parent":0,"menu_order":0,"comment_status":"closed","ping_status":"closed","template":"elementor_header_footer","meta":{"footnotes":""},"class_list":["post-15019","page","type-page","status-publish","has-post-thumbnail","hentry"],"_links":{"self":[{"href":"https:\/\/icardio.ca\/es\/wp-json\/wp\/v2\/pages\/15019","targetHints":{"allow":["GET"]}}],"collection":[{"href":"https:\/\/icardio.ca\/es\/wp-json\/wp\/v2\/pages"}],"about":[{"href":"https:\/\/icardio.ca\/es\/wp-json\/wp\/v2\/types\/page"}],"author":[{"embeddable":true,"href":"https:\/\/icardio.ca\/es\/wp-json\/wp\/v2\/users\/4"}],"replies":[{"embeddable":true,"href":"https:\/\/icardio.ca\/es\/wp-json\/wp\/v2\/comments?post=15019"}],"version-history":[{"count":7,"href":"https:\/\/icardio.ca\/es\/wp-json\/wp\/v2\/pages\/15019\/revisions"}],"predecessor-version":[{"id":15045,"href":"https:\/\/icardio.ca\/es\/wp-json\/wp\/v2\/pages\/15019\/revisions\/15045"}],"wp:featuredmedia":[{"embeddable":true,"href":"https:\/\/icardio.ca\/es\/wp-json\/wp\/v2\/media\/15020"}],"wp:attachment":[{"href":"https:\/\/icardio.ca\/es\/wp-json\/wp\/v2\/media?parent=15019"}],"curies":[{"name":"wp","href":"https:\/\/api.w.org\/{rel}","templated":true}]}}