{"id":14888,"date":"2025-10-06T09:47:05","date_gmt":"2025-10-06T13:47:05","guid":{"rendered":"https:\/\/icardio.ca\/dre-pascale-lehoux-md-ph-d\/"},"modified":"2025-10-06T10:46:51","modified_gmt":"2025-10-06T14:46:51","slug":"dre-pascale-lehoux-md-ph-d","status":"publish","type":"page","link":"https:\/\/icardio.ca\/es\/dre-pascale-lehoux-md-ph-d\/","title":{"rendered":"Pascale Lehoux, Ph. D."},"content":{"rendered":"\t\t<div data-elementor-type=\"wp-page\" data-elementor-id=\"14888\" class=\"elementor elementor-14888 elementor-14876\" data-elementor-post-type=\"page\">\n\t\t\t\t\t\t<section class=\"elementor-section elementor-top-section elementor-element elementor-element-875a25b elementor-section-boxed elementor-section-height-default elementor-section-height-default\" data-id=\"875a25b\" data-element_type=\"section\" data-settings=\"{&quot;background_background&quot;:&quot;classic&quot;,&quot;ekit_has_onepagescroll_dot&quot;:&quot;yes&quot;}\">\n\t\t\t\t\t\t\t<div class=\"elementor-background-overlay\"><\/div>\n\t\t\t\t\t\t\t<div class=\"elementor-container elementor-column-gap-default\">\n\t\t\t\t\t<div class=\"elementor-column elementor-col-100 elementor-top-column elementor-element elementor-element-108311f\" data-id=\"108311f\" data-element_type=\"column\" data-settings=\"{&quot;background_background&quot;:&quot;classic&quot;}\">\n\t\t\t<div class=\"elementor-widget-wrap elementor-element-populated\">\n\t\t\t\t\t\t<div class=\"elementor-element elementor-element-ec82eaf elementor-widget elementor-widget-heading\" data-id=\"ec82eaf\" data-element_type=\"widget\" data-settings=\"{&quot;ekit_we_effect_on&quot;:&quot;none&quot;}\" data-widget_type=\"heading.default\">\n\t\t\t\t<div class=\"elementor-widget-container\">\n\t\t\t\t\t<h1 class=\"elementor-heading-title elementor-size-default\">Pascale Lehoux, Ph. D.<\/h1>\t\t\t\t<\/div>\n\t\t\t\t<\/div>\n\t\t\t\t<div class=\"elementor-element elementor-element-52a4955 elementor-widget elementor-widget-elementskit-breadcrumb\" data-id=\"52a4955\" data-element_type=\"widget\" data-settings=\"{&quot;ekit_we_effect_on&quot;:&quot;none&quot;}\" data-widget_type=\"elementskit-breadcrumb.default\">\n\t\t\t\t<div class=\"elementor-widget-container\">\n\t\t\t\t\t<div class=\"ekit-wid-con\" ><ol class=\"ekit-breadcrumb\"><li class=\"ekit_breadcrumbs_start\"><a href=\"https:\/\/icardio.ca\/es\/\">Bienvenido<\/a><\/li> <li class=\"brd_sep\"> &raquo; <\/li>  <li>Pascale Lehoux, Ph. D.<\/li><\/ol><\/div>\t\t\t\t<\/div>\n\t\t\t\t<\/div>\n\t\t\t\t\t<\/div>\n\t\t<\/div>\n\t\t\t\t\t<\/div>\n\t\t<\/section>\n\t\t\t\t<section class=\"elementor-section elementor-top-section elementor-element elementor-element-12ee9961 elementor-section-boxed elementor-section-height-default elementor-section-height-default\" data-id=\"12ee9961\" data-element_type=\"section\" data-settings=\"{&quot;ekit_has_onepagescroll_dot&quot;:&quot;yes&quot;}\">\n\t\t\t\t\t\t<div class=\"elementor-container elementor-column-gap-default\">\n\t\t\t\t\t<div class=\"elementor-column elementor-col-66 elementor-top-column elementor-element elementor-element-41f0e84b\" data-id=\"41f0e84b\" data-element_type=\"column\" data-settings=\"{&quot;background_background&quot;:&quot;classic&quot;}\">\n\t\t\t<div class=\"elementor-widget-wrap elementor-element-populated\">\n\t\t\t\t\t<div class=\"elementor-background-overlay\"><\/div>\n\t\t\t\t\t\t<div class=\"elementor-element elementor-element-59a97610 elementor-widget elementor-widget-heading\" data-id=\"59a97610\" data-element_type=\"widget\" data-settings=\"{&quot;ekit_we_effect_on&quot;:&quot;none&quot;}\" data-widget_type=\"heading.default\">\n\t\t\t\t<div class=\"elementor-widget-container\">\n\t\t\t\t\t<h4 class=\"elementor-heading-title elementor-size-default\">Acerca de Pascale Lehoux <\/h4>\t\t\t\t<\/div>\n\t\t\t\t<\/div>\n\t\t\t\t<div class=\"elementor-element elementor-element-16a41f25 elementor-widget elementor-widget-text-editor\" data-id=\"16a41f25\" data-element_type=\"widget\" data-settings=\"{&quot;ekit_we_effect_on&quot;:&quot;none&quot;}\" data-widget_type=\"text-editor.default\">\n\t\t\t\t<div class=\"elementor-widget-container\">\n\t\t\t\t\t\t\t\t\t<p><strong>Psic\u00f3loga cl\u00ednica y psic\u00f3loga de la salud<\/strong><\/p><p>La Dra. Pascale Lehoux obtuvo su doctorado en Psicolog\u00eda Cl\u00ednica e Investigaci\u00f3n en la Universidad Concordia en el a\u00f1o 2000. Posteriormente complet\u00f3 una formaci\u00f3n cl\u00ednica posdoctoral en el tratamiento de los trastornos de la personalidad en 2010, y desde 2017 se desempe\u00f1a como supervisora did\u00e1ctica en este enfoque. Tambi\u00e9n realiz\u00f3 una formaci\u00f3n especializada en biofeedback y coherencia card\u00edaca en Estados Unidos, profundizando as\u00ed su experiencia en la interacci\u00f3n entre la salud psicol\u00f3gica y los procesos fisiol\u00f3gicos.<\/p><p><strong>Actividad profesional<\/strong><\/p><p>Desde 2002, la Dra. Lehoux ejerce como psic\u00f3loga de la salud en el servicio de cardiolog\u00eda del <em>Centre hospitalier de l\u2019Universit\u00e9 de Montr\u00e9al<\/em> (CHUM). Atiende a pacientes que presentan problem\u00e1ticas complejas, integrando diferentes enfoques psicoterap\u00e9uticos, entre ellos:<\/p><ul><li>Psicoterapia gest\u00e1ltica de las relaciones de objeto<\/li><li>Terapia cognitivo-conductual (TCC)<\/li><li>Intervenciones basadas en biofeedback y coherencia card\u00edaca<\/li><\/ul><p>\u00a0<\/p><p>Tambi\u00e9n mantiene una pr\u00e1ctica privada, donde acompa\u00f1a a personas que enfrentan:<\/p><ul><li>El impacto psicol\u00f3gico de un diagn\u00f3stico m\u00e9dico (card\u00edaco u otro)<\/li><li>Dificultades de adherencia a los tratamientos<\/li><li>Trastornos del estado de \u00e1nimo y de ansiedad<\/li><li>Trastornos de la conducta alimentaria<\/li><li>Dificultades relacionales o trastornos de la personalidad<\/li><\/ul><p>\u00a0<\/p><p><strong>Compromiso con la prevenci\u00f3n y la rehabilitaci\u00f3n card\u00edaca<\/strong><\/p><p>Comprometida desde hace muchos a\u00f1os con la prevenci\u00f3n y la promoci\u00f3n de la salud, la Dra. Lehoux recibi\u00f3 en 2015 el <strong>Premio Coraz\u00f3n de Plata<\/strong> de la <em>Fundaci\u00f3n de Enfermedades del Coraz\u00f3n y del AVC de Quebec<\/em>, en reconocimiento a m\u00e1s de 12 a\u00f1os dedicados al desarrollo de la atenci\u00f3n psicol\u00f3gica en la rehabilitaci\u00f3n card\u00edaca.<\/p><p><strong>Docencia, supervisi\u00f3n y conferencias<\/strong><\/p><ul><li>Supervisi\u00f3n cl\u00ednica de psic\u00f3logos y profesionales de la salud<\/li><li>Supervisora did\u00e1ctica en el <em>Centre d\u2019intervention gestaltiste<\/em> (CIG) de Montreal, Quebec<\/li><li>Docencia universitaria de posgrado (cursos, seminarios y talleres)<\/li><li>Conferencias y capacitaciones dirigidas a m\u00e9dicos, estudiantes y cl\u00ednicos sobre:<ul><li>La adherencia terap\u00e9utica<\/li><li>Los aspectos psicol\u00f3gicos de las enfermedades card\u00edacas<\/li><li>Los trastornos de la personalidad<\/li><li>Los trastornos de la conducta alimentaria<\/li><\/ul><\/li><\/ul>\t\t\t\t\t\t\t\t<\/div>\n\t\t\t\t<\/div>\n\t\t\t\t\t<\/div>\n\t\t<\/div>\n\t\t\t\t<div class=\"elementor-column elementor-col-33 elementor-top-column elementor-element elementor-element-6f0e12d0\" data-id=\"6f0e12d0\" data-element_type=\"column\">\n\t\t\t<div class=\"elementor-widget-wrap elementor-element-populated\">\n\t\t\t\t\t\t<section class=\"elementor-section elementor-inner-section elementor-element elementor-element-6c4b2b57 elementor-section-boxed elementor-section-height-default elementor-section-height-default\" data-id=\"6c4b2b57\" data-element_type=\"section\" data-settings=\"{&quot;ekit_has_onepagescroll_dot&quot;:&quot;yes&quot;}\">\n\t\t\t\t\t\t<div class=\"elementor-container elementor-column-gap-default\">\n\t\t\t\t\t<div class=\"elementor-column elementor-col-100 elementor-inner-column elementor-element elementor-element-3ec586d2\" data-id=\"3ec586d2\" data-element_type=\"column\" data-settings=\"{&quot;background_background&quot;:&quot;classic&quot;}\">\n\t\t\t<div class=\"elementor-widget-wrap elementor-element-populated\">\n\t\t\t\t\t\t<div class=\"elementor-element elementor-element-64a6199 elementor-widget__width-auto elementor-widget elementor-widget-image\" data-id=\"64a6199\" data-element_type=\"widget\" data-settings=\"{&quot;ekit_we_effect_on&quot;:&quot;none&quot;}\" data-widget_type=\"image.default\">\n\t\t\t\t<div class=\"elementor-widget-container\">\n\t\t\t\t\t\t\t\t\t\t\t\t\t\t\t<img fetchpriority=\"high\" decoding=\"async\" width=\"1500\" height=\"2248\" src=\"https:\/\/icardio.ca\/wp-content\/uploads\/2025\/10\/Pascale-lehoux.jpg\" class=\"attachment-full size-full wp-image-14889\" alt=\"\" srcset=\"https:\/\/icardio.ca\/wp-content\/uploads\/2025\/10\/Pascale-lehoux.jpg 1500w, https:\/\/icardio.ca\/wp-content\/uploads\/2025\/10\/Pascale-lehoux-200x300.jpg 200w, https:\/\/icardio.ca\/wp-content\/uploads\/2025\/10\/Pascale-lehoux-683x1024.jpg 683w, https:\/\/icardio.ca\/wp-content\/uploads\/2025\/10\/Pascale-lehoux-768x1151.jpg 768w, https:\/\/icardio.ca\/wp-content\/uploads\/2025\/10\/Pascale-lehoux-1025x1536.jpg 1025w, https:\/\/icardio.ca\/wp-content\/uploads\/2025\/10\/Pascale-lehoux-1367x2048.jpg 1367w\" sizes=\"(max-width: 1500px) 100vw, 1500px\" \/>\t\t\t\t\t\t\t\t\t\t\t\t\t\t\t<\/div>\n\t\t\t\t<\/div>\n\t\t\t\t\t<\/div>\n\t\t<\/div>\n\t\t\t\t\t<\/div>\n\t\t<\/section>\n\t\t\t\t\t<\/div>\n\t\t<\/div>\n\t\t\t\t\t<\/div>\n\t\t<\/section>\n\t\t\t\t<section class=\"elementor-section elementor-top-section elementor-element elementor-element-55f8f2cd elementor-section-boxed elementor-section-height-default elementor-section-height-default\" data-id=\"55f8f2cd\" data-element_type=\"section\" data-settings=\"{&quot;background_background&quot;:&quot;classic&quot;,&quot;ekit_has_onepagescroll_dot&quot;:&quot;yes&quot;}\">\n\t\t\t\t\t\t\t<div class=\"elementor-background-overlay\"><\/div>\n\t\t\t\t\t\t\t<div class=\"elementor-container elementor-column-gap-default\">\n\t\t\t\t\t<div class=\"elementor-column elementor-col-100 elementor-top-column elementor-element elementor-element-7b713cd7\" data-id=\"7b713cd7\" data-element_type=\"column\">\n\t\t\t<div class=\"elementor-widget-wrap elementor-element-populated\">\n\t\t\t\t\t\t<div class=\"elementor-element elementor-element-d6468f3 elementor-widget elementor-widget-image\" data-id=\"d6468f3\" data-element_type=\"widget\" data-settings=\"{&quot;ekit_we_effect_on&quot;:&quot;none&quot;}\" data-widget_type=\"image.default\">\n\t\t\t\t<div class=\"elementor-widget-container\">\n\t\t\t\t\t\t\t\t\t\t\t\t\t\t\t<img decoding=\"async\" width=\"412\" height=\"145\" src=\"https:\/\/icardio.ca\/wp-content\/uploads\/2024\/02\/logo.png\" class=\"attachment-large size-large wp-image-2520\" alt=\"\" srcset=\"https:\/\/icardio.ca\/wp-content\/uploads\/2024\/02\/logo.png 412w, https:\/\/icardio.ca\/wp-content\/uploads\/2024\/02\/logo-300x106.png 300w\" sizes=\"(max-width: 412px) 100vw, 412px\" \/>\t\t\t\t\t\t\t\t\t\t\t\t\t\t\t<\/div>\n\t\t\t\t<\/div>\n\t\t\t\t<div class=\"elementor-element elementor-element-561b04b5 elementor-widget elementor-widget-heading\" data-id=\"561b04b5\" data-element_type=\"widget\" data-settings=\"{&quot;ekit_we_effect_on&quot;:&quot;none&quot;}\" data-widget_type=\"heading.default\">\n\t\t\t\t<div class=\"elementor-widget-container\">\n\t\t\t\t\t<h2 class=\"elementor-heading-title elementor-size-default\"><a href=\"https:\/\/icardio.ca\/es\/contacto\/\">Do you want to join our team?<\/a><\/h2>\t\t\t\t<\/div>\n\t\t\t\t<\/div>\n\t\t\t\t<div class=\"elementor-element elementor-element-1a7113bb elementor-align-center elementor-widget elementor-widget-button\" data-id=\"1a7113bb\" data-element_type=\"widget\" data-settings=\"{&quot;ekit_we_effect_on&quot;:&quot;none&quot;}\" data-widget_type=\"button.default\">\n\t\t\t\t<div class=\"elementor-widget-container\">\n\t\t\t\t\t\t\t\t\t<div class=\"elementor-button-wrapper\">\n\t\t\t\t\t<a class=\"elementor-button elementor-button-link elementor-size-md\" href=\"https:\/\/icardio.ca\/es\/contacto\/\">\n\t\t\t\t\t\t<span class=\"elementor-button-content-wrapper\">\n\t\t\t\t\t\t\t\t\t<span class=\"elementor-button-text\">Contact Us<\/span>\n\t\t\t\t\t<\/span>\n\t\t\t\t\t<\/a>\n\t\t\t\t<\/div>\n\t\t\t\t\t\t\t\t<\/div>\n\t\t\t\t<\/div>\n\t\t\t\t\t<\/div>\n\t\t<\/div>\n\t\t\t\t\t<\/div>\n\t\t<\/section>\n\t\t\t\t<\/div>\n\t\t","protected":false},"excerpt":{"rendered":"<p>Accueil Acerca de Pascale Lehoux Psic\u00f3loga cl\u00ednica y psic\u00f3loga de la salud La Dra. Pascale Lehoux obtuvo su doctorado en Psicolog\u00eda Cl\u00ednica e Investigaci\u00f3n en la Universidad Concordia en el a\u00f1o 2000. Posteriormente complet\u00f3 una formaci\u00f3n cl\u00ednica posdoctoral en el tratamiento de los trastornos de la personalidad en 2010, y desde 2017 se desempe\u00f1a como [&hellip;]<\/p>\n","protected":false},"author":4,"featured_media":14889,"parent":0,"menu_order":0,"comment_status":"closed","ping_status":"closed","template":"elementor_header_footer","meta":{"footnotes":""},"class_list":["post-14888","page","type-page","status-publish","has-post-thumbnail","hentry"],"_links":{"self":[{"href":"https:\/\/icardio.ca\/es\/wp-json\/wp\/v2\/pages\/14888","targetHints":{"allow":["GET"]}}],"collection":[{"href":"https:\/\/icardio.ca\/es\/wp-json\/wp\/v2\/pages"}],"about":[{"href":"https:\/\/icardio.ca\/es\/wp-json\/wp\/v2\/types\/page"}],"author":[{"embeddable":true,"href":"https:\/\/icardio.ca\/es\/wp-json\/wp\/v2\/users\/4"}],"replies":[{"embeddable":true,"href":"https:\/\/icardio.ca\/es\/wp-json\/wp\/v2\/comments?post=14888"}],"version-history":[{"count":9,"href":"https:\/\/icardio.ca\/es\/wp-json\/wp\/v2\/pages\/14888\/revisions"}],"predecessor-version":[{"id":14961,"href":"https:\/\/icardio.ca\/es\/wp-json\/wp\/v2\/pages\/14888\/revisions\/14961"}],"wp:featuredmedia":[{"embeddable":true,"href":"https:\/\/icardio.ca\/es\/wp-json\/wp\/v2\/media\/14889"}],"wp:attachment":[{"href":"https:\/\/icardio.ca\/es\/wp-json\/wp\/v2\/media?parent=14888"}],"curies":[{"name":"wp","href":"https:\/\/api.w.org\/{rel}","templated":true}]}}