{"id":12798,"date":"2025-05-17T01:02:31","date_gmt":"2025-05-17T05:02:31","guid":{"rendered":"https:\/\/icardio.ca\/anique-ducharme-md-msc-frcp-fccs\/"},"modified":"2025-05-17T01:20:54","modified_gmt":"2025-05-17T05:20:54","slug":"anique-ducharme-md-msc-frcp-fccs","status":"publish","type":"page","link":"https:\/\/icardio.ca\/es\/anique-ducharme-md-msc-frcp-fccs\/","title":{"rendered":"Anique Ducharme, MD, MSc, FRCP, FCCS"},"content":{"rendered":"\t\t<div data-elementor-type=\"wp-page\" data-elementor-id=\"12798\" class=\"elementor elementor-12798 elementor-12786\" data-elementor-post-type=\"page\">\n\t\t\t\t\t\t<section class=\"elementor-section elementor-top-section elementor-element elementor-element-875a25b elementor-section-boxed elementor-section-height-default elementor-section-height-default\" data-id=\"875a25b\" data-element_type=\"section\" data-settings=\"{&quot;background_background&quot;:&quot;classic&quot;,&quot;ekit_has_onepagescroll_dot&quot;:&quot;yes&quot;}\">\n\t\t\t\t\t\t\t<div class=\"elementor-background-overlay\"><\/div>\n\t\t\t\t\t\t\t<div class=\"elementor-container elementor-column-gap-default\">\n\t\t\t\t\t<div class=\"elementor-column elementor-col-100 elementor-top-column elementor-element elementor-element-108311f\" data-id=\"108311f\" data-element_type=\"column\" data-settings=\"{&quot;background_background&quot;:&quot;classic&quot;}\">\n\t\t\t<div class=\"elementor-widget-wrap elementor-element-populated\">\n\t\t\t\t\t\t<div class=\"elementor-element elementor-element-ec82eaf elementor-widget elementor-widget-heading\" data-id=\"ec82eaf\" data-element_type=\"widget\" data-settings=\"{&quot;ekit_we_effect_on&quot;:&quot;none&quot;}\" data-widget_type=\"heading.default\">\n\t\t\t\t<div class=\"elementor-widget-container\">\n\t\t\t\t\t<h1 class=\"elementor-heading-title elementor-size-default\">Anique Ducharme, MD, MSc, FRCP, FCCS<\/h1>\t\t\t\t<\/div>\n\t\t\t\t<\/div>\n\t\t\t\t<div class=\"elementor-element elementor-element-52a4955 elementor-widget elementor-widget-elementskit-breadcrumb\" data-id=\"52a4955\" data-element_type=\"widget\" data-settings=\"{&quot;ekit_we_effect_on&quot;:&quot;none&quot;}\" data-widget_type=\"elementskit-breadcrumb.default\">\n\t\t\t\t<div class=\"elementor-widget-container\">\n\t\t\t\t\t<div class=\"ekit-wid-con\" ><ol class=\"ekit-breadcrumb\"><li class=\"ekit_breadcrumbs_start\"><a href=\"https:\/\/icardio.ca\/es\/\">Bienvenido<\/a><\/li> <li class=\"brd_sep\"> &raquo; <\/li>  <li>Anique Ducharme, MD, MSc, FRCP, FCCS<\/li><\/ol><\/div>\t\t\t\t<\/div>\n\t\t\t\t<\/div>\n\t\t\t\t\t<\/div>\n\t\t<\/div>\n\t\t\t\t\t<\/div>\n\t\t<\/section>\n\t\t\t\t<section class=\"elementor-section elementor-top-section elementor-element elementor-element-12ee9961 elementor-section-boxed elementor-section-height-default elementor-section-height-default\" data-id=\"12ee9961\" data-element_type=\"section\" data-settings=\"{&quot;ekit_has_onepagescroll_dot&quot;:&quot;yes&quot;}\">\n\t\t\t\t\t\t<div class=\"elementor-container elementor-column-gap-default\">\n\t\t\t\t\t<div class=\"elementor-column elementor-col-66 elementor-top-column elementor-element elementor-element-41f0e84b\" data-id=\"41f0e84b\" data-element_type=\"column\" data-settings=\"{&quot;background_background&quot;:&quot;classic&quot;}\">\n\t\t\t<div class=\"elementor-widget-wrap elementor-element-populated\">\n\t\t\t\t\t<div class=\"elementor-background-overlay\"><\/div>\n\t\t\t\t\t\t<div class=\"elementor-element elementor-element-59a97610 elementor-widget elementor-widget-heading\" data-id=\"59a97610\" data-element_type=\"widget\" data-settings=\"{&quot;ekit_we_effect_on&quot;:&quot;none&quot;}\" data-widget_type=\"heading.default\">\n\t\t\t\t<div class=\"elementor-widget-container\">\n\t\t\t\t\t<h4 class=\"elementor-heading-title elementor-size-default\">Acerca de Anique Ducharme<\/h4>\t\t\t\t<\/div>\n\t\t\t\t<\/div>\n\t\t\t\t<div class=\"elementor-element elementor-element-16a41f25 elementor-widget elementor-widget-text-editor\" data-id=\"16a41f25\" data-element_type=\"widget\" data-settings=\"{&quot;ekit_we_effect_on&quot;:&quot;none&quot;}\" data-widget_type=\"text-editor.default\">\n\t\t\t\t<div class=\"elementor-widget-container\">\n\t\t\t\t\t\t\t\t\t<p>La Dra. Anique Ducharme obtuvo un doble t\u00edtulo en medicina (MD) y ciencias biom\u00e9dicas (MSc, con especializaci\u00f3n en trasplante card\u00edaco) en la Universidad de Montreal en 1991. Complet\u00f3 su residencia en cardiolog\u00eda en 1996. Posteriormente, continu\u00f3 su formaci\u00f3n especializada en ecocardiograf\u00eda en el Instituto de Cardiolog\u00eda de Montreal, as\u00ed como en biolog\u00eda molecular e insuficiencia card\u00edaca en el Brigham and Women\u2019s Hospital, Harvard Medical School, en Boston.<\/p><p><strong>Resumen profesional<\/strong><\/p><p>La Dra. Ducharme es una reconocida profesora de medicina en la Universidad de Montreal y titular de la prestigiosa C\u00e1tedra Marcelle y Jean Coutu, Cal &amp; Janine Moisan para mejores pr\u00e1cticas en insuficiencia card\u00edaca avanzada. Es tambi\u00e9n la fundadora y directora de la Cl\u00ednica de Insuficiencia Card\u00edaca del Instituto de Cardiolog\u00eda de Montreal (ICM) y ha ocupado el puesto de investigadora cl\u00ednica s\u00e9nior en el Fondo de Investigaci\u00f3n en Salud de Quebec (FQRS).<br \/>Actualmente, es presidenta de la Sociedad Canadiense de Insuficiencia Card\u00edaca (SCIC) y presidi\u00f3 el Comit\u00e9 Cient\u00edfico del Congreso Canadiense de Salud Cardiovascular entre 2018 y 2020. Desde 2006, forma parte del comit\u00e9 de gu\u00edas cl\u00ednicas sobre insuficiencia card\u00edaca de la Sociedad Canadiense de Cardiolog\u00eda (SCC).<\/p><p><strong>Expertise cl\u00ednica e investigativa<\/strong><\/p><p>Desde su regreso a Montreal en 1999, la Dra. Ducharme ha desempe\u00f1ado un papel clave en el departamento de cardiolog\u00eda no invasiva del ICM, donde se enfoca en:<\/p><ul><li>Insuficiencia card\u00edaca avanzada y remodelado card\u00edaco<\/li><li>Terapias farmacol\u00f3gicas<\/li><li>Dispositivos m\u00e9dicos: terapia de resincronizaci\u00f3n card\u00edaca, dispositivos de asistencia mec\u00e1nica y trasplante<\/li><\/ul><p>\u00a0<\/p><p><strong>Contribuciones a la investigaci\u00f3n<\/strong><\/p><p>La Dra. Ducharme ha realizado importantes aportes a la investigaci\u00f3n cardiovascular, incluyendo:<\/p><ul><li>M\u00e1s de 150 publicaciones revisadas por pares<\/li><li>15 cap\u00edtulos de libros<\/li><li>200 res\u00famenes cient\u00edficos<\/li><li>2 cursos universitarios en l\u00ednea (Certificado en Ecocardiograf\u00eda, Universidad de Melbourne, Australia)<br \/>Actualmente es investigadora principal en varios proyectos cl\u00ednicos y forma parte de los comit\u00e9s ejecutivos de importantes estudios cl\u00ednicos.<\/li><\/ul><p>\u00a0<\/p><p><strong>Liderazgo y revisi\u00f3n por pares<\/strong><\/p><p>La Dra. Ducharme ha desempe\u00f1ado numerosos roles de liderazgo en organizaciones cient\u00edficas y comit\u00e9s directivos. Tambi\u00e9n colabora como revisora para revistas m\u00e9dicas influyentes como:<\/p><ul><li>Circulation<\/li><li>Journal of the American College of Cardiology (JACC)<\/li><li>Journal of Cardiac Failure<\/li><li>Canadian Medical Association Journal (CMAJ)<\/li><li>Canadian Journal of Cardiology (CJC)<\/li><\/ul><p>\u00a0<\/p><p><strong>Reconocimiento y visi\u00f3n<\/strong><\/p><p>Con una carrera dedicada a mejorar los cuidados de pacientes con insuficiencia card\u00edaca, la Dra. Ducharme ha dejado una huella significativa en el campo de la cardiolog\u00eda gracias a su liderazgo, ense\u00f1anza y aportes cient\u00edficos. Su trabajo contin\u00faa inspirando avances importantes en el manejo de la insuficiencia card\u00edaca.<\/p><p>\u00a0<\/p>\t\t\t\t\t\t\t\t<\/div>\n\t\t\t\t<\/div>\n\t\t\t\t\t<\/div>\n\t\t<\/div>\n\t\t\t\t<div class=\"elementor-column elementor-col-33 elementor-top-column elementor-element elementor-element-6f0e12d0\" data-id=\"6f0e12d0\" data-element_type=\"column\">\n\t\t\t<div class=\"elementor-widget-wrap elementor-element-populated\">\n\t\t\t\t\t\t<section class=\"elementor-section elementor-inner-section elementor-element elementor-element-6c4b2b57 elementor-section-boxed elementor-section-height-default elementor-section-height-default\" data-id=\"6c4b2b57\" data-element_type=\"section\" data-settings=\"{&quot;ekit_has_onepagescroll_dot&quot;:&quot;yes&quot;}\">\n\t\t\t\t\t\t<div class=\"elementor-container elementor-column-gap-default\">\n\t\t\t\t\t<div class=\"elementor-column elementor-col-100 elementor-inner-column elementor-element elementor-element-3ec586d2\" data-id=\"3ec586d2\" data-element_type=\"column\" data-settings=\"{&quot;background_background&quot;:&quot;classic&quot;}\">\n\t\t\t<div class=\"elementor-widget-wrap elementor-element-populated\">\n\t\t\t\t\t\t<div class=\"elementor-element elementor-element-64a6199 elementor-widget__width-auto elementor-widget elementor-widget-image\" data-id=\"64a6199\" data-element_type=\"widget\" data-settings=\"{&quot;ekit_we_effect_on&quot;:&quot;none&quot;}\" data-widget_type=\"image.default\">\n\t\t\t\t<div class=\"elementor-widget-container\">\n\t\t\t\t\t\t\t\t\t\t\t\t\t\t\t<img fetchpriority=\"high\" decoding=\"async\" width=\"183\" height=\"275\" src=\"https:\/\/icardio.ca\/wp-content\/uploads\/2025\/05\/Anique-Ducharme.jpg\" class=\"attachment-full size-full wp-image-12799\" alt=\"\" \/>\t\t\t\t\t\t\t\t\t\t\t\t\t\t\t<\/div>\n\t\t\t\t<\/div>\n\t\t\t\t\t<\/div>\n\t\t<\/div>\n\t\t\t\t\t<\/div>\n\t\t<\/section>\n\t\t\t\t\t<\/div>\n\t\t<\/div>\n\t\t\t\t\t<\/div>\n\t\t<\/section>\n\t\t\t\t<section class=\"elementor-section elementor-top-section elementor-element elementor-element-55f8f2cd elementor-section-boxed elementor-section-height-default elementor-section-height-default\" data-id=\"55f8f2cd\" data-element_type=\"section\" data-settings=\"{&quot;background_background&quot;:&quot;classic&quot;,&quot;ekit_has_onepagescroll_dot&quot;:&quot;yes&quot;}\">\n\t\t\t\t\t\t\t<div class=\"elementor-background-overlay\"><\/div>\n\t\t\t\t\t\t\t<div class=\"elementor-container elementor-column-gap-default\">\n\t\t\t\t\t<div class=\"elementor-column elementor-col-100 elementor-top-column elementor-element elementor-element-7b713cd7\" data-id=\"7b713cd7\" data-element_type=\"column\">\n\t\t\t<div class=\"elementor-widget-wrap elementor-element-populated\">\n\t\t\t\t\t\t<div class=\"elementor-element elementor-element-d6468f3 elementor-widget elementor-widget-image\" data-id=\"d6468f3\" data-element_type=\"widget\" data-settings=\"{&quot;ekit_we_effect_on&quot;:&quot;none&quot;}\" data-widget_type=\"image.default\">\n\t\t\t\t<div class=\"elementor-widget-container\">\n\t\t\t\t\t\t\t\t\t\t\t\t\t\t\t<img decoding=\"async\" width=\"412\" height=\"145\" src=\"https:\/\/icardio.ca\/wp-content\/uploads\/2024\/02\/logo.png\" class=\"attachment-large size-large wp-image-2520\" alt=\"\" srcset=\"https:\/\/icardio.ca\/wp-content\/uploads\/2024\/02\/logo.png 412w, https:\/\/icardio.ca\/wp-content\/uploads\/2024\/02\/logo-300x106.png 300w\" sizes=\"(max-width: 412px) 100vw, 412px\" \/>\t\t\t\t\t\t\t\t\t\t\t\t\t\t\t<\/div>\n\t\t\t\t<\/div>\n\t\t\t\t<div class=\"elementor-element elementor-element-561b04b5 elementor-widget elementor-widget-heading\" data-id=\"561b04b5\" data-element_type=\"widget\" data-settings=\"{&quot;ekit_we_effect_on&quot;:&quot;none&quot;}\" data-widget_type=\"heading.default\">\n\t\t\t\t<div class=\"elementor-widget-container\">\n\t\t\t\t\t<h2 class=\"elementor-heading-title elementor-size-default\"><a href=\"https:\/\/icardio.ca\/es\/contacto\/\">\u00bfDeseas contactar a uno de nuestros colaboradores?<\/a><\/h2>\t\t\t\t<\/div>\n\t\t\t\t<\/div>\n\t\t\t\t<div class=\"elementor-element elementor-element-1a7113bb elementor-align-center elementor-widget elementor-widget-button\" data-id=\"1a7113bb\" data-element_type=\"widget\" data-settings=\"{&quot;ekit_we_effect_on&quot;:&quot;none&quot;}\" data-widget_type=\"button.default\">\n\t\t\t\t<div class=\"elementor-widget-container\">\n\t\t\t\t\t\t\t\t\t<div class=\"elementor-button-wrapper\">\n\t\t\t\t\t<a class=\"elementor-button elementor-button-link elementor-size-md\" href=\"https:\/\/icardio.ca\/es\/contacto\/\">\n\t\t\t\t\t\t<span class=\"elementor-button-content-wrapper\">\n\t\t\t\t\t\t\t\t\t<span class=\"elementor-button-text\">Cont\u00e1ctenos<\/span>\n\t\t\t\t\t<\/span>\n\t\t\t\t\t<\/a>\n\t\t\t\t<\/div>\n\t\t\t\t\t\t\t\t<\/div>\n\t\t\t\t<\/div>\n\t\t\t\t\t<\/div>\n\t\t<\/div>\n\t\t\t\t\t<\/div>\n\t\t<\/section>\n\t\t\t\t<\/div>\n\t\t","protected":false},"excerpt":{"rendered":"<p>Accueil Acerca de Anique Ducharme La Dra. Anique Ducharme obtuvo un doble t\u00edtulo en medicina (MD) y ciencias biom\u00e9dicas (MSc, con especializaci\u00f3n en trasplante card\u00edaco) en la Universidad de Montreal en 1991. Complet\u00f3 su residencia en cardiolog\u00eda en 1996. Posteriormente, continu\u00f3 su formaci\u00f3n especializada en ecocardiograf\u00eda en el Instituto de Cardiolog\u00eda de Montreal, as\u00ed como [&hellip;]<\/p>\n","protected":false},"author":4,"featured_media":12799,"parent":0,"menu_order":0,"comment_status":"closed","ping_status":"closed","template":"elementor_header_footer","meta":{"footnotes":""},"class_list":["post-12798","page","type-page","status-publish","has-post-thumbnail","hentry"],"_links":{"self":[{"href":"https:\/\/icardio.ca\/es\/wp-json\/wp\/v2\/pages\/12798","targetHints":{"allow":["GET"]}}],"collection":[{"href":"https:\/\/icardio.ca\/es\/wp-json\/wp\/v2\/pages"}],"about":[{"href":"https:\/\/icardio.ca\/es\/wp-json\/wp\/v2\/types\/page"}],"author":[{"embeddable":true,"href":"https:\/\/icardio.ca\/es\/wp-json\/wp\/v2\/users\/4"}],"replies":[{"embeddable":true,"href":"https:\/\/icardio.ca\/es\/wp-json\/wp\/v2\/comments?post=12798"}],"version-history":[{"count":5,"href":"https:\/\/icardio.ca\/es\/wp-json\/wp\/v2\/pages\/12798\/revisions"}],"predecessor-version":[{"id":12817,"href":"https:\/\/icardio.ca\/es\/wp-json\/wp\/v2\/pages\/12798\/revisions\/12817"}],"wp:featuredmedia":[{"embeddable":true,"href":"https:\/\/icardio.ca\/es\/wp-json\/wp\/v2\/media\/12799"}],"wp:attachment":[{"href":"https:\/\/icardio.ca\/es\/wp-json\/wp\/v2\/media?parent=12798"}],"curies":[{"name":"wp","href":"https:\/\/api.w.org\/{rel}","templated":true}]}}