{"id":10578,"date":"2024-12-22T14:02:02","date_gmt":"2024-12-22T19:02:02","guid":{"rendered":"https:\/\/icardio.ca\/genevieve-dechene-md\/"},"modified":"2024-12-22T14:07:06","modified_gmt":"2024-12-22T19:07:06","slug":"genevieve-dechene-md","status":"publish","type":"page","link":"https:\/\/icardio.ca\/es\/genevieve-dechene-md\/","title":{"rendered":"Genevi\u00e8ve Dech\u00eane, MD"},"content":{"rendered":"\t\t<div data-elementor-type=\"wp-page\" data-elementor-id=\"10578\" class=\"elementor elementor-10578 elementor-10565\" data-elementor-post-type=\"page\">\n\t\t\t\t\t\t<section class=\"elementor-section elementor-top-section elementor-element elementor-element-875a25b elementor-section-boxed elementor-section-height-default elementor-section-height-default\" data-id=\"875a25b\" data-element_type=\"section\" data-settings=\"{&quot;background_background&quot;:&quot;classic&quot;,&quot;ekit_has_onepagescroll_dot&quot;:&quot;yes&quot;}\">\n\t\t\t\t\t\t\t<div class=\"elementor-background-overlay\"><\/div>\n\t\t\t\t\t\t\t<div class=\"elementor-container elementor-column-gap-default\">\n\t\t\t\t\t<div class=\"elementor-column elementor-col-100 elementor-top-column elementor-element elementor-element-108311f\" data-id=\"108311f\" data-element_type=\"column\" data-settings=\"{&quot;background_background&quot;:&quot;classic&quot;}\">\n\t\t\t<div class=\"elementor-widget-wrap elementor-element-populated\">\n\t\t\t\t\t\t<div class=\"elementor-element elementor-element-ec82eaf elementor-widget elementor-widget-heading\" data-id=\"ec82eaf\" data-element_type=\"widget\" data-settings=\"{&quot;ekit_we_effect_on&quot;:&quot;none&quot;}\" data-widget_type=\"heading.default\">\n\t\t\t\t<div class=\"elementor-widget-container\">\n\t\t\t\t\t<h1 class=\"elementor-heading-title elementor-size-default\">Genevi\u00e8ve Dech\u00eane, MD<\/h1>\t\t\t\t<\/div>\n\t\t\t\t<\/div>\n\t\t\t\t<div class=\"elementor-element elementor-element-52a4955 elementor-widget elementor-widget-elementskit-breadcrumb\" data-id=\"52a4955\" data-element_type=\"widget\" data-settings=\"{&quot;ekit_we_effect_on&quot;:&quot;none&quot;}\" data-widget_type=\"elementskit-breadcrumb.default\">\n\t\t\t\t<div class=\"elementor-widget-container\">\n\t\t\t\t\t<div class=\"ekit-wid-con\" ><ol class=\"ekit-breadcrumb\"><li class=\"ekit_breadcrumbs_start\"><a href=\"https:\/\/icardio.ca\/es\/\">Bienvenido<\/a><\/li> <li class=\"brd_sep\"> &raquo; <\/li>  <li>Genevi\u00e8ve Dech\u00eane, MD<\/li><\/ol><\/div>\t\t\t\t<\/div>\n\t\t\t\t<\/div>\n\t\t\t\t\t<\/div>\n\t\t<\/div>\n\t\t\t\t\t<\/div>\n\t\t<\/section>\n\t\t\t\t<section class=\"elementor-section elementor-top-section elementor-element elementor-element-12ee9961 elementor-section-boxed elementor-section-height-default elementor-section-height-default\" data-id=\"12ee9961\" data-element_type=\"section\" data-settings=\"{&quot;ekit_has_onepagescroll_dot&quot;:&quot;yes&quot;}\">\n\t\t\t\t\t\t<div class=\"elementor-container elementor-column-gap-default\">\n\t\t\t\t\t<div class=\"elementor-column elementor-col-66 elementor-top-column elementor-element elementor-element-41f0e84b\" data-id=\"41f0e84b\" data-element_type=\"column\" data-settings=\"{&quot;background_background&quot;:&quot;classic&quot;}\">\n\t\t\t<div class=\"elementor-widget-wrap elementor-element-populated\">\n\t\t\t\t\t<div class=\"elementor-background-overlay\"><\/div>\n\t\t\t\t\t\t<div class=\"elementor-element elementor-element-59a97610 elementor-widget elementor-widget-heading\" data-id=\"59a97610\" data-element_type=\"widget\" data-settings=\"{&quot;ekit_we_effect_on&quot;:&quot;none&quot;}\" data-widget_type=\"heading.default\">\n\t\t\t\t<div class=\"elementor-widget-container\">\n\t\t\t\t\t<h4 class=\"elementor-heading-title elementor-size-default\">Acerca de Genevi\u00e8ve Dech\u00eane<\/h4>\t\t\t\t<\/div>\n\t\t\t\t<\/div>\n\t\t\t\t<div class=\"elementor-element elementor-element-16a41f25 elementor-widget elementor-widget-text-editor\" data-id=\"16a41f25\" data-element_type=\"widget\" data-settings=\"{&quot;ekit_we_effect_on&quot;:&quot;none&quot;}\" data-widget_type=\"text-editor.default\">\n\t\t\t\t<div class=\"elementor-widget-container\">\n\t\t\t\t\t\t\t\t\t<p>La Dra. Genevi\u00e8ve Dech\u00eane es m\u00e9dica graduada en medicina familiar por la Universidad McGill (1982) y una figura destacada en el \u00e1mbito de los cuidados domiciliarios y los cuidados paliativos en Quebec.<\/p><p><strong>Compromiso acad\u00e9mico y ense\u00f1anza<\/strong><br \/>Como profesora adjunta de cl\u00ednica en la Facultad de Medicina de la Universidad de Montreal, Departamento de Medicina Familiar y Medicina de Urgencias, la Dra. Dech\u00eane forma parte del comit\u00e9 de transformaci\u00f3n de la ense\u00f1anza de los cuidados para personas mayores.<br \/>En 2013, fund\u00f3 una de las primeras unidades acad\u00e9micas interprofesionales de ense\u00f1anza de cuidados domiciliarios, reflejando su compromiso con la innovaci\u00f3n pedag\u00f3gica y las pr\u00e1cticas colaborativas.<\/p><p><strong>Contribuciones cl\u00ednicas y desarrollo de los cuidados domiciliarios<\/strong><br \/>Pionera en cuidados paliativos a domicilio, fund\u00f3 el equipo m\u00e9dico de cuidados paliativos a domicilio del CLSC de Verdun, reconocido como un modelo a nivel provincial. Tambi\u00e9n cre\u00f3 un equipo m\u00e9dico intensivo en el CLSC de Verdun y jug\u00f3 un papel clave en el dise\u00f1o e implementaci\u00f3n de los SIAD (Servicios Intensivos de Ayuda a Domicilio) en toda la provincia de Quebec. Con m\u00e1s de 30 a\u00f1os de experiencia atendiendo a pacientes en etapa terminal en sus hogares, sigue siendo una referencia clave en su campo.<\/p><p><strong>Trabajos cient\u00edficos y publicaciones<\/strong><br \/>La Dra. Dech\u00eane es coautora del <em>Pr\u00e9cis pratique de soins m\u00e9dicaux \u00e0 domicile<\/em>, publicado por la FMOQ en el a\u00f1o 2000, y directora cient\u00edfica de <em>Palli-Science<\/em>, un recurso en l\u00ednea dedicado a los profesionales franc\u00f3fonos en cuidados paliativos. Ha escrito textos sobre los 25 c\u00e1nceres m\u00e1s frecuentes y sobre el manejo del final de la vida en el contexto de insuficiencia org\u00e1nica.<\/p><p><strong>Implicaci\u00f3n comunitaria y rol medi\u00e1tico<\/strong><br \/>Adem\u00e1s de su pr\u00e1ctica cl\u00ednica como m\u00e9dica de familia en el GMF del Sud-Ouest de Verdun, la Dra. Dech\u00eane participa activamente en conferencias y colabora regularmente en los medios de comunicaci\u00f3n para promover los cuidados m\u00e9dicos interprofesionales a domicilio.<\/p><p><strong>Visi\u00f3n y legado<\/strong><br \/>Con su experiencia y liderazgo, la Dra. Dech\u00eane ha transformado profundamente los cuidados domiciliarios en Quebec, promoviendo un enfoque interprofesional y humano, e inspirando a sus colegas a seguir este camino.<\/p>\t\t\t\t\t\t\t\t<\/div>\n\t\t\t\t<\/div>\n\t\t\t\t\t<\/div>\n\t\t<\/div>\n\t\t\t\t<div class=\"elementor-column elementor-col-33 elementor-top-column elementor-element elementor-element-6f0e12d0\" data-id=\"6f0e12d0\" data-element_type=\"column\">\n\t\t\t<div class=\"elementor-widget-wrap elementor-element-populated\">\n\t\t\t\t\t\t<section class=\"elementor-section elementor-inner-section elementor-element elementor-element-6c4b2b57 elementor-section-boxed elementor-section-height-default elementor-section-height-default\" data-id=\"6c4b2b57\" data-element_type=\"section\" data-settings=\"{&quot;ekit_has_onepagescroll_dot&quot;:&quot;yes&quot;}\">\n\t\t\t\t\t\t<div class=\"elementor-container elementor-column-gap-default\">\n\t\t\t\t\t<div class=\"elementor-column elementor-col-100 elementor-inner-column elementor-element elementor-element-3ec586d2\" data-id=\"3ec586d2\" data-element_type=\"column\" data-settings=\"{&quot;background_background&quot;:&quot;classic&quot;}\">\n\t\t\t<div class=\"elementor-widget-wrap elementor-element-populated\">\n\t\t\t\t\t\t<div class=\"elementor-element elementor-element-64a6199 elementor-widget__width-auto elementor-widget elementor-widget-image\" data-id=\"64a6199\" data-element_type=\"widget\" data-settings=\"{&quot;ekit_we_effect_on&quot;:&quot;none&quot;}\" data-widget_type=\"image.default\">\n\t\t\t\t<div class=\"elementor-widget-container\">\n\t\t\t\t\t\t\t\t\t\t\t\t\t\t\t<img fetchpriority=\"high\" decoding=\"async\" width=\"260\" height=\"260\" src=\"https:\/\/icardio.ca\/wp-content\/uploads\/2024\/12\/Genevieve-Dechene.jpg\" class=\"attachment-full size-full wp-image-12532\" alt=\"\" srcset=\"https:\/\/icardio.ca\/wp-content\/uploads\/2024\/12\/Genevieve-Dechene.jpg 260w, https:\/\/icardio.ca\/wp-content\/uploads\/2024\/12\/Genevieve-Dechene-150x150.jpg 150w\" sizes=\"(max-width: 260px) 100vw, 260px\" \/>\t\t\t\t\t\t\t\t\t\t\t\t\t\t\t<\/div>\n\t\t\t\t<\/div>\n\t\t\t\t\t<\/div>\n\t\t<\/div>\n\t\t\t\t\t<\/div>\n\t\t<\/section>\n\t\t\t\t\t<\/div>\n\t\t<\/div>\n\t\t\t\t\t<\/div>\n\t\t<\/section>\n\t\t\t\t<section class=\"elementor-section elementor-top-section elementor-element elementor-element-55f8f2cd elementor-section-boxed elementor-section-height-default elementor-section-height-default\" data-id=\"55f8f2cd\" data-element_type=\"section\" data-settings=\"{&quot;background_background&quot;:&quot;classic&quot;,&quot;ekit_has_onepagescroll_dot&quot;:&quot;yes&quot;}\">\n\t\t\t\t\t\t\t<div class=\"elementor-background-overlay\"><\/div>\n\t\t\t\t\t\t\t<div class=\"elementor-container elementor-column-gap-default\">\n\t\t\t\t\t<div class=\"elementor-column elementor-col-100 elementor-top-column elementor-element elementor-element-7b713cd7\" data-id=\"7b713cd7\" data-element_type=\"column\">\n\t\t\t<div class=\"elementor-widget-wrap elementor-element-populated\">\n\t\t\t\t\t\t<div class=\"elementor-element elementor-element-d6468f3 elementor-widget elementor-widget-image\" data-id=\"d6468f3\" data-element_type=\"widget\" data-settings=\"{&quot;ekit_we_effect_on&quot;:&quot;none&quot;}\" data-widget_type=\"image.default\">\n\t\t\t\t<div class=\"elementor-widget-container\">\n\t\t\t\t\t\t\t\t\t\t\t\t\t\t\t<img decoding=\"async\" width=\"412\" height=\"145\" src=\"https:\/\/icardio.ca\/wp-content\/uploads\/2024\/02\/logo.png\" class=\"attachment-large size-large wp-image-2520\" alt=\"\" srcset=\"https:\/\/icardio.ca\/wp-content\/uploads\/2024\/02\/logo.png 412w, https:\/\/icardio.ca\/wp-content\/uploads\/2024\/02\/logo-300x106.png 300w\" sizes=\"(max-width: 412px) 100vw, 412px\" \/>\t\t\t\t\t\t\t\t\t\t\t\t\t\t\t<\/div>\n\t\t\t\t<\/div>\n\t\t\t\t<div class=\"elementor-element elementor-element-561b04b5 elementor-widget elementor-widget-heading\" data-id=\"561b04b5\" data-element_type=\"widget\" data-settings=\"{&quot;ekit_we_effect_on&quot;:&quot;none&quot;}\" data-widget_type=\"heading.default\">\n\t\t\t\t<div class=\"elementor-widget-container\">\n\t\t\t\t\t<h2 class=\"elementor-heading-title elementor-size-default\"><a href=\"https:\/\/icardio.ca\/es\/contacto\/\">\u00bfDeseas contactar a uno de nuestros colaboradores?<\/a><\/h2>\t\t\t\t<\/div>\n\t\t\t\t<\/div>\n\t\t\t\t<div class=\"elementor-element elementor-element-1a7113bb elementor-align-center elementor-widget elementor-widget-button\" data-id=\"1a7113bb\" data-element_type=\"widget\" data-settings=\"{&quot;ekit_we_effect_on&quot;:&quot;none&quot;}\" data-widget_type=\"button.default\">\n\t\t\t\t<div class=\"elementor-widget-container\">\n\t\t\t\t\t\t\t\t\t<div class=\"elementor-button-wrapper\">\n\t\t\t\t\t<a class=\"elementor-button elementor-button-link elementor-size-md\" href=\"https:\/\/icardio.ca\/es\/contacto\/\">\n\t\t\t\t\t\t<span class=\"elementor-button-content-wrapper\">\n\t\t\t\t\t\t\t\t\t<span class=\"elementor-button-text\">Cont\u00e1ctenos<\/span>\n\t\t\t\t\t<\/span>\n\t\t\t\t\t<\/a>\n\t\t\t\t<\/div>\n\t\t\t\t\t\t\t\t<\/div>\n\t\t\t\t<\/div>\n\t\t\t\t\t<\/div>\n\t\t<\/div>\n\t\t\t\t\t<\/div>\n\t\t<\/section>\n\t\t\t\t<\/div>\n\t\t","protected":false},"excerpt":{"rendered":"<p>Accueil Acerca de Genevi\u00e8ve Dech\u00eane La Dra. Genevi\u00e8ve Dech\u00eane es m\u00e9dica graduada en medicina familiar por la Universidad McGill (1982) y una figura destacada en el \u00e1mbito de los cuidados domiciliarios y los cuidados paliativos en Quebec. Compromiso acad\u00e9mico y ense\u00f1anzaComo profesora adjunta de cl\u00ednica en la Facultad de Medicina de la Universidad de Montreal, [&hellip;]<\/p>\n","protected":false},"author":4,"featured_media":12532,"parent":0,"menu_order":0,"comment_status":"closed","ping_status":"closed","template":"elementor_header_footer","meta":{"footnotes":""},"class_list":["post-10578","page","type-page","status-publish","has-post-thumbnail","hentry"],"_links":{"self":[{"href":"https:\/\/icardio.ca\/es\/wp-json\/wp\/v2\/pages\/10578","targetHints":{"allow":["GET"]}}],"collection":[{"href":"https:\/\/icardio.ca\/es\/wp-json\/wp\/v2\/pages"}],"about":[{"href":"https:\/\/icardio.ca\/es\/wp-json\/wp\/v2\/types\/page"}],"author":[{"embeddable":true,"href":"https:\/\/icardio.ca\/es\/wp-json\/wp\/v2\/users\/4"}],"replies":[{"embeddable":true,"href":"https:\/\/icardio.ca\/es\/wp-json\/wp\/v2\/comments?post=10578"}],"version-history":[{"count":4,"href":"https:\/\/icardio.ca\/es\/wp-json\/wp\/v2\/pages\/10578\/revisions"}],"predecessor-version":[{"id":10582,"href":"https:\/\/icardio.ca\/es\/wp-json\/wp\/v2\/pages\/10578\/revisions\/10582"}],"wp:featuredmedia":[{"embeddable":true,"href":"https:\/\/icardio.ca\/es\/wp-json\/wp\/v2\/media\/12532"}],"wp:attachment":[{"href":"https:\/\/icardio.ca\/es\/wp-json\/wp\/v2\/media?parent=10578"}],"curies":[{"name":"wp","href":"https:\/\/api.w.org\/{rel}","templated":true}]}}