{"id":9931,"date":"2024-12-04T19:33:39","date_gmt":"2024-12-05T00:33:39","guid":{"rendered":"https:\/\/icardio.ca\/vu-hung-quan-md-frcpc\/"},"modified":"2025-05-10T19:42:25","modified_gmt":"2025-05-10T23:42:25","slug":"vu-hung-quan-md-frcpc","status":"publish","type":"page","link":"https:\/\/icardio.ca\/en\/vu-hung-quan-md-frcpc\/","title":{"rendered":"Vu-Hung Quan, MD, FRCP(C)"},"content":{"rendered":"\t\t<div data-elementor-type=\"wp-page\" data-elementor-id=\"9931\" class=\"elementor elementor-9931 elementor-9922\" data-elementor-post-type=\"page\">\n\t\t\t\t\t\t<section class=\"elementor-section elementor-top-section elementor-element elementor-element-875a25b elementor-section-boxed elementor-section-height-default elementor-section-height-default\" data-id=\"875a25b\" data-element_type=\"section\" data-settings=\"{&quot;background_background&quot;:&quot;classic&quot;,&quot;ekit_has_onepagescroll_dot&quot;:&quot;yes&quot;}\">\n\t\t\t\t\t\t\t<div class=\"elementor-background-overlay\"><\/div>\n\t\t\t\t\t\t\t<div class=\"elementor-container elementor-column-gap-default\">\n\t\t\t\t\t<div class=\"elementor-column elementor-col-100 elementor-top-column elementor-element elementor-element-108311f\" data-id=\"108311f\" data-element_type=\"column\" data-settings=\"{&quot;background_background&quot;:&quot;classic&quot;}\">\n\t\t\t<div class=\"elementor-widget-wrap elementor-element-populated\">\n\t\t\t\t\t\t<div class=\"elementor-element elementor-element-ec82eaf elementor-widget elementor-widget-heading\" data-id=\"ec82eaf\" data-element_type=\"widget\" data-settings=\"{&quot;ekit_we_effect_on&quot;:&quot;none&quot;}\" data-widget_type=\"heading.default\">\n\t\t\t\t<div class=\"elementor-widget-container\">\n\t\t\t\t\t<h1 class=\"elementor-heading-title elementor-size-default\">Vu-Hung Quan, MD, FRCP(C)<\/h1>\t\t\t\t<\/div>\n\t\t\t\t<\/div>\n\t\t\t\t<div class=\"elementor-element elementor-element-52a4955 elementor-widget elementor-widget-elementskit-breadcrumb\" data-id=\"52a4955\" data-element_type=\"widget\" data-settings=\"{&quot;ekit_we_effect_on&quot;:&quot;none&quot;}\" data-widget_type=\"elementskit-breadcrumb.default\">\n\t\t\t\t<div class=\"elementor-widget-container\">\n\t\t\t\t\t<div class=\"ekit-wid-con\" ><ol class=\"ekit-breadcrumb\"><li class=\"ekit_breadcrumbs_start\"><a href=\"https:\/\/icardio.ca\/en\/\">Home<\/a><\/li> <li class=\"brd_sep\"> &raquo; <\/li>  <li>Vu-Hung Quan, MD, FRCP(C)<\/li><\/ol><\/div>\t\t\t\t<\/div>\n\t\t\t\t<\/div>\n\t\t\t\t\t<\/div>\n\t\t<\/div>\n\t\t\t\t\t<\/div>\n\t\t<\/section>\n\t\t\t\t<section class=\"elementor-section elementor-top-section elementor-element elementor-element-12ee9961 elementor-section-boxed elementor-section-height-default elementor-section-height-default\" data-id=\"12ee9961\" data-element_type=\"section\" data-settings=\"{&quot;ekit_has_onepagescroll_dot&quot;:&quot;yes&quot;}\">\n\t\t\t\t\t\t<div class=\"elementor-container elementor-column-gap-default\">\n\t\t\t\t\t<div class=\"elementor-column elementor-col-66 elementor-top-column elementor-element elementor-element-41f0e84b\" data-id=\"41f0e84b\" data-element_type=\"column\" data-settings=\"{&quot;background_background&quot;:&quot;classic&quot;}\">\n\t\t\t<div class=\"elementor-widget-wrap elementor-element-populated\">\n\t\t\t\t\t<div class=\"elementor-background-overlay\"><\/div>\n\t\t\t\t\t\t<div class=\"elementor-element elementor-element-59a97610 elementor-widget elementor-widget-heading\" data-id=\"59a97610\" data-element_type=\"widget\" data-settings=\"{&quot;ekit_we_effect_on&quot;:&quot;none&quot;}\" data-widget_type=\"heading.default\">\n\t\t\t\t<div class=\"elementor-widget-container\">\n\t\t\t\t\t<h4 class=\"elementor-heading-title elementor-size-default\">About Vu-Hung Quan<\/h4>\t\t\t\t<\/div>\n\t\t\t\t<\/div>\n\t\t\t\t<div class=\"elementor-element elementor-element-16a41f25 elementor-widget elementor-widget-text-editor\" data-id=\"16a41f25\" data-element_type=\"widget\" data-settings=\"{&quot;ekit_we_effect_on&quot;:&quot;none&quot;}\" data-widget_type=\"text-editor.default\">\n\t\t\t\t<div class=\"elementor-widget-container\">\n\t\t\t\t\t\t\t\t\t<p>Dr. Vu-Hung Quan earned his Doctor of Medicine degree from the Universit\u00e9 de Sherbrooke, followed by a cardiology residency at the Universit\u00e9 de Montr\u00e9al. He later pursued a subspecialization in interventional cardiology.<\/p><p>He honed his skills at the Montreal Heart Institute for one year before advancing to specialized training at Brigham and Women\u2019s Hospital, affiliated with Harvard University in Boston. Additionally, he completed a postdoctoral research fellowship at the Harvard-MIT Biomedical Engineering Center.<\/p><p>An active member of the CHUM since 2004, Dr. Quan practices general cardiology while focusing on coronary intervention, particularly the integration of new technologies.<\/p><p>From 2004 to 2024, he also served as an associate member at the Jean-Talon Hospital, where he was the Head of the Cardiology Department from 2007 to 2016.<\/p><p>As a Clinical Assistant Professor, Dr. Quan is actively involved in numerous clinical research projects at the CHUM Research Center (CR-CHUM), contributing to advancements in cardiology.<\/p>\t\t\t\t\t\t\t\t<\/div>\n\t\t\t\t<\/div>\n\t\t\t\t\t<\/div>\n\t\t<\/div>\n\t\t\t\t<div class=\"elementor-column elementor-col-33 elementor-top-column elementor-element elementor-element-6f0e12d0\" data-id=\"6f0e12d0\" data-element_type=\"column\">\n\t\t\t<div class=\"elementor-widget-wrap elementor-element-populated\">\n\t\t\t\t\t\t<section class=\"elementor-section elementor-inner-section elementor-element elementor-element-6c4b2b57 elementor-section-boxed elementor-section-height-default elementor-section-height-default\" data-id=\"6c4b2b57\" data-element_type=\"section\" data-settings=\"{&quot;ekit_has_onepagescroll_dot&quot;:&quot;yes&quot;}\">\n\t\t\t\t\t\t<div class=\"elementor-container elementor-column-gap-default\">\n\t\t\t\t\t<div class=\"elementor-column elementor-col-100 elementor-inner-column elementor-element elementor-element-3ec586d2\" data-id=\"3ec586d2\" data-element_type=\"column\" data-settings=\"{&quot;background_background&quot;:&quot;classic&quot;}\">\n\t\t\t<div class=\"elementor-widget-wrap elementor-element-populated\">\n\t\t\t\t\t\t<div class=\"elementor-element elementor-element-64a6199 elementor-widget__width-auto elementor-widget elementor-widget-image\" data-id=\"64a6199\" data-element_type=\"widget\" data-settings=\"{&quot;ekit_we_effect_on&quot;:&quot;none&quot;}\" data-widget_type=\"image.default\">\n\t\t\t\t<div class=\"elementor-widget-container\">\n\t\t\t\t\t\t\t\t\t\t\t\t\t\t\t<img fetchpriority=\"high\" decoding=\"async\" width=\"300\" height=\"353\" src=\"https:\/\/icardio.ca\/wp-content\/uploads\/2024\/12\/dr_vu_hung_quan.webp\" class=\"attachment-full size-full wp-image-9932\" alt=\"\" srcset=\"https:\/\/icardio.ca\/wp-content\/uploads\/2024\/12\/dr_vu_hung_quan.webp 300w, https:\/\/icardio.ca\/wp-content\/uploads\/2024\/12\/dr_vu_hung_quan-255x300.webp 255w\" sizes=\"(max-width: 300px) 100vw, 300px\" \/>\t\t\t\t\t\t\t\t\t\t\t\t\t\t\t<\/div>\n\t\t\t\t<\/div>\n\t\t\t\t\t<\/div>\n\t\t<\/div>\n\t\t\t\t\t<\/div>\n\t\t<\/section>\n\t\t\t\t\t<\/div>\n\t\t<\/div>\n\t\t\t\t\t<\/div>\n\t\t<\/section>\n\t\t\t\t<section class=\"elementor-section elementor-top-section elementor-element elementor-element-55f8f2cd elementor-section-boxed elementor-section-height-default elementor-section-height-default\" data-id=\"55f8f2cd\" data-element_type=\"section\" data-settings=\"{&quot;background_background&quot;:&quot;classic&quot;,&quot;ekit_has_onepagescroll_dot&quot;:&quot;yes&quot;}\">\n\t\t\t\t\t\t\t<div class=\"elementor-background-overlay\"><\/div>\n\t\t\t\t\t\t\t<div class=\"elementor-container elementor-column-gap-default\">\n\t\t\t\t\t<div class=\"elementor-column elementor-col-100 elementor-top-column elementor-element elementor-element-7b713cd7\" data-id=\"7b713cd7\" data-element_type=\"column\">\n\t\t\t<div class=\"elementor-widget-wrap elementor-element-populated\">\n\t\t\t\t\t\t<div class=\"elementor-element elementor-element-d6468f3 elementor-widget elementor-widget-image\" data-id=\"d6468f3\" data-element_type=\"widget\" data-settings=\"{&quot;ekit_we_effect_on&quot;:&quot;none&quot;}\" data-widget_type=\"image.default\">\n\t\t\t\t<div class=\"elementor-widget-container\">\n\t\t\t\t\t\t\t\t\t\t\t\t\t\t\t<img decoding=\"async\" width=\"412\" height=\"145\" src=\"https:\/\/icardio.ca\/wp-content\/uploads\/2024\/02\/logo.png\" class=\"attachment-large size-large wp-image-2519\" alt=\"\" srcset=\"https:\/\/icardio.ca\/wp-content\/uploads\/2024\/02\/logo.png 412w, https:\/\/icardio.ca\/wp-content\/uploads\/2024\/02\/logo-300x106.png 300w\" sizes=\"(max-width: 412px) 100vw, 412px\" \/>\t\t\t\t\t\t\t\t\t\t\t\t\t\t\t<\/div>\n\t\t\t\t<\/div>\n\t\t\t\t<div class=\"elementor-element elementor-element-561b04b5 elementor-widget elementor-widget-heading\" data-id=\"561b04b5\" data-element_type=\"widget\" data-settings=\"{&quot;ekit_we_effect_on&quot;:&quot;none&quot;}\" data-widget_type=\"heading.default\">\n\t\t\t\t<div class=\"elementor-widget-container\">\n\t\t\t\t\t<h2 class=\"elementor-heading-title elementor-size-default\"><a href=\"https:\/\/icardio.ca\/en\/contact\/\">Do you want to join our team?<\/a><\/h2>\t\t\t\t<\/div>\n\t\t\t\t<\/div>\n\t\t\t\t<div class=\"elementor-element elementor-element-1a7113bb elementor-align-center elementor-widget elementor-widget-button\" data-id=\"1a7113bb\" data-element_type=\"widget\" data-settings=\"{&quot;ekit_we_effect_on&quot;:&quot;none&quot;}\" data-widget_type=\"button.default\">\n\t\t\t\t<div class=\"elementor-widget-container\">\n\t\t\t\t\t\t\t\t\t<div class=\"elementor-button-wrapper\">\n\t\t\t\t\t<a class=\"elementor-button elementor-button-link elementor-size-md\" href=\"https:\/\/icardio.ca\/en\/contact\/\">\n\t\t\t\t\t\t<span class=\"elementor-button-content-wrapper\">\n\t\t\t\t\t\t\t\t\t<span class=\"elementor-button-text\">Contact Us<\/span>\n\t\t\t\t\t<\/span>\n\t\t\t\t\t<\/a>\n\t\t\t\t<\/div>\n\t\t\t\t\t\t\t\t<\/div>\n\t\t\t\t<\/div>\n\t\t\t\t\t<\/div>\n\t\t<\/div>\n\t\t\t\t\t<\/div>\n\t\t<\/section>\n\t\t\t\t<\/div>\n\t\t","protected":false},"excerpt":{"rendered":"<p>Accueil About Vu-Hung Quan Dr. Vu-Hung Quan earned his Doctor of Medicine degree from the Universit\u00e9 de Sherbrooke, followed by a cardiology residency at the Universit\u00e9 de Montr\u00e9al. He later pursued a subspecialization in interventional cardiology. He honed his skills at the Montreal Heart Institute for one year before advancing to specialized training at Brigham [&hellip;]<\/p>\n","protected":false},"author":4,"featured_media":9932,"parent":0,"menu_order":0,"comment_status":"closed","ping_status":"closed","template":"elementor_header_footer","meta":{"footnotes":""},"class_list":["post-9931","page","type-page","status-publish","has-post-thumbnail","hentry"],"_links":{"self":[{"href":"https:\/\/icardio.ca\/en\/wp-json\/wp\/v2\/pages\/9931","targetHints":{"allow":["GET"]}}],"collection":[{"href":"https:\/\/icardio.ca\/en\/wp-json\/wp\/v2\/pages"}],"about":[{"href":"https:\/\/icardio.ca\/en\/wp-json\/wp\/v2\/types\/page"}],"author":[{"embeddable":true,"href":"https:\/\/icardio.ca\/en\/wp-json\/wp\/v2\/users\/4"}],"replies":[{"embeddable":true,"href":"https:\/\/icardio.ca\/en\/wp-json\/wp\/v2\/comments?post=9931"}],"version-history":[{"count":4,"href":"https:\/\/icardio.ca\/en\/wp-json\/wp\/v2\/pages\/9931\/revisions"}],"predecessor-version":[{"id":9936,"href":"https:\/\/icardio.ca\/en\/wp-json\/wp\/v2\/pages\/9931\/revisions\/9936"}],"wp:featuredmedia":[{"embeddable":true,"href":"https:\/\/icardio.ca\/en\/wp-json\/wp\/v2\/media\/9932"}],"wp:attachment":[{"href":"https:\/\/icardio.ca\/en\/wp-json\/wp\/v2\/media?parent=9931"}],"curies":[{"name":"wp","href":"https:\/\/api.w.org\/{rel}","templated":true}]}}